{"id":25897,"date":"2025-09-02T17:11:30","date_gmt":"2025-09-02T17:11:30","guid":{"rendered":"https:\/\/bluebirdtourstravel.com\/product\/klein-curacao-tomando-el-sol-bajo-un-letrero-con-barra-libre-y-barbacoa-curazao\/"},"modified":"2025-09-29T11:15:43","modified_gmt":"2025-09-29T11:15:43","slug":"klein-curacao-tomando-el-sol-bajo-un-letrero-con-barra-libre-y-barbacoa-curazao","status":"publish","type":"product","link":"https:\/\/staging.bluebirdtourstravel.com\/es\/producto\/klein-curacao-tomando-el-sol-bajo-un-letrero-con-barra-libre-y-barbacoa-curazao\/","title":{"rendered":"Klein Curacao tomando el sol bajo un letrero con barra libre y barbacoa (Curazao)"},"content":{"rendered":"<p>A su llegada, tendr\u00e1 mucho tiempo para disfrutar de diversas actividades. Ya sea que elija nadar y bucear en las aguas cristalinas, tomar el sol en la arena suave o explorar el ic\u00f3nico faro rosa, los naufragios y las ruinas de la isla, hay algo para que todos disfruten.<br \/>\nDespu\u00e9s de tomar el sol y disfrutar de un suntuoso almuerzo buffet de barbacoa a bordo de nuestro catamar\u00e1n, comenzaremos nuestro viaje de regreso al continente.<br \/>\nMientras navegamos de regreso hacia Curazao, disfrutar\u00e1 de un encantador crucero al atardecer a lo largo de la costa este de la isla. Mientras est\u00e9 a bordo, nuestra atenta tripulaci\u00f3n lo mimar\u00e1 con bebidas refrescantes y m\u00fasica animada, creando el ambiente perfecto para una velada inolvidable. <\/p>\n","protected":false},"excerpt":{"rendered":"<p>Prep\u00e1rese para ser llevado a una isla deshabitada mientras zarpamos desde el continente de Curazao hasta la hermosa Klein Curazao. Mientras navegamos hacia Klein Cura\u00e7ao, ver\u00e1 el ic\u00f3nico faro rosa que se alza con orgullo en el horizonte y la atractiva playa de arena blanca nacarada pr\u00edstina que se extiende por millas. <\/p>\n","protected":false},"featured_media":19386,"comment_status":"closed","ping_status":"closed","template":"","meta":{"_acf_changed":false,"site-sidebar-layout":"default","site-content-layout":"","ast-site-content-layout":"default","site-content-style":"default","site-sidebar-style":"default","ast-global-header-display":"","ast-banner-title-visibility":"","ast-main-header-display":"","ast-hfb-above-header-display":"","ast-hfb-below-header-display":"","ast-hfb-mobile-header-display":"","site-post-title":"","ast-breadcrumbs-content":"","ast-featured-img":"","footer-sml-layout":"","ast-disable-related-posts":"","theme-transparent-header-meta":"","adv-header-id-meta":"","stick-header-meta":"","header-above-stick-meta":"","header-main-stick-meta":"","header-below-stick-meta":"","astra-migrate-meta-layouts":"default","ast-page-background-enabled":"default","ast-page-background-meta":{"desktop":{"background-color":"var(--ast-global-color-4)","background-image":"","background-repeat":"repeat","background-position":"center center","background-size":"auto","background-attachment":"scroll","background-type":"","background-media":"","overlay-type":"","overlay-color":"","overlay-opacity":"","overlay-gradient":""},"tablet":{"background-color":"","background-image":"","background-repeat":"repeat","background-position":"center center","background-size":"auto","background-attachment":"scroll","background-type":"","background-media":"","overlay-type":"","overlay-color":"","overlay-opacity":"","overlay-gradient":""},"mobile":{"background-color":"","background-image":"","background-repeat":"repeat","background-position":"center center","background-size":"auto","background-attachment":"scroll","background-type":"","background-media":"","overlay-type":"","overlay-color":"","overlay-opacity":"","overlay-gradient":""}},"ast-content-background-meta":{"desktop":{"background-color":"var(--ast-global-color-5)","background-image":"","background-repeat":"repeat","background-position":"center center","background-size":"auto","background-attachment":"scroll","background-type":"","background-media":"","overlay-type":"","overlay-color":"","overlay-opacity":"","overlay-gradient":""},"tablet":{"background-color":"var(--ast-global-color-5)","background-image":"","background-repeat":"repeat","background-position":"center center","background-size":"auto","background-attachment":"scroll","background-type":"","background-media":"","overlay-type":"","overlay-color":"","overlay-opacity":"","overlay-gradient":""},"mobile":{"background-color":"var(--ast-global-color-5)","background-image":"","background-repeat":"repeat","background-position":"center center","background-size":"auto","background-attachment":"scroll","background-type":"","background-media":"","overlay-type":"","overlay-color":"","overlay-opacity":"","overlay-gradient":""}}},"activiteit-bron":[574],"product_brand":[],"product_cat":[154,170],"product_tag":[172,257],"class_list":{"0":"post-25897","1":"product","2":"type-product","3":"status-publish","4":"has-post-thumbnail","6":"activiteit-bron-expedia","7":"product_cat-buceo-y-snorkel","8":"product_cat-curacao-es","9":"product_tag-curacao-es","10":"product_tag-snorkel-en-curacao","11":"desktop-align-left","12":"tablet-align-left","13":"mobile-align-left","15":"first","16":"instock","17":"virtual","18":"product-type-external"},"acf":[],"_links":{"self":[{"href":"https:\/\/staging.bluebirdtourstravel.com\/es\/wp-json\/wp\/v2\/product\/25897","targetHints":{"allow":["GET"]}}],"collection":[{"href":"https:\/\/staging.bluebirdtourstravel.com\/es\/wp-json\/wp\/v2\/product"}],"about":[{"href":"https:\/\/staging.bluebirdtourstravel.com\/es\/wp-json\/wp\/v2\/types\/product"}],"replies":[{"embeddable":true,"href":"https:\/\/staging.bluebirdtourstravel.com\/es\/wp-json\/wp\/v2\/comments?post=25897"}],"wp:featuredmedia":[{"embeddable":true,"href":"https:\/\/staging.bluebirdtourstravel.com\/es\/wp-json\/wp\/v2\/media\/19386"}],"wp:attachment":[{"href":"https:\/\/staging.bluebirdtourstravel.com\/es\/wp-json\/wp\/v2\/media?parent=25897"}],"wp:term":[{"taxonomy":"activiteit-bron","embeddable":true,"href":"https:\/\/staging.bluebirdtourstravel.com\/es\/wp-json\/wp\/v2\/activiteit-bron?post=25897"},{"taxonomy":"product_brand","embeddable":true,"href":"https:\/\/staging.bluebirdtourstravel.com\/es\/wp-json\/wp\/v2\/product_brand?post=25897"},{"taxonomy":"product_cat","embeddable":true,"href":"https:\/\/staging.bluebirdtourstravel.com\/es\/wp-json\/wp\/v2\/product_cat?post=25897"},{"taxonomy":"product_tag","embeddable":true,"href":"https:\/\/staging.bluebirdtourstravel.com\/es\/wp-json\/wp\/v2\/product_tag?post=25897"}],"curies":[{"name":"wp","href":"https:\/\/api.w.org\/{rel}","templated":true}]}}