{"id":26064,"date":"2025-09-02T17:13:07","date_gmt":"2025-09-02T17:13:07","guid":{"rendered":"https:\/\/bluebirdtourstravel.com\/product\/paquete-de-playa-para-un-evento-de-dia-perfecto-sint-maarten\/"},"modified":"2025-09-29T10:47:06","modified_gmt":"2025-09-29T10:47:06","slug":"paquete-de-playa-para-un-evento-de-dia-perfecto-sint-maarten","status":"publish","type":"product","link":"https:\/\/staging.bluebirdtourstravel.com\/es\/producto\/paquete-de-playa-para-un-evento-de-dia-perfecto-sint-maarten\/","title":{"rendered":"Paquete de playa para un evento de d\u00eda perfecto (Sint Maarten)"},"content":{"rendered":"<p>Playas de arena blanca y aguas turquesas le dan la bienvenida mientras elige su silla de playa para el d\u00eda bajo una sombrilla o bajo el sol. Cuando est\u00e9 listo, dir\u00edjase al oc\u00e9ano con el equipo de snorkel provisto para ver qu\u00e9 se esconde debajo de la superficie cerca de la costa. Nade hasta el helic\u00f3ptero hundido para ver una rara ocurrencia de un avi\u00f3n en el fondo del oc\u00e9ano.<br \/>\nVisita el centro de deportes acu\u00e1ticos para alquilar una canoa o paddleboard durante una hora y explorar las tranquilas aguas de la bah\u00eda. Cuando tengas hambre o necesites un c\u00f3ctel fr\u00edo, pasa por uno de los 2 restaurantes del hotel. Antes de que termine el d\u00eda, dir\u00edgete a la boutique para comprar algunos recuerdos para llevar a casa.  <\/p>\n","protected":false},"excerpt":{"rendered":"<p>Pase el d\u00eda en las playas de Divi Little Bay Resort, ubicado en una pen\u00ednsula entre Great Bay y Little Bay. Rel\u00e1jese en una tumbona, practique snorkel en las c\u00e1lidas aguas y explore la bah\u00eda en un kayak o tabla de remo. <\/p>\n","protected":false},"featured_media":24624,"comment_status":"closed","ping_status":"closed","template":"","meta":{"_acf_changed":false,"site-sidebar-layout":"default","site-content-layout":"","ast-site-content-layout":"default","site-content-style":"default","site-sidebar-style":"default","ast-global-header-display":"","ast-banner-title-visibility":"","ast-main-header-display":"","ast-hfb-above-header-display":"","ast-hfb-below-header-display":"","ast-hfb-mobile-header-display":"","site-post-title":"","ast-breadcrumbs-content":"","ast-featured-img":"","footer-sml-layout":"","ast-disable-related-posts":"","theme-transparent-header-meta":"","adv-header-id-meta":"","stick-header-meta":"","header-above-stick-meta":"","header-main-stick-meta":"","header-below-stick-meta":"","astra-migrate-meta-layouts":"default","ast-page-background-enabled":"default","ast-page-background-meta":{"desktop":{"background-color":"var(--ast-global-color-4)","background-image":"","background-repeat":"repeat","background-position":"center center","background-size":"auto","background-attachment":"scroll","background-type":"","background-media":"","overlay-type":"","overlay-color":"","overlay-opacity":"","overlay-gradient":""},"tablet":{"background-color":"","background-image":"","background-repeat":"repeat","background-position":"center center","background-size":"auto","background-attachment":"scroll","background-type":"","background-media":"","overlay-type":"","overlay-color":"","overlay-opacity":"","overlay-gradient":""},"mobile":{"background-color":"","background-image":"","background-repeat":"repeat","background-position":"center center","background-size":"auto","background-attachment":"scroll","background-type":"","background-media":"","overlay-type":"","overlay-color":"","overlay-opacity":"","overlay-gradient":""}},"ast-content-background-meta":{"desktop":{"background-color":"var(--ast-global-color-5)","background-image":"","background-repeat":"repeat","background-position":"center center","background-size":"auto","background-attachment":"scroll","background-type":"","background-media":"","overlay-type":"","overlay-color":"","overlay-opacity":"","overlay-gradient":""},"tablet":{"background-color":"var(--ast-global-color-5)","background-image":"","background-repeat":"repeat","background-position":"center center","background-size":"auto","background-attachment":"scroll","background-type":"","background-media":"","overlay-type":"","overlay-color":"","overlay-opacity":"","overlay-gradient":""},"mobile":{"background-color":"var(--ast-global-color-5)","background-image":"","background-repeat":"repeat","background-position":"center center","background-size":"auto","background-attachment":"scroll","background-type":"","background-media":"","overlay-type":"","overlay-color":"","overlay-opacity":"","overlay-gradient":""}}},"activiteit-bron":[574],"product_brand":[],"product_cat":[139,154,522],"product_tag":[477,212],"class_list":{"0":"post-26064","1":"product","2":"type-product","3":"status-publish","4":"has-post-thumbnail","6":"activiteit-bron-expedia","7":"product_cat-barcos-y-deportes-acuaticos","8":"product_cat-buceo-y-snorkel","9":"product_cat-san-martin","10":"product_tag-bucea-en-san-martin","11":"product_tag-san-martin","12":"desktop-align-left","13":"tablet-align-left","14":"mobile-align-left","16":"first","17":"instock","18":"virtual","19":"product-type-external"},"acf":[],"_links":{"self":[{"href":"https:\/\/staging.bluebirdtourstravel.com\/es\/wp-json\/wp\/v2\/product\/26064","targetHints":{"allow":["GET"]}}],"collection":[{"href":"https:\/\/staging.bluebirdtourstravel.com\/es\/wp-json\/wp\/v2\/product"}],"about":[{"href":"https:\/\/staging.bluebirdtourstravel.com\/es\/wp-json\/wp\/v2\/types\/product"}],"replies":[{"embeddable":true,"href":"https:\/\/staging.bluebirdtourstravel.com\/es\/wp-json\/wp\/v2\/comments?post=26064"}],"wp:featuredmedia":[{"embeddable":true,"href":"https:\/\/staging.bluebirdtourstravel.com\/es\/wp-json\/wp\/v2\/media\/24624"}],"wp:attachment":[{"href":"https:\/\/staging.bluebirdtourstravel.com\/es\/wp-json\/wp\/v2\/media?parent=26064"}],"wp:term":[{"taxonomy":"activiteit-bron","embeddable":true,"href":"https:\/\/staging.bluebirdtourstravel.com\/es\/wp-json\/wp\/v2\/activiteit-bron?post=26064"},{"taxonomy":"product_brand","embeddable":true,"href":"https:\/\/staging.bluebirdtourstravel.com\/es\/wp-json\/wp\/v2\/product_brand?post=26064"},{"taxonomy":"product_cat","embeddable":true,"href":"https:\/\/staging.bluebirdtourstravel.com\/es\/wp-json\/wp\/v2\/product_cat?post=26064"},{"taxonomy":"product_tag","embeddable":true,"href":"https:\/\/staging.bluebirdtourstravel.com\/es\/wp-json\/wp\/v2\/product_tag?post=26064"}],"curies":[{"name":"wp","href":"https:\/\/api.w.org\/{rel}","templated":true}]}}