{"id":26190,"date":"2025-09-02T17:14:57","date_gmt":"2025-09-02T17:14:57","guid":{"rendered":"https:\/\/bluebirdtourstravel.com\/product\/tour-alrededor-de-las-islas-con-snorkel-sint-maarten\/"},"modified":"2025-09-29T10:38:42","modified_gmt":"2025-09-29T10:38:42","slug":"tour-alrededor-de-las-islas-con-snorkel-sint-maarten","status":"publish","type":"product","link":"https:\/\/staging.bluebirdtourstravel.com\/es\/producto\/tour-alrededor-de-las-islas-con-snorkel-sint-maarten\/","title":{"rendered":"Tour alrededor de las islas con snorkel (Sint Maarten)"},"content":{"rendered":"<p>Salga del puerto deportivo del Simpson Bay Resort y dir\u00edjase a lo largo de la costa hacia el lado norte de St. Maarten, hasta la isla de Tintamarre, conocida como la \u00abIsla plana\u00bb. B\u00e1jese del bote y sum\u00e9rjase en las c\u00e1lidas aguas para bucear y nadar. Una vez que est\u00e9 listo para relajarse, tome un fideo y rel\u00e1jese junto a una hielera flotante llena de cerveza, refrescos y ron.<br \/>\nDespu\u00e9s de almorzar en Lolo Shack en Grand Case, dir\u00edjase a Pinel Island. La playa privada y las aguas tranquilas y poco profundas son perfectas para una mayor relajaci\u00f3n. D\u00e9 un paseo por la isla para observar aves y plantas nativas. De vuelta en el barco, disfrute de un crucero de regreso a Simpson Bay.   <\/p>\n","protected":false},"excerpt":{"rendered":"<p>Navegue a lo largo de la costa de St Maarten, dir\u00edjase hacia el norte para bucear en Creole Rock, luego a Tintemarre. Practique snorkel, nade y rel\u00e1jese en la playa de arena blanca de Tintemarre durante este agradable d\u00eda en el Santino. <\/p>\n","protected":false},"featured_media":22825,"comment_status":"closed","ping_status":"closed","template":"","meta":{"_acf_changed":false,"site-sidebar-layout":"default","site-content-layout":"","ast-site-content-layout":"default","site-content-style":"default","site-sidebar-style":"default","ast-global-header-display":"","ast-banner-title-visibility":"","ast-main-header-display":"","ast-hfb-above-header-display":"","ast-hfb-below-header-display":"","ast-hfb-mobile-header-display":"","site-post-title":"","ast-breadcrumbs-content":"","ast-featured-img":"","footer-sml-layout":"","ast-disable-related-posts":"","theme-transparent-header-meta":"","adv-header-id-meta":"","stick-header-meta":"","header-above-stick-meta":"","header-main-stick-meta":"","header-below-stick-meta":"","astra-migrate-meta-layouts":"default","ast-page-background-enabled":"default","ast-page-background-meta":{"desktop":{"background-color":"var(--ast-global-color-4)","background-image":"","background-repeat":"repeat","background-position":"center center","background-size":"auto","background-attachment":"scroll","background-type":"","background-media":"","overlay-type":"","overlay-color":"","overlay-opacity":"","overlay-gradient":""},"tablet":{"background-color":"","background-image":"","background-repeat":"repeat","background-position":"center center","background-size":"auto","background-attachment":"scroll","background-type":"","background-media":"","overlay-type":"","overlay-color":"","overlay-opacity":"","overlay-gradient":""},"mobile":{"background-color":"","background-image":"","background-repeat":"repeat","background-position":"center center","background-size":"auto","background-attachment":"scroll","background-type":"","background-media":"","overlay-type":"","overlay-color":"","overlay-opacity":"","overlay-gradient":""}},"ast-content-background-meta":{"desktop":{"background-color":"var(--ast-global-color-5)","background-image":"","background-repeat":"repeat","background-position":"center center","background-size":"auto","background-attachment":"scroll","background-type":"","background-media":"","overlay-type":"","overlay-color":"","overlay-opacity":"","overlay-gradient":""},"tablet":{"background-color":"var(--ast-global-color-5)","background-image":"","background-repeat":"repeat","background-position":"center center","background-size":"auto","background-attachment":"scroll","background-type":"","background-media":"","overlay-type":"","overlay-color":"","overlay-opacity":"","overlay-gradient":""},"mobile":{"background-color":"var(--ast-global-color-5)","background-image":"","background-repeat":"repeat","background-position":"center center","background-size":"auto","background-attachment":"scroll","background-type":"","background-media":"","overlay-type":"","overlay-color":"","overlay-opacity":"","overlay-gradient":""}}},"activiteit-bron":[574],"product_brand":[],"product_cat":[139,154,522],"product_tag":[477,158,474,473,212,141,483],"class_list":{"0":"post-26190","1":"product","2":"type-product","3":"status-publish","4":"has-post-thumbnail","6":"activiteit-bron-expedia","7":"product_cat-barcos-y-deportes-acuaticos","8":"product_cat-buceo-y-snorkel","9":"product_cat-san-martin","10":"product_tag-bucea-en-san-martin","11":"product_tag-deportes-acuaticos","12":"product_tag-deportes-acuaticos-en-san-martin","13":"product_tag-excursiones-en-barco-en-san-martin","14":"product_tag-san-martin","15":"product_tag-viajes-en-barco","16":"product_tag-visitas-en-san-martin","17":"desktop-align-left","18":"tablet-align-left","19":"mobile-align-left","21":"first","22":"instock","23":"virtual","24":"product-type-external"},"acf":[],"_links":{"self":[{"href":"https:\/\/staging.bluebirdtourstravel.com\/es\/wp-json\/wp\/v2\/product\/26190","targetHints":{"allow":["GET"]}}],"collection":[{"href":"https:\/\/staging.bluebirdtourstravel.com\/es\/wp-json\/wp\/v2\/product"}],"about":[{"href":"https:\/\/staging.bluebirdtourstravel.com\/es\/wp-json\/wp\/v2\/types\/product"}],"replies":[{"embeddable":true,"href":"https:\/\/staging.bluebirdtourstravel.com\/es\/wp-json\/wp\/v2\/comments?post=26190"}],"wp:featuredmedia":[{"embeddable":true,"href":"https:\/\/staging.bluebirdtourstravel.com\/es\/wp-json\/wp\/v2\/media\/22825"}],"wp:attachment":[{"href":"https:\/\/staging.bluebirdtourstravel.com\/es\/wp-json\/wp\/v2\/media?parent=26190"}],"wp:term":[{"taxonomy":"activiteit-bron","embeddable":true,"href":"https:\/\/staging.bluebirdtourstravel.com\/es\/wp-json\/wp\/v2\/activiteit-bron?post=26190"},{"taxonomy":"product_brand","embeddable":true,"href":"https:\/\/staging.bluebirdtourstravel.com\/es\/wp-json\/wp\/v2\/product_brand?post=26190"},{"taxonomy":"product_cat","embeddable":true,"href":"https:\/\/staging.bluebirdtourstravel.com\/es\/wp-json\/wp\/v2\/product_cat?post=26190"},{"taxonomy":"product_tag","embeddable":true,"href":"https:\/\/staging.bluebirdtourstravel.com\/es\/wp-json\/wp\/v2\/product_tag?post=26190"}],"curies":[{"name":"wp","href":"https:\/\/api.w.org\/{rel}","templated":true}]}}