{"id":26378,"date":"2025-09-08T11:00:58","date_gmt":"2025-09-08T11:00:58","guid":{"rendered":"https:\/\/bluebirdtourstravel.com\/product\/alquiler-privado-de-yate-a-motor-de-lujo-de-20-m-en-el-caribe-sint-maarten\/"},"modified":"2026-02-18T09:19:55","modified_gmt":"2026-02-18T09:19:55","slug":"alquiler-privado-de-yate-a-motor-de-lujo-de-20-m-en-el-caribe-sint-maarten","status":"publish","type":"product","link":"https:\/\/staging.bluebirdtourstravel.com\/es\/producto\/alquiler-privado-de-yate-a-motor-de-lujo-de-20-m-en-el-caribe-sint-maarten\/","title":{"rendered":"Alquiler privado de yate a motor de lujo de 20 m en el Caribe (Sint Maarten)"},"content":{"rendered":"","protected":false},"excerpt":{"rendered":"<p>Este yate est\u00e1 disponible para alquilar en la isla de Sint Maarten por un d\u00eda, medio d\u00eda, puesta de sol y navegaci\u00f3n entre las islas. Es un yate excepcionalmente c\u00f3modo, con una altura y anchura \u00fanicas para una excelente navegabilidad, un camarote atractivo y varias zonas de sombra. \u00a1Es el yate a motor semirr\u00edgido m\u00e1s grande del mundo para alquiler privado de un d\u00eda y con una capacidad \u00fanica de hasta 30 personas! Al embarcar, usted y su capit\u00e1n establecer\u00e1n un itinerario de navegaci\u00f3n en funci\u00f3n del clima con las mejores opciones y los lugares m\u00e1s hermosos para visitar. Est\u00e1 equipado con los \u00faltimos equipos de seguridad y se lleva a cabo un mantenimiento profesional regular a bordo. A bordo contamos con chalecos salvavidas para todas las edades, aletas ajustables, m\u00e1scaras y snorkels de buceo, fideos de nataci\u00f3n y colchones flotantes para su disfrute.     <\/p>\n","protected":false},"featured_media":21384,"comment_status":"closed","ping_status":"closed","template":"","meta":{"_acf_changed":false,"site-sidebar-layout":"default","site-content-layout":"","ast-site-content-layout":"default","site-content-style":"default","site-sidebar-style":"default","ast-global-header-display":"","ast-banner-title-visibility":"","ast-main-header-display":"","ast-hfb-above-header-display":"","ast-hfb-below-header-display":"","ast-hfb-mobile-header-display":"","site-post-title":"","ast-breadcrumbs-content":"","ast-featured-img":"","footer-sml-layout":"","ast-disable-related-posts":"","theme-transparent-header-meta":"default","adv-header-id-meta":"","stick-header-meta":"","header-above-stick-meta":"","header-main-stick-meta":"","header-below-stick-meta":"","astra-migrate-meta-layouts":"default","ast-page-background-enabled":"default","ast-page-background-meta":{"desktop":{"background-color":"var(--ast-global-color-4)","background-image":"","background-repeat":"repeat","background-position":"center center","background-size":"auto","background-attachment":"scroll","background-type":"","background-media":"","overlay-type":"","overlay-color":"","overlay-opacity":"","overlay-gradient":""},"tablet":{"background-color":"","background-image":"","background-repeat":"repeat","background-position":"center center","background-size":"auto","background-attachment":"scroll","background-type":"","background-media":"","overlay-type":"","overlay-color":"","overlay-opacity":"","overlay-gradient":""},"mobile":{"background-color":"","background-image":"","background-repeat":"repeat","background-position":"center center","background-size":"auto","background-attachment":"scroll","background-type":"","background-media":"","overlay-type":"","overlay-color":"","overlay-opacity":"","overlay-gradient":""}},"ast-content-background-meta":{"desktop":{"background-color":"var(--ast-global-color-5)","background-image":"","background-repeat":"repeat","background-position":"center center","background-size":"auto","background-attachment":"scroll","background-type":"","background-media":"","overlay-type":"","overlay-color":"","overlay-opacity":"","overlay-gradient":""},"tablet":{"background-color":"var(--ast-global-color-5)","background-image":"","background-repeat":"repeat","background-position":"center center","background-size":"auto","background-attachment":"scroll","background-type":"","background-media":"","overlay-type":"","overlay-color":"","overlay-opacity":"","overlay-gradient":""},"mobile":{"background-color":"var(--ast-global-color-5)","background-image":"","background-repeat":"repeat","background-position":"center center","background-size":"auto","background-attachment":"scroll","background-type":"","background-media":"","overlay-type":"","overlay-color":"","overlay-opacity":"","overlay-gradient":""}}},"activiteit-bron":[574],"product_brand":[],"product_cat":[139,154,522],"product_tag":[477,212],"class_list":{"0":"post-26378","1":"product","2":"type-product","3":"status-publish","4":"has-post-thumbnail","6":"activiteit-bron-expedia","7":"product_cat-barcos-y-deportes-acuaticos","8":"product_cat-buceo-y-snorkel","9":"product_cat-san-martin","10":"product_tag-bucea-en-san-martin","11":"product_tag-san-martin","12":"desktop-align-left","13":"tablet-align-left","14":"mobile-align-left","16":"first","17":"instock","18":"product-type-external"},"acf":[],"_links":{"self":[{"href":"https:\/\/staging.bluebirdtourstravel.com\/es\/wp-json\/wp\/v2\/product\/26378","targetHints":{"allow":["GET"]}}],"collection":[{"href":"https:\/\/staging.bluebirdtourstravel.com\/es\/wp-json\/wp\/v2\/product"}],"about":[{"href":"https:\/\/staging.bluebirdtourstravel.com\/es\/wp-json\/wp\/v2\/types\/product"}],"replies":[{"embeddable":true,"href":"https:\/\/staging.bluebirdtourstravel.com\/es\/wp-json\/wp\/v2\/comments?post=26378"}],"wp:featuredmedia":[{"embeddable":true,"href":"https:\/\/staging.bluebirdtourstravel.com\/es\/wp-json\/wp\/v2\/media\/21384"}],"wp:attachment":[{"href":"https:\/\/staging.bluebirdtourstravel.com\/es\/wp-json\/wp\/v2\/media?parent=26378"}],"wp:term":[{"taxonomy":"activiteit-bron","embeddable":true,"href":"https:\/\/staging.bluebirdtourstravel.com\/es\/wp-json\/wp\/v2\/activiteit-bron?post=26378"},{"taxonomy":"product_brand","embeddable":true,"href":"https:\/\/staging.bluebirdtourstravel.com\/es\/wp-json\/wp\/v2\/product_brand?post=26378"},{"taxonomy":"product_cat","embeddable":true,"href":"https:\/\/staging.bluebirdtourstravel.com\/es\/wp-json\/wp\/v2\/product_cat?post=26378"},{"taxonomy":"product_tag","embeddable":true,"href":"https:\/\/staging.bluebirdtourstravel.com\/es\/wp-json\/wp\/v2\/product_tag?post=26378"}],"curies":[{"name":"wp","href":"https:\/\/api.w.org\/{rel}","templated":true}]}}