{"id":26405,"date":"2025-09-08T11:03:19","date_gmt":"2025-09-08T11:03:19","guid":{"rendered":"https:\/\/bluebirdtourstravel.com\/product\/jollycat-felicidad-y-placer-sint-maarten\/"},"modified":"2025-09-29T11:12:12","modified_gmt":"2025-09-29T11:12:12","slug":"jollycat-felicidad-y-placer-sint-maarten","status":"publish","type":"product","link":"https:\/\/staging.bluebirdtourstravel.com\/es\/producto\/jollycat-felicidad-y-placer-sint-maarten\/","title":{"rendered":"JollyCat Felicidad y placer (Sint Maarten)"},"content":{"rendered":"<p>N\u00famero de viajeros para este tour<br \/>\nMin: 10<br \/>\nMax: 22<\/p>\n","protected":false},"excerpt":{"rendered":"<p>El Jolly Cat Bliss and Pleasure es una excursi\u00f3n de un d\u00eda en la que partimos del restaurante \u00abNo Where Special\u00bb. La hora de salida es a las 9:30 AM y regresaremos a las 5:00 PM. Se registrar\u00e1 en el restaurante \u00abNo Where Special\u00bb 30 minutos antes de la salida del recorrido. Disfruta de un hermoso viaje en velero mientras descubrimos las aguas turquesas a lo largo de la costa de St. Maarten. Haremos dos paradas en este recorrido. Nuestra primera parada es en Happy Bay. Sorpr\u00e9ndete y descubre peces de colores y tortugas mientras practicas snorkel. Luego navegamos hacia La Samanna. Divi\u00e9rtete saltando en nuestro trampol\u00edn. Rel\u00e1jese y acu\u00e9stese en nuestra cama flotante o deje que los fideos lo hagan flotar. En nuestro viaje de regreso, es posible que tengamos suerte y veamos aterrizar un avi\u00f3n muy cerca de la playa de Mullet Bay, una de nuestras atracciones m\u00e1s famosas. Luego navegaremos de regreso al restaurante \u00abNo Where Special\u00bb, donde te dejaremos recuerdos inolvidables que podr\u00e1s llevarte contigo.            <\/p>\n","protected":false},"featured_media":25083,"comment_status":"closed","ping_status":"closed","template":"","meta":{"_acf_changed":false,"site-sidebar-layout":"default","site-content-layout":"","ast-site-content-layout":"default","site-content-style":"default","site-sidebar-style":"default","ast-global-header-display":"","ast-banner-title-visibility":"","ast-main-header-display":"","ast-hfb-above-header-display":"","ast-hfb-below-header-display":"","ast-hfb-mobile-header-display":"","site-post-title":"","ast-breadcrumbs-content":"","ast-featured-img":"","footer-sml-layout":"","ast-disable-related-posts":"","theme-transparent-header-meta":"","adv-header-id-meta":"","stick-header-meta":"","header-above-stick-meta":"","header-main-stick-meta":"","header-below-stick-meta":"","astra-migrate-meta-layouts":"default","ast-page-background-enabled":"default","ast-page-background-meta":{"desktop":{"background-color":"var(--ast-global-color-4)","background-image":"","background-repeat":"repeat","background-position":"center center","background-size":"auto","background-attachment":"scroll","background-type":"","background-media":"","overlay-type":"","overlay-color":"","overlay-opacity":"","overlay-gradient":""},"tablet":{"background-color":"","background-image":"","background-repeat":"repeat","background-position":"center center","background-size":"auto","background-attachment":"scroll","background-type":"","background-media":"","overlay-type":"","overlay-color":"","overlay-opacity":"","overlay-gradient":""},"mobile":{"background-color":"","background-image":"","background-repeat":"repeat","background-position":"center center","background-size":"auto","background-attachment":"scroll","background-type":"","background-media":"","overlay-type":"","overlay-color":"","overlay-opacity":"","overlay-gradient":""}},"ast-content-background-meta":{"desktop":{"background-color":"var(--ast-global-color-5)","background-image":"","background-repeat":"repeat","background-position":"center center","background-size":"auto","background-attachment":"scroll","background-type":"","background-media":"","overlay-type":"","overlay-color":"","overlay-opacity":"","overlay-gradient":""},"tablet":{"background-color":"var(--ast-global-color-5)","background-image":"","background-repeat":"repeat","background-position":"center center","background-size":"auto","background-attachment":"scroll","background-type":"","background-media":"","overlay-type":"","overlay-color":"","overlay-opacity":"","overlay-gradient":""},"mobile":{"background-color":"var(--ast-global-color-5)","background-image":"","background-repeat":"repeat","background-position":"center center","background-size":"auto","background-attachment":"scroll","background-type":"","background-media":"","overlay-type":"","overlay-color":"","overlay-opacity":"","overlay-gradient":""}}},"activiteit-bron":[574],"product_brand":[],"product_cat":[139,154,522],"product_tag":[477,212],"class_list":{"0":"post-26405","1":"product","2":"type-product","3":"status-publish","4":"has-post-thumbnail","6":"activiteit-bron-expedia","7":"product_cat-barcos-y-deportes-acuaticos","8":"product_cat-buceo-y-snorkel","9":"product_cat-san-martin","10":"product_tag-bucea-en-san-martin","11":"product_tag-san-martin","12":"desktop-align-left","13":"tablet-align-left","14":"mobile-align-left","16":"first","17":"instock","18":"virtual","19":"product-type-external"},"acf":[],"_links":{"self":[{"href":"https:\/\/staging.bluebirdtourstravel.com\/es\/wp-json\/wp\/v2\/product\/26405","targetHints":{"allow":["GET"]}}],"collection":[{"href":"https:\/\/staging.bluebirdtourstravel.com\/es\/wp-json\/wp\/v2\/product"}],"about":[{"href":"https:\/\/staging.bluebirdtourstravel.com\/es\/wp-json\/wp\/v2\/types\/product"}],"replies":[{"embeddable":true,"href":"https:\/\/staging.bluebirdtourstravel.com\/es\/wp-json\/wp\/v2\/comments?post=26405"}],"wp:featuredmedia":[{"embeddable":true,"href":"https:\/\/staging.bluebirdtourstravel.com\/es\/wp-json\/wp\/v2\/media\/25083"}],"wp:attachment":[{"href":"https:\/\/staging.bluebirdtourstravel.com\/es\/wp-json\/wp\/v2\/media?parent=26405"}],"wp:term":[{"taxonomy":"activiteit-bron","embeddable":true,"href":"https:\/\/staging.bluebirdtourstravel.com\/es\/wp-json\/wp\/v2\/activiteit-bron?post=26405"},{"taxonomy":"product_brand","embeddable":true,"href":"https:\/\/staging.bluebirdtourstravel.com\/es\/wp-json\/wp\/v2\/product_brand?post=26405"},{"taxonomy":"product_cat","embeddable":true,"href":"https:\/\/staging.bluebirdtourstravel.com\/es\/wp-json\/wp\/v2\/product_cat?post=26405"},{"taxonomy":"product_tag","embeddable":true,"href":"https:\/\/staging.bluebirdtourstravel.com\/es\/wp-json\/wp\/v2\/product_tag?post=26405"}],"curies":[{"name":"wp","href":"https:\/\/api.w.org\/{rel}","templated":true}]}}