{"id":26429,"date":"2025-09-08T11:09:06","date_gmt":"2025-09-08T11:09:06","guid":{"rendered":"https:\/\/bluebirdtourstravel.com\/product\/aventura-aerea-y-tour-en-tirolesa-san-martin\/"},"modified":"2025-09-08T11:09:06","modified_gmt":"2025-09-08T11:09:06","slug":"aventura-aerea-y-tour-en-tirolesa-san-martin","status":"publish","type":"product","link":"https:\/\/staging.bluebirdtourstravel.com\/es\/producto\/aventura-aerea-y-tour-en-tirolesa-san-martin\/","title":{"rendered":"Aventura a\u00e9rea y tour en tirolesa (San Mart\u00edn)"},"content":{"rendered":"<p>Lo acompa\u00f1ar\u00e1n en una corta caminata hasta la estaci\u00f3n de transferencia. Despu\u00e9s de una orientaci\u00f3n, se pondr\u00e1 su equipo de seguridad y el sistema de arn\u00e9s para su emocionante vuelo en tirolesa de Sentry Hill sobre la cresta. Para completar su emocionante viaje, disfrute de un paseo final en el Sky Explorer para ver c\u00f3mo se desarrolla el panorama de la magn\u00edfica finca Emilio Wilson mientras se desliza sobre la monta\u00f1a hasta el \u00e1rea base. Despu\u00e9s de su experiencia de aventura, los recuerdos y las fotos de las atracciones est\u00e1n disponibles en la tienda. Ubicado entre aut\u00e9nticas murallas coloniales antiguas, el restaurante Emilio&#8217;s ofrece un men\u00fa de favoritos cl\u00e1sicos con un nuevo giro. Los alimentos y bebidas est\u00e1n disponibles para su compra.     <\/p>\n","protected":false},"excerpt":{"rendered":"<p>\u00a1Las nuevas atracciones m\u00e1s emocionantes del Caribe Oriental! Cada aventura comienza en la casa de la plantaci\u00f3n restaurada construida originalmente en el siglo XVIII. El Museo cuenta la poderosa historia de Trace Wilson, quien naci\u00f3 en la esclavitud, y su descendiente directo Emilio Wilson. Ver\u00e1 im\u00e1genes de c\u00f3mo era la vida en una plantaci\u00f3n y aprender\u00e1 m\u00e1s sobre las costumbres, tradiciones, estilo de vida e historias. Suba a bordo del Sky Explorer para el viaje de aproximadamente 25 minutos hasta la cima de Sentry Hill; uno de los puntos m\u00e1s altos de St. Maarten a 1,125 pies. La experiencia incluye dos telesillas y una serie de plataformas que rodean la cima de la monta\u00f1a, ofreciendo vistas de 360 grados de la isla, incluidas vistas de las islas vecinas de Saba, San Eustaquio, San Bartolom\u00e9 y Anguila.        <\/p>\n","protected":false},"featured_media":23366,"comment_status":"closed","ping_status":"closed","template":"","meta":{"_acf_changed":false,"site-sidebar-layout":"default","site-content-layout":"","ast-site-content-layout":"default","site-content-style":"default","site-sidebar-style":"default","ast-global-header-display":"","ast-banner-title-visibility":"","ast-main-header-display":"","ast-hfb-above-header-display":"","ast-hfb-below-header-display":"","ast-hfb-mobile-header-display":"","site-post-title":"","ast-breadcrumbs-content":"","ast-featured-img":"","footer-sml-layout":"","ast-disable-related-posts":"","theme-transparent-header-meta":"","adv-header-id-meta":"","stick-header-meta":"","header-above-stick-meta":"","header-main-stick-meta":"","header-below-stick-meta":"","astra-migrate-meta-layouts":"default","ast-page-background-enabled":"default","ast-page-background-meta":{"desktop":{"background-color":"var(--ast-global-color-4)","background-image":"","background-repeat":"repeat","background-position":"center center","background-size":"auto","background-attachment":"scroll","background-type":"","background-media":"","overlay-type":"","overlay-color":"","overlay-opacity":"","overlay-gradient":""},"tablet":{"background-color":"","background-image":"","background-repeat":"repeat","background-position":"center center","background-size":"auto","background-attachment":"scroll","background-type":"","background-media":"","overlay-type":"","overlay-color":"","overlay-opacity":"","overlay-gradient":""},"mobile":{"background-color":"","background-image":"","background-repeat":"repeat","background-position":"center center","background-size":"auto","background-attachment":"scroll","background-type":"","background-media":"","overlay-type":"","overlay-color":"","overlay-opacity":"","overlay-gradient":""}},"ast-content-background-meta":{"desktop":{"background-color":"var(--ast-global-color-5)","background-image":"","background-repeat":"repeat","background-position":"center center","background-size":"auto","background-attachment":"scroll","background-type":"","background-media":"","overlay-type":"","overlay-color":"","overlay-opacity":"","overlay-gradient":""},"tablet":{"background-color":"var(--ast-global-color-5)","background-image":"","background-repeat":"repeat","background-position":"center center","background-size":"auto","background-attachment":"scroll","background-type":"","background-media":"","overlay-type":"","overlay-color":"","overlay-opacity":"","overlay-gradient":""},"mobile":{"background-color":"var(--ast-global-color-5)","background-image":"","background-repeat":"repeat","background-position":"center center","background-size":"auto","background-attachment":"scroll","background-type":"","background-media":"","overlay-type":"","overlay-color":"","overlay-opacity":"","overlay-gradient":""}}},"activiteit-bron":[574],"product_brand":[],"product_cat":[522],"product_tag":[212],"class_list":{"0":"post-26429","1":"product","2":"type-product","3":"status-publish","4":"has-post-thumbnail","6":"activiteit-bron-expedia","7":"product_cat-san-martin","8":"product_tag-san-martin","9":"desktop-align-left","10":"tablet-align-left","11":"mobile-align-left","13":"first","14":"instock","15":"virtual","16":"product-type-external"},"acf":[],"_links":{"self":[{"href":"https:\/\/staging.bluebirdtourstravel.com\/es\/wp-json\/wp\/v2\/product\/26429","targetHints":{"allow":["GET"]}}],"collection":[{"href":"https:\/\/staging.bluebirdtourstravel.com\/es\/wp-json\/wp\/v2\/product"}],"about":[{"href":"https:\/\/staging.bluebirdtourstravel.com\/es\/wp-json\/wp\/v2\/types\/product"}],"replies":[{"embeddable":true,"href":"https:\/\/staging.bluebirdtourstravel.com\/es\/wp-json\/wp\/v2\/comments?post=26429"}],"wp:featuredmedia":[{"embeddable":true,"href":"https:\/\/staging.bluebirdtourstravel.com\/es\/wp-json\/wp\/v2\/media\/23366"}],"wp:attachment":[{"href":"https:\/\/staging.bluebirdtourstravel.com\/es\/wp-json\/wp\/v2\/media?parent=26429"}],"wp:term":[{"taxonomy":"activiteit-bron","embeddable":true,"href":"https:\/\/staging.bluebirdtourstravel.com\/es\/wp-json\/wp\/v2\/activiteit-bron?post=26429"},{"taxonomy":"product_brand","embeddable":true,"href":"https:\/\/staging.bluebirdtourstravel.com\/es\/wp-json\/wp\/v2\/product_brand?post=26429"},{"taxonomy":"product_cat","embeddable":true,"href":"https:\/\/staging.bluebirdtourstravel.com\/es\/wp-json\/wp\/v2\/product_cat?post=26429"},{"taxonomy":"product_tag","embeddable":true,"href":"https:\/\/staging.bluebirdtourstravel.com\/es\/wp-json\/wp\/v2\/product_tag?post=26429"}],"curies":[{"name":"wp","href":"https:\/\/api.w.org\/{rel}","templated":true}]}}