{"id":26518,"date":"2025-09-08T11:07:55","date_gmt":"2025-09-08T11:07:55","guid":{"rendered":"https:\/\/bluebirdtourstravel.com\/product\/tour-semiprivado-en-bicicleta-por-el-patrimonio-cultural-de-san-nicolas-aruba\/"},"modified":"2025-09-08T11:07:55","modified_gmt":"2025-09-08T11:07:55","slug":"tour-semiprivado-en-bicicleta-por-el-patrimonio-cultural-de-san-nicolas-aruba","status":"publish","type":"product","link":"https:\/\/staging.bluebirdtourstravel.com\/es\/producto\/tour-semiprivado-en-bicicleta-por-el-patrimonio-cultural-de-san-nicolas-aruba\/","title":{"rendered":"Tour semiprivado en bicicleta por el patrimonio cultural de San Nicol\u00e1s (Aruba)"},"content":{"rendered":"<p>Navegue por playas impresionantes como Eagle Beach, Druif Beach, Bushiri Beach, Surfside Beach, Mangel Halto y Santo Largo mientras su gu\u00eda comparte la historia de Aruba. Admire los puentes que conectan las \u00abdos mitades\u00bb de Aruba (Pabow di Bridge y Pariba di Bridge) y visite lugares emblem\u00e1ticos como Sero Tijshi, Spanish Lagoon y Savaneta.<br \/>\nEn San Nicol\u00e1s, el distrito art\u00edstico de Aruba, disfrute de una parada de 30 a 60 minutos para refrescarse en un caf\u00e9 o explorar los vibrantes murales y galer\u00edas. Aprenda sobre \u00abLAGO\u00bb, una importante refiner\u00eda de la Segunda Guerra Mundial, mientras experimenta la cultura de Aruba de una manera sostenible.  <\/p>\n","protected":false},"excerpt":{"rendered":"<p>Descubra la cultura y la belleza de Aruba con STEZO Tours durante la Experiencia en bicicleta el\u00e9ctrica del patrimonio cultural de San Nicol\u00e1s, una aventura de 4 a 5 horas en grupos peque\u00f1os que es ecol\u00f3gicamente responsable e \u00edntima. Este recorrido lo lleva fuera de los caminos trillados, desde vibrantes calles urbanas hasta senderos rurales, pintorescas carreteras costeras y vecindarios locales, todo en bicicletas el\u00e9ctricas de \u00faltima generaci\u00f3n. Los grupos peque\u00f1os garantizan una experiencia personalizada con menos impacto ambiental y m\u00e1s tiempo para conectarse con la belleza natural de Aruba.  <\/p>\n","protected":false},"featured_media":25846,"comment_status":"closed","ping_status":"closed","template":"","meta":{"_acf_changed":false,"site-sidebar-layout":"default","site-content-layout":"","ast-site-content-layout":"default","site-content-style":"default","site-sidebar-style":"default","ast-global-header-display":"","ast-banner-title-visibility":"","ast-main-header-display":"","ast-hfb-above-header-display":"","ast-hfb-below-header-display":"","ast-hfb-mobile-header-display":"","site-post-title":"","ast-breadcrumbs-content":"","ast-featured-img":"","footer-sml-layout":"","ast-disable-related-posts":"","theme-transparent-header-meta":"","adv-header-id-meta":"","stick-header-meta":"","header-above-stick-meta":"","header-main-stick-meta":"","header-below-stick-meta":"","astra-migrate-meta-layouts":"default","ast-page-background-enabled":"default","ast-page-background-meta":{"desktop":{"background-color":"var(--ast-global-color-4)","background-image":"","background-repeat":"repeat","background-position":"center center","background-size":"auto","background-attachment":"scroll","background-type":"","background-media":"","overlay-type":"","overlay-color":"","overlay-opacity":"","overlay-gradient":""},"tablet":{"background-color":"","background-image":"","background-repeat":"repeat","background-position":"center center","background-size":"auto","background-attachment":"scroll","background-type":"","background-media":"","overlay-type":"","overlay-color":"","overlay-opacity":"","overlay-gradient":""},"mobile":{"background-color":"","background-image":"","background-repeat":"repeat","background-position":"center center","background-size":"auto","background-attachment":"scroll","background-type":"","background-media":"","overlay-type":"","overlay-color":"","overlay-opacity":"","overlay-gradient":""}},"ast-content-background-meta":{"desktop":{"background-color":"var(--ast-global-color-5)","background-image":"","background-repeat":"repeat","background-position":"center center","background-size":"auto","background-attachment":"scroll","background-type":"","background-media":"","overlay-type":"","overlay-color":"","overlay-opacity":"","overlay-gradient":""},"tablet":{"background-color":"var(--ast-global-color-5)","background-image":"","background-repeat":"repeat","background-position":"center center","background-size":"auto","background-attachment":"scroll","background-type":"","background-media":"","overlay-type":"","overlay-color":"","overlay-opacity":"","overlay-gradient":""},"mobile":{"background-color":"var(--ast-global-color-5)","background-image":"","background-repeat":"repeat","background-position":"center center","background-size":"auto","background-attachment":"scroll","background-type":"","background-media":"","overlay-type":"","overlay-color":"","overlay-opacity":"","overlay-gradient":""}}},"activiteit-bron":[574],"product_brand":[],"product_cat":[181],"product_tag":[182],"class_list":{"0":"post-26518","1":"product","2":"type-product","3":"status-publish","4":"has-post-thumbnail","6":"activiteit-bron-expedia","7":"product_cat-aruba-es","8":"product_tag-aruba-es","9":"desktop-align-left","10":"tablet-align-left","11":"mobile-align-left","13":"first","14":"instock","15":"virtual","16":"product-type-external"},"acf":[],"_links":{"self":[{"href":"https:\/\/staging.bluebirdtourstravel.com\/es\/wp-json\/wp\/v2\/product\/26518","targetHints":{"allow":["GET"]}}],"collection":[{"href":"https:\/\/staging.bluebirdtourstravel.com\/es\/wp-json\/wp\/v2\/product"}],"about":[{"href":"https:\/\/staging.bluebirdtourstravel.com\/es\/wp-json\/wp\/v2\/types\/product"}],"replies":[{"embeddable":true,"href":"https:\/\/staging.bluebirdtourstravel.com\/es\/wp-json\/wp\/v2\/comments?post=26518"}],"wp:featuredmedia":[{"embeddable":true,"href":"https:\/\/staging.bluebirdtourstravel.com\/es\/wp-json\/wp\/v2\/media\/25846"}],"wp:attachment":[{"href":"https:\/\/staging.bluebirdtourstravel.com\/es\/wp-json\/wp\/v2\/media?parent=26518"}],"wp:term":[{"taxonomy":"activiteit-bron","embeddable":true,"href":"https:\/\/staging.bluebirdtourstravel.com\/es\/wp-json\/wp\/v2\/activiteit-bron?post=26518"},{"taxonomy":"product_brand","embeddable":true,"href":"https:\/\/staging.bluebirdtourstravel.com\/es\/wp-json\/wp\/v2\/product_brand?post=26518"},{"taxonomy":"product_cat","embeddable":true,"href":"https:\/\/staging.bluebirdtourstravel.com\/es\/wp-json\/wp\/v2\/product_cat?post=26518"},{"taxonomy":"product_tag","embeddable":true,"href":"https:\/\/staging.bluebirdtourstravel.com\/es\/wp-json\/wp\/v2\/product_tag?post=26518"}],"curies":[{"name":"wp","href":"https:\/\/api.w.org\/{rel}","templated":true}]}}