{"id":26528,"date":"2025-09-08T11:07:48","date_gmt":"2025-09-08T11:07:48","guid":{"rendered":"https:\/\/bluebirdtourstravel.com\/product\/aventura-en-cuatrimoto-por-la-costa-norte-tour-por-el-desierto-y-la-playa-aruba\/"},"modified":"2025-09-30T10:35:51","modified_gmt":"2025-09-30T10:35:51","slug":"aventura-en-cuatrimoto-por-la-costa-norte-tour-por-el-desierto-y-la-playa-aruba","status":"publish","type":"product","link":"https:\/\/staging.bluebirdtourstravel.com\/es\/producto\/aventura-en-cuatrimoto-por-la-costa-norte-tour-por-el-desierto-y-la-playa-aruba\/","title":{"rendered":"Aventura en cuatrimoto por la costa norte: tour por el desierto y la playa (Aruba)"},"content":{"rendered":"","protected":false},"excerpt":{"rendered":"<p>Conduzca a lo largo de la costa norte de Aruba a bordo de un veh\u00edculo todo terreno individual o doble en este tour de medio d\u00eda. Levanta polvo mientras tu veh\u00edculo todo terreno te lleva a trav\u00e9s de carreteras secundarias escarpadas, el desierto, acantilados marinos y playas. Tome hermosas fotos mientras visita la Capilla Alto Vista, el Puente Natural Baby, las ruinas del Molino de Oro Bushiribana y la Piscina de la Cueva. Termine el viaje con un refrescante ba\u00f1o en la piscina de la cueva. Se incluye la recogida y devoluci\u00f3n en la mayor\u00eda de los hoteles de Aruba.    <\/p>\n","protected":false},"featured_media":9028,"comment_status":"closed","ping_status":"closed","template":"","meta":{"_acf_changed":false,"site-sidebar-layout":"default","site-content-layout":"","ast-site-content-layout":"default","site-content-style":"default","site-sidebar-style":"default","ast-global-header-display":"","ast-banner-title-visibility":"","ast-main-header-display":"","ast-hfb-above-header-display":"","ast-hfb-below-header-display":"","ast-hfb-mobile-header-display":"","site-post-title":"","ast-breadcrumbs-content":"","ast-featured-img":"","footer-sml-layout":"","ast-disable-related-posts":"","theme-transparent-header-meta":"","adv-header-id-meta":"","stick-header-meta":"","header-above-stick-meta":"","header-main-stick-meta":"","header-below-stick-meta":"","astra-migrate-meta-layouts":"default","ast-page-background-enabled":"default","ast-page-background-meta":{"desktop":{"background-color":"var(--ast-global-color-4)","background-image":"","background-repeat":"repeat","background-position":"center center","background-size":"auto","background-attachment":"scroll","background-type":"","background-media":"","overlay-type":"","overlay-color":"","overlay-opacity":"","overlay-gradient":""},"tablet":{"background-color":"","background-image":"","background-repeat":"repeat","background-position":"center center","background-size":"auto","background-attachment":"scroll","background-type":"","background-media":"","overlay-type":"","overlay-color":"","overlay-opacity":"","overlay-gradient":""},"mobile":{"background-color":"","background-image":"","background-repeat":"repeat","background-position":"center center","background-size":"auto","background-attachment":"scroll","background-type":"","background-media":"","overlay-type":"","overlay-color":"","overlay-opacity":"","overlay-gradient":""}},"ast-content-background-meta":{"desktop":{"background-color":"var(--ast-global-color-5)","background-image":"","background-repeat":"repeat","background-position":"center center","background-size":"auto","background-attachment":"scroll","background-type":"","background-media":"","overlay-type":"","overlay-color":"","overlay-opacity":"","overlay-gradient":""},"tablet":{"background-color":"var(--ast-global-color-5)","background-image":"","background-repeat":"repeat","background-position":"center center","background-size":"auto","background-attachment":"scroll","background-type":"","background-media":"","overlay-type":"","overlay-color":"","overlay-opacity":"","overlay-gradient":""},"mobile":{"background-color":"var(--ast-global-color-5)","background-image":"","background-repeat":"repeat","background-position":"center center","background-size":"auto","background-attachment":"scroll","background-type":"","background-media":"","overlay-type":"","overlay-color":"","overlay-opacity":"","overlay-gradient":""}}},"activiteit-bron":[574],"product_brand":[],"product_cat":[181,169],"product_tag":[398,182,231,140,246,393,230,378],"class_list":{"0":"post-26528","1":"product","2":"type-product","3":"status-publish","4":"has-post-thumbnail","6":"activiteit-bron-expedia","7":"product_cat-aruba-es","8":"product_cat-atvs-y-utvs","9":"product_tag-actividades-al-aire-libre-en-aruba","10":"product_tag-aruba-es","11":"product_tag-atv-es","12":"product_tag-aventurero","13":"product_tag-excursiones-en-aruba","14":"product_tag-naturaleza-en-aruba","15":"product_tag-quad-es","16":"product_tag-todoterrenos-en-aruba","17":"desktop-align-left","18":"tablet-align-left","19":"mobile-align-left","21":"first","22":"instock","23":"virtual","24":"product-type-external"},"acf":[],"_links":{"self":[{"href":"https:\/\/staging.bluebirdtourstravel.com\/es\/wp-json\/wp\/v2\/product\/26528","targetHints":{"allow":["GET"]}}],"collection":[{"href":"https:\/\/staging.bluebirdtourstravel.com\/es\/wp-json\/wp\/v2\/product"}],"about":[{"href":"https:\/\/staging.bluebirdtourstravel.com\/es\/wp-json\/wp\/v2\/types\/product"}],"replies":[{"embeddable":true,"href":"https:\/\/staging.bluebirdtourstravel.com\/es\/wp-json\/wp\/v2\/comments?post=26528"}],"wp:featuredmedia":[{"embeddable":true,"href":"https:\/\/staging.bluebirdtourstravel.com\/es\/wp-json\/wp\/v2\/media\/9028"}],"wp:attachment":[{"href":"https:\/\/staging.bluebirdtourstravel.com\/es\/wp-json\/wp\/v2\/media?parent=26528"}],"wp:term":[{"taxonomy":"activiteit-bron","embeddable":true,"href":"https:\/\/staging.bluebirdtourstravel.com\/es\/wp-json\/wp\/v2\/activiteit-bron?post=26528"},{"taxonomy":"product_brand","embeddable":true,"href":"https:\/\/staging.bluebirdtourstravel.com\/es\/wp-json\/wp\/v2\/product_brand?post=26528"},{"taxonomy":"product_cat","embeddable":true,"href":"https:\/\/staging.bluebirdtourstravel.com\/es\/wp-json\/wp\/v2\/product_cat?post=26528"},{"taxonomy":"product_tag","embeddable":true,"href":"https:\/\/staging.bluebirdtourstravel.com\/es\/wp-json\/wp\/v2\/product_tag?post=26528"}],"curies":[{"name":"wp","href":"https:\/\/api.w.org\/{rel}","templated":true}]}}