{"id":26562,"date":"2025-09-08T11:07:27","date_gmt":"2025-09-08T11:07:27","guid":{"rendered":"https:\/\/bluebirdtourstravel.com\/product\/experiencia-de-navegacion-y-buceo-100-privada-en-un-yate-de-vela-de-45-pies-en-bonaire-bonaire\/"},"modified":"2025-09-29T11:05:42","modified_gmt":"2025-09-29T11:05:42","slug":"experiencia-de-navegacion-y-buceo-100-privada-en-un-yate-de-vela-de-45-pies-en-bonaire-bonaire","status":"publish","type":"product","link":"https:\/\/staging.bluebirdtourstravel.com\/es\/producto\/experiencia-de-navegacion-y-buceo-100-privada-en-un-yate-de-vela-de-45-pies-en-bonaire-bonaire\/","title":{"rendered":"Experiencia de navegaci\u00f3n y buceo 100% privada en un yate de vela de 45 pies en Bonaire (Bonaire)"},"content":{"rendered":"<p>\u00a1El barco es tuyo y junto con el capit\u00e1n y el instructor de buceo decides d\u00f3nde quieres bucear! Una vez que reserve, \u00a1no aceptaremos a ning\u00fan otro hu\u00e9sped! (el sitio de buceo est\u00e1 limitado a la disponibilidad de amarres)<br \/>\nLa embarcaci\u00f3n est\u00e1 completamente tripulada, tiene un ba\u00f1o marino, una ducha en la cubierta y equipo profesional de snorkel a bordo. Hay barra libre a bordo y se le servir\u00e1n sabrosos bocadillos durante el viaje.<br \/>\n\u00a1El precio mencionado incluye barra libre, sabrosos bocadillos para su grupo!<br \/>\nSi desea extender su grupo o tiempo de navegaci\u00f3n, cont\u00e1ctenos.<\/p>\n","protected":false},"excerpt":{"rendered":"<p>Alquile su propio yate privado para una experiencia de navegaci\u00f3n personalizada y buceo guiado en las hermosas aguas de Bonaire. Saldr\u00e1s con un Jeanneau de 45.2 pies para un recorrido de 4 horas a la hora que elijas al hacer la reserva. Se trata de un espacioso velero con 8 plazas en la ba\u00f1era y varias plazas en los pufs de la parte delantera del barco y plazas extra a ambos lados.  <\/p>\n","protected":false},"featured_media":14479,"comment_status":"closed","ping_status":"closed","template":"","meta":{"_acf_changed":false,"site-sidebar-layout":"default","site-content-layout":"","ast-site-content-layout":"default","site-content-style":"default","site-sidebar-style":"default","ast-global-header-display":"","ast-banner-title-visibility":"","ast-main-header-display":"","ast-hfb-above-header-display":"","ast-hfb-below-header-display":"","ast-hfb-mobile-header-display":"","site-post-title":"","ast-breadcrumbs-content":"","ast-featured-img":"","footer-sml-layout":"","ast-disable-related-posts":"","theme-transparent-header-meta":"","adv-header-id-meta":"","stick-header-meta":"","header-above-stick-meta":"","header-main-stick-meta":"","header-below-stick-meta":"","astra-migrate-meta-layouts":"default","ast-page-background-enabled":"default","ast-page-background-meta":{"desktop":{"background-color":"var(--ast-global-color-4)","background-image":"","background-repeat":"repeat","background-position":"center center","background-size":"auto","background-attachment":"scroll","background-type":"","background-media":"","overlay-type":"","overlay-color":"","overlay-opacity":"","overlay-gradient":""},"tablet":{"background-color":"","background-image":"","background-repeat":"repeat","background-position":"center center","background-size":"auto","background-attachment":"scroll","background-type":"","background-media":"","overlay-type":"","overlay-color":"","overlay-opacity":"","overlay-gradient":""},"mobile":{"background-color":"","background-image":"","background-repeat":"repeat","background-position":"center center","background-size":"auto","background-attachment":"scroll","background-type":"","background-media":"","overlay-type":"","overlay-color":"","overlay-opacity":"","overlay-gradient":""}},"ast-content-background-meta":{"desktop":{"background-color":"var(--ast-global-color-5)","background-image":"","background-repeat":"repeat","background-position":"center center","background-size":"auto","background-attachment":"scroll","background-type":"","background-media":"","overlay-type":"","overlay-color":"","overlay-opacity":"","overlay-gradient":""},"tablet":{"background-color":"var(--ast-global-color-5)","background-image":"","background-repeat":"repeat","background-position":"center center","background-size":"auto","background-attachment":"scroll","background-type":"","background-media":"","overlay-type":"","overlay-color":"","overlay-opacity":"","overlay-gradient":""},"mobile":{"background-color":"var(--ast-global-color-5)","background-image":"","background-repeat":"repeat","background-position":"center center","background-size":"auto","background-attachment":"scroll","background-type":"","background-media":"","overlay-type":"","overlay-color":"","overlay-opacity":"","overlay-gradient":""}}},"activiteit-bron":[574],"product_brand":[],"product_cat":[133,154],"product_tag":[134,158,405,409,404,421,141],"class_list":{"0":"post-26562","1":"product","2":"type-product","3":"status-publish","4":"has-post-thumbnail","6":"activiteit-bron-expedia","7":"product_cat-bonaire-es","8":"product_cat-buceo-y-snorkel","9":"product_tag-bonaire-es","10":"product_tag-deportes-acuaticos","11":"product_tag-deportes-acuaticos-en-bonaire","12":"product_tag-esnorquel-en-bonaire","13":"product_tag-excursiones-en-barco-en-bonaire","14":"product_tag-excursiones-en-bonaire","15":"product_tag-viajes-en-barco","16":"desktop-align-left","17":"tablet-align-left","18":"mobile-align-left","20":"first","21":"instock","22":"virtual","23":"product-type-external"},"acf":[],"_links":{"self":[{"href":"https:\/\/staging.bluebirdtourstravel.com\/es\/wp-json\/wp\/v2\/product\/26562","targetHints":{"allow":["GET"]}}],"collection":[{"href":"https:\/\/staging.bluebirdtourstravel.com\/es\/wp-json\/wp\/v2\/product"}],"about":[{"href":"https:\/\/staging.bluebirdtourstravel.com\/es\/wp-json\/wp\/v2\/types\/product"}],"replies":[{"embeddable":true,"href":"https:\/\/staging.bluebirdtourstravel.com\/es\/wp-json\/wp\/v2\/comments?post=26562"}],"wp:featuredmedia":[{"embeddable":true,"href":"https:\/\/staging.bluebirdtourstravel.com\/es\/wp-json\/wp\/v2\/media\/14479"}],"wp:attachment":[{"href":"https:\/\/staging.bluebirdtourstravel.com\/es\/wp-json\/wp\/v2\/media?parent=26562"}],"wp:term":[{"taxonomy":"activiteit-bron","embeddable":true,"href":"https:\/\/staging.bluebirdtourstravel.com\/es\/wp-json\/wp\/v2\/activiteit-bron?post=26562"},{"taxonomy":"product_brand","embeddable":true,"href":"https:\/\/staging.bluebirdtourstravel.com\/es\/wp-json\/wp\/v2\/product_brand?post=26562"},{"taxonomy":"product_cat","embeddable":true,"href":"https:\/\/staging.bluebirdtourstravel.com\/es\/wp-json\/wp\/v2\/product_cat?post=26562"},{"taxonomy":"product_tag","embeddable":true,"href":"https:\/\/staging.bluebirdtourstravel.com\/es\/wp-json\/wp\/v2\/product_tag?post=26562"}],"curies":[{"name":"wp","href":"https:\/\/api.w.org\/{rel}","templated":true}]}}