{"id":26576,"date":"2025-09-08T11:07:10","date_gmt":"2025-09-08T11:07:10","guid":{"rendered":"https:\/\/bluebirdtourstravel.com\/product\/tour-privado-de-snorkel-con-capitan-y-guia-en-el-parque-marino-bonaire\/"},"modified":"2025-09-29T11:20:40","modified_gmt":"2025-09-29T11:20:40","slug":"tour-privado-de-snorkel-con-capitan-y-guia-en-el-parque-marino-bonaire","status":"publish","type":"product","link":"https:\/\/staging.bluebirdtourstravel.com\/es\/producto\/tour-privado-de-snorkel-con-capitan-y-guia-en-el-parque-marino-bonaire\/","title":{"rendered":"Tour privado de snorkel con capit\u00e1n y gu\u00eda en el parque marino (Bonaire)"},"content":{"rendered":"<p>Dise\u00f1a tu aventura con un itinerario flexible. Ya sea que desee pasar m\u00e1s tiempo en un lugar de snorkel en particular o explorar varios lugares, sus preferencias dan forma al recorrido.<br \/>\nBenef\u00edciese de la experiencia de un capit\u00e1n local y un gu\u00eda en el agua. Su capit\u00e1n navegar\u00e1 por las aguas de manera eficiente, mientras que el gu\u00eda garantiza su seguridad y mejora su experiencia de snorkel al se\u00f1alar la vida marina y explicar el ecosistema.<br \/>\nExplore el vibrante mundo submarino repleto de coloridos peces y formaciones de coral, y posiblemente conozca tortugas marinas y rayas. Esta zona es conocida por su biodiversidad y sus aguas cristalinas. <\/p>\n","protected":false},"excerpt":{"rendered":"<p>Emb\u00e1rcate en un viaje exclusivo a trav\u00e9s de las aguas azules y cristalinas de Bonaire y Klein Bonaire con un tour privado de snorkel en barco. Esta aventura personalizada ofrece una exploraci\u00f3n \u00edntima de los vibrantes arrecifes de coral y la diversa vida marina, guiada por un capit\u00e1n experimentado y un experto submarino. <\/p>\n","protected":false},"featured_media":15299,"comment_status":"closed","ping_status":"closed","template":"","meta":{"_acf_changed":false,"site-sidebar-layout":"default","site-content-layout":"","ast-site-content-layout":"default","site-content-style":"default","site-sidebar-style":"default","ast-global-header-display":"","ast-banner-title-visibility":"","ast-main-header-display":"","ast-hfb-above-header-display":"","ast-hfb-below-header-display":"","ast-hfb-mobile-header-display":"","site-post-title":"","ast-breadcrumbs-content":"","ast-featured-img":"","footer-sml-layout":"","ast-disable-related-posts":"","theme-transparent-header-meta":"","adv-header-id-meta":"","stick-header-meta":"","header-above-stick-meta":"","header-main-stick-meta":"","header-below-stick-meta":"","astra-migrate-meta-layouts":"default","ast-page-background-enabled":"default","ast-page-background-meta":{"desktop":{"background-color":"var(--ast-global-color-4)","background-image":"","background-repeat":"repeat","background-position":"center center","background-size":"auto","background-attachment":"scroll","background-type":"","background-media":"","overlay-type":"","overlay-color":"","overlay-opacity":"","overlay-gradient":""},"tablet":{"background-color":"","background-image":"","background-repeat":"repeat","background-position":"center center","background-size":"auto","background-attachment":"scroll","background-type":"","background-media":"","overlay-type":"","overlay-color":"","overlay-opacity":"","overlay-gradient":""},"mobile":{"background-color":"","background-image":"","background-repeat":"repeat","background-position":"center center","background-size":"auto","background-attachment":"scroll","background-type":"","background-media":"","overlay-type":"","overlay-color":"","overlay-opacity":"","overlay-gradient":""}},"ast-content-background-meta":{"desktop":{"background-color":"var(--ast-global-color-5)","background-image":"","background-repeat":"repeat","background-position":"center center","background-size":"auto","background-attachment":"scroll","background-type":"","background-media":"","overlay-type":"","overlay-color":"","overlay-opacity":"","overlay-gradient":""},"tablet":{"background-color":"var(--ast-global-color-5)","background-image":"","background-repeat":"repeat","background-position":"center center","background-size":"auto","background-attachment":"scroll","background-type":"","background-media":"","overlay-type":"","overlay-color":"","overlay-opacity":"","overlay-gradient":""},"mobile":{"background-color":"var(--ast-global-color-5)","background-image":"","background-repeat":"repeat","background-position":"center center","background-size":"auto","background-attachment":"scroll","background-type":"","background-media":"","overlay-type":"","overlay-color":"","overlay-opacity":"","overlay-gradient":""}}},"activiteit-bron":[574],"product_brand":[],"product_cat":[133,154],"product_tag":[134,158,405,409,404,421,141],"class_list":{"0":"post-26576","1":"product","2":"type-product","3":"status-publish","4":"has-post-thumbnail","6":"activiteit-bron-expedia","7":"product_cat-bonaire-es","8":"product_cat-buceo-y-snorkel","9":"product_tag-bonaire-es","10":"product_tag-deportes-acuaticos","11":"product_tag-deportes-acuaticos-en-bonaire","12":"product_tag-esnorquel-en-bonaire","13":"product_tag-excursiones-en-barco-en-bonaire","14":"product_tag-excursiones-en-bonaire","15":"product_tag-viajes-en-barco","16":"desktop-align-left","17":"tablet-align-left","18":"mobile-align-left","20":"first","21":"instock","22":"virtual","23":"product-type-external"},"acf":[],"_links":{"self":[{"href":"https:\/\/staging.bluebirdtourstravel.com\/es\/wp-json\/wp\/v2\/product\/26576","targetHints":{"allow":["GET"]}}],"collection":[{"href":"https:\/\/staging.bluebirdtourstravel.com\/es\/wp-json\/wp\/v2\/product"}],"about":[{"href":"https:\/\/staging.bluebirdtourstravel.com\/es\/wp-json\/wp\/v2\/types\/product"}],"replies":[{"embeddable":true,"href":"https:\/\/staging.bluebirdtourstravel.com\/es\/wp-json\/wp\/v2\/comments?post=26576"}],"wp:featuredmedia":[{"embeddable":true,"href":"https:\/\/staging.bluebirdtourstravel.com\/es\/wp-json\/wp\/v2\/media\/15299"}],"wp:attachment":[{"href":"https:\/\/staging.bluebirdtourstravel.com\/es\/wp-json\/wp\/v2\/media?parent=26576"}],"wp:term":[{"taxonomy":"activiteit-bron","embeddable":true,"href":"https:\/\/staging.bluebirdtourstravel.com\/es\/wp-json\/wp\/v2\/activiteit-bron?post=26576"},{"taxonomy":"product_brand","embeddable":true,"href":"https:\/\/staging.bluebirdtourstravel.com\/es\/wp-json\/wp\/v2\/product_brand?post=26576"},{"taxonomy":"product_cat","embeddable":true,"href":"https:\/\/staging.bluebirdtourstravel.com\/es\/wp-json\/wp\/v2\/product_cat?post=26576"},{"taxonomy":"product_tag","embeddable":true,"href":"https:\/\/staging.bluebirdtourstravel.com\/es\/wp-json\/wp\/v2\/product_tag?post=26576"}],"curies":[{"name":"wp","href":"https:\/\/api.w.org\/{rel}","templated":true}]}}