{"id":26599,"date":"2025-09-08T11:06:54","date_gmt":"2025-09-08T11:06:54","guid":{"rendered":"https:\/\/bluebirdtourstravel.com\/product\/seaworld-explorer-tour-semisubmarino-aruba\/"},"modified":"2025-09-30T11:03:25","modified_gmt":"2025-09-30T11:03:25","slug":"seaworld-explorer-tour-semisubmarino-aruba","status":"publish","type":"product","link":"https:\/\/staging.bluebirdtourstravel.com\/es\/producto\/seaworld-explorer-tour-semisubmarino-aruba\/","title":{"rendered":"Seaworld Explorer \u2013 Tour semisubmarino (Aruba)"},"content":{"rendered":"<p>El Seaworld Explorer es un moderno observatorio submarino semisubmarino. La embarcaci\u00f3n no se sumerge, pero las grandes ventanas de vidrio transparente en la cubierta inferior le permiten observar la vida marina en todos los lados, a 5 pies (1,5 m) debajo del agua.<br \/>\nMant\u00e9n los ojos bien abiertos mientras tu capit\u00e1n pasea por un carguero alem\u00e1n de 440 pies (134 m) de largo que se hundi\u00f3 durante la Segunda Guerra Mundial. El enorme barco, el Antilla, es uno de los naufragios m\u00e1s grandes del Caribe y alberga una amplia variedad de peces de colores que se acercan a cent\u00edmetros del semisubmarino.<br \/>\nA continuaci\u00f3n, dir\u00edgete al arrecife Arashi, donde tendr\u00e1s la oportunidad de explorar corales \u00fanicos y otras especies de vida marina. Mientras navegas de regreso a la costa, mantente atento a las criaturas que acabas de conocer en tu viaje.<br \/>\n* Tenga en cuenta que los pasajeros de cruceros deben reservar tours y excursiones directamente con la l\u00ednea de cruceros.<\/p>\n","protected":false},"excerpt":{"rendered":"<p>Baja al casco del Seaworld Explorer y prep\u00e1rate para ver la incre\u00edble vida marina a trav\u00e9s de las ventanas submarinas de este semisubmarino. Vea bancos de peces tropicales y navegue por el famoso naufragio de la Segunda Guerra Mundial de Aruba. <\/p>\n","protected":false},"featured_media":8036,"comment_status":"closed","ping_status":"closed","template":"","meta":{"_acf_changed":false,"site-sidebar-layout":"default","site-content-layout":"","ast-site-content-layout":"default","site-content-style":"default","site-sidebar-style":"default","ast-global-header-display":"","ast-banner-title-visibility":"","ast-main-header-display":"","ast-hfb-above-header-display":"","ast-hfb-below-header-display":"","ast-hfb-mobile-header-display":"","site-post-title":"","ast-breadcrumbs-content":"","ast-featured-img":"","footer-sml-layout":"","ast-disable-related-posts":"","theme-transparent-header-meta":"","adv-header-id-meta":"","stick-header-meta":"","header-above-stick-meta":"","header-main-stick-meta":"","header-below-stick-meta":"","astra-migrate-meta-layouts":"default","ast-page-background-enabled":"default","ast-page-background-meta":{"desktop":{"background-color":"var(--ast-global-color-4)","background-image":"","background-repeat":"repeat","background-position":"center center","background-size":"auto","background-attachment":"scroll","background-type":"","background-media":"","overlay-type":"","overlay-color":"","overlay-opacity":"","overlay-gradient":""},"tablet":{"background-color":"","background-image":"","background-repeat":"repeat","background-position":"center center","background-size":"auto","background-attachment":"scroll","background-type":"","background-media":"","overlay-type":"","overlay-color":"","overlay-opacity":"","overlay-gradient":""},"mobile":{"background-color":"","background-image":"","background-repeat":"repeat","background-position":"center center","background-size":"auto","background-attachment":"scroll","background-type":"","background-media":"","overlay-type":"","overlay-color":"","overlay-opacity":"","overlay-gradient":""}},"ast-content-background-meta":{"desktop":{"background-color":"var(--ast-global-color-5)","background-image":"","background-repeat":"repeat","background-position":"center center","background-size":"auto","background-attachment":"scroll","background-type":"","background-media":"","overlay-type":"","overlay-color":"","overlay-opacity":"","overlay-gradient":""},"tablet":{"background-color":"var(--ast-global-color-5)","background-image":"","background-repeat":"repeat","background-position":"center center","background-size":"auto","background-attachment":"scroll","background-type":"","background-media":"","overlay-type":"","overlay-color":"","overlay-opacity":"","overlay-gradient":""},"mobile":{"background-color":"var(--ast-global-color-5)","background-image":"","background-repeat":"repeat","background-position":"center center","background-size":"auto","background-attachment":"scroll","background-type":"","background-media":"","overlay-type":"","overlay-color":"","overlay-opacity":"","overlay-gradient":""}}},"activiteit-bron":[574],"product_brand":[],"product_cat":[181,139,156],"product_tag":[182,158,380,241,141],"class_list":{"0":"post-26599","1":"product","2":"type-product","3":"status-publish","4":"has-post-thumbnail","6":"activiteit-bron-expedia","7":"product_cat-aruba-es","8":"product_cat-barcos-y-deportes-acuaticos","9":"product_cat-barcos-y-rafting","10":"product_tag-aruba-es","11":"product_tag-deportes-acuaticos","12":"product_tag-deportes-acuaticos-en-aruba","13":"product_tag-excursiones-en-barco-en-aruba","14":"product_tag-viajes-en-barco","15":"desktop-align-left","16":"tablet-align-left","17":"mobile-align-left","19":"first","20":"instock","21":"virtual","22":"product-type-external"},"acf":[],"_links":{"self":[{"href":"https:\/\/staging.bluebirdtourstravel.com\/es\/wp-json\/wp\/v2\/product\/26599","targetHints":{"allow":["GET"]}}],"collection":[{"href":"https:\/\/staging.bluebirdtourstravel.com\/es\/wp-json\/wp\/v2\/product"}],"about":[{"href":"https:\/\/staging.bluebirdtourstravel.com\/es\/wp-json\/wp\/v2\/types\/product"}],"replies":[{"embeddable":true,"href":"https:\/\/staging.bluebirdtourstravel.com\/es\/wp-json\/wp\/v2\/comments?post=26599"}],"wp:featuredmedia":[{"embeddable":true,"href":"https:\/\/staging.bluebirdtourstravel.com\/es\/wp-json\/wp\/v2\/media\/8036"}],"wp:attachment":[{"href":"https:\/\/staging.bluebirdtourstravel.com\/es\/wp-json\/wp\/v2\/media?parent=26599"}],"wp:term":[{"taxonomy":"activiteit-bron","embeddable":true,"href":"https:\/\/staging.bluebirdtourstravel.com\/es\/wp-json\/wp\/v2\/activiteit-bron?post=26599"},{"taxonomy":"product_brand","embeddable":true,"href":"https:\/\/staging.bluebirdtourstravel.com\/es\/wp-json\/wp\/v2\/product_brand?post=26599"},{"taxonomy":"product_cat","embeddable":true,"href":"https:\/\/staging.bluebirdtourstravel.com\/es\/wp-json\/wp\/v2\/product_cat?post=26599"},{"taxonomy":"product_tag","embeddable":true,"href":"https:\/\/staging.bluebirdtourstravel.com\/es\/wp-json\/wp\/v2\/product_tag?post=26599"}],"curies":[{"name":"wp","href":"https:\/\/api.w.org\/{rel}","templated":true}]}}