{"id":26602,"date":"2025-09-08T11:06:50","date_gmt":"2025-09-08T11:06:50","guid":{"rendered":"https:\/\/bluebirdtourstravel.com\/product\/viaje-en-velero-con-cena-y-cena-de-lujo-aruba\/"},"modified":"2025-09-30T11:03:14","modified_gmt":"2025-09-30T11:03:14","slug":"viaje-en-velero-con-cena-y-cena-de-lujo-aruba","status":"publish","type":"product","link":"https:\/\/staging.bluebirdtourstravel.com\/es\/producto\/viaje-en-velero-con-cena-y-cena-de-lujo-aruba\/","title":{"rendered":"Viaje en velero con cena y cena de lujo (Aruba)"},"content":{"rendered":"<p>Todos nuestros catamaranes est\u00e1n equipados con ba\u00f1os marinos, un \u00e1rea cubierta, carpas para tomar el sol en la parte delantera y un tobog\u00e1n en la parte trasera del barco. Todos los catamaranes tienen bancos incorporados y un bar incorporado. <\/p>\n","protected":false},"excerpt":{"rendered":"<p>Suba a bordo de uno de nuestros catamaranes de lujo para vivir una experiencia gastron\u00f3mica inolvidable. Para este recorrido en barco con cena, el catamar\u00e1n se transformar\u00e1 en un restaurante en el agua, con mesas y sillas. Sea recibido con una copa de vino espumoso, tome asiento y deje que comience la noche. Disfruta de las mejores vistas posibles de la puesta de sol y de los colores vibrantes que iluminan el cielo. Despu\u00e9s de que se ponga el sol, es hora de la cena buffet de 3 platos preparada por nuestros exclusivos chefs. Despu\u00e9s de la cena, si\u00e9ntese y disfrute de la brisa relajante, las hermosas vistas y los c\u00f3cteles exclusivos de la barra libre mientras el capit\u00e1n regresa a la orilla. Este viaje en velero es ideal para parejas y amigos a los que les gusta socializar e interactuar con otros hu\u00e9spedes.      <\/p>\n","protected":false},"featured_media":13348,"comment_status":"closed","ping_status":"closed","template":"","meta":{"_acf_changed":false,"site-sidebar-layout":"default","site-content-layout":"","ast-site-content-layout":"default","site-content-style":"default","site-sidebar-style":"default","ast-global-header-display":"","ast-banner-title-visibility":"","ast-main-header-display":"","ast-hfb-above-header-display":"","ast-hfb-below-header-display":"","ast-hfb-mobile-header-display":"","site-post-title":"","ast-breadcrumbs-content":"","ast-featured-img":"","footer-sml-layout":"","ast-disable-related-posts":"","theme-transparent-header-meta":"","adv-header-id-meta":"","stick-header-meta":"","header-above-stick-meta":"","header-main-stick-meta":"","header-below-stick-meta":"","astra-migrate-meta-layouts":"default","ast-page-background-enabled":"default","ast-page-background-meta":{"desktop":{"background-color":"var(--ast-global-color-4)","background-image":"","background-repeat":"repeat","background-position":"center center","background-size":"auto","background-attachment":"scroll","background-type":"","background-media":"","overlay-type":"","overlay-color":"","overlay-opacity":"","overlay-gradient":""},"tablet":{"background-color":"","background-image":"","background-repeat":"repeat","background-position":"center center","background-size":"auto","background-attachment":"scroll","background-type":"","background-media":"","overlay-type":"","overlay-color":"","overlay-opacity":"","overlay-gradient":""},"mobile":{"background-color":"","background-image":"","background-repeat":"repeat","background-position":"center center","background-size":"auto","background-attachment":"scroll","background-type":"","background-media":"","overlay-type":"","overlay-color":"","overlay-opacity":"","overlay-gradient":""}},"ast-content-background-meta":{"desktop":{"background-color":"var(--ast-global-color-5)","background-image":"","background-repeat":"repeat","background-position":"center center","background-size":"auto","background-attachment":"scroll","background-type":"","background-media":"","overlay-type":"","overlay-color":"","overlay-opacity":"","overlay-gradient":""},"tablet":{"background-color":"var(--ast-global-color-5)","background-image":"","background-repeat":"repeat","background-position":"center center","background-size":"auto","background-attachment":"scroll","background-type":"","background-media":"","overlay-type":"","overlay-color":"","overlay-opacity":"","overlay-gradient":""},"mobile":{"background-color":"var(--ast-global-color-5)","background-image":"","background-repeat":"repeat","background-position":"center center","background-size":"auto","background-attachment":"scroll","background-type":"","background-media":"","overlay-type":"","overlay-color":"","overlay-opacity":"","overlay-gradient":""}}},"activiteit-bron":[574],"product_brand":[],"product_cat":[181,139,156],"product_tag":[182,158,380,241,141],"class_list":{"0":"post-26602","1":"product","2":"type-product","3":"status-publish","4":"has-post-thumbnail","6":"activiteit-bron-expedia","7":"product_cat-aruba-es","8":"product_cat-barcos-y-deportes-acuaticos","9":"product_cat-barcos-y-rafting","10":"product_tag-aruba-es","11":"product_tag-deportes-acuaticos","12":"product_tag-deportes-acuaticos-en-aruba","13":"product_tag-excursiones-en-barco-en-aruba","14":"product_tag-viajes-en-barco","15":"desktop-align-left","16":"tablet-align-left","17":"mobile-align-left","19":"first","20":"instock","21":"virtual","22":"product-type-external"},"acf":[],"_links":{"self":[{"href":"https:\/\/staging.bluebirdtourstravel.com\/es\/wp-json\/wp\/v2\/product\/26602","targetHints":{"allow":["GET"]}}],"collection":[{"href":"https:\/\/staging.bluebirdtourstravel.com\/es\/wp-json\/wp\/v2\/product"}],"about":[{"href":"https:\/\/staging.bluebirdtourstravel.com\/es\/wp-json\/wp\/v2\/types\/product"}],"replies":[{"embeddable":true,"href":"https:\/\/staging.bluebirdtourstravel.com\/es\/wp-json\/wp\/v2\/comments?post=26602"}],"wp:featuredmedia":[{"embeddable":true,"href":"https:\/\/staging.bluebirdtourstravel.com\/es\/wp-json\/wp\/v2\/media\/13348"}],"wp:attachment":[{"href":"https:\/\/staging.bluebirdtourstravel.com\/es\/wp-json\/wp\/v2\/media?parent=26602"}],"wp:term":[{"taxonomy":"activiteit-bron","embeddable":true,"href":"https:\/\/staging.bluebirdtourstravel.com\/es\/wp-json\/wp\/v2\/activiteit-bron?post=26602"},{"taxonomy":"product_brand","embeddable":true,"href":"https:\/\/staging.bluebirdtourstravel.com\/es\/wp-json\/wp\/v2\/product_brand?post=26602"},{"taxonomy":"product_cat","embeddable":true,"href":"https:\/\/staging.bluebirdtourstravel.com\/es\/wp-json\/wp\/v2\/product_cat?post=26602"},{"taxonomy":"product_tag","embeddable":true,"href":"https:\/\/staging.bluebirdtourstravel.com\/es\/wp-json\/wp\/v2\/product_tag?post=26602"}],"curies":[{"name":"wp","href":"https:\/\/api.w.org\/{rel}","templated":true}]}}