{"id":26620,"date":"2025-09-08T11:06:38","date_gmt":"2025-09-08T11:06:38","guid":{"rendered":"https:\/\/bluebirdtourstravel.com\/product\/excursion-turistica-y-de-esnorquel-aventurero-con-lancha-semirrigida-curazao\/"},"modified":"2025-09-29T10:47:10","modified_gmt":"2025-09-29T10:47:10","slug":"excursion-turistica-y-de-esnorquel-aventurero-con-lancha-semirrigida-curazao","status":"publish","type":"product","link":"https:\/\/staging.bluebirdtourstravel.com\/es\/producto\/excursion-turistica-y-de-esnorquel-aventurero-con-lancha-semirrigida-curazao\/","title":{"rendered":"Excursi\u00f3n tur\u00edstica y de esn\u00f3rquel aventurero con lancha semirr\u00edgida (Curazao)"},"content":{"rendered":"<p>El bote RIB es una experiencia emocionante y de ritmo r\u00e1pido, dise\u00f1ada para hacerte sentir como si estuvieras en una monta\u00f1a rusa o montando a caballo. Nuestra tripulaci\u00f3n divertida y profesional har\u00e1 que este recorrido sea inolvidable, es una excelente manera de descubrir la isla desde el oc\u00e9ano y aprender algunas cosas sobre la historia de Curazao.<br \/>\nDebe saber que la experiencia de Powerboat es una experiencia emocionante y de ritmo r\u00e1pido y no est\u00e1 destinada a los asustados. Dicho esto, recomendamos encarecidamente a las mujeres embarazadas y a las personas con dolor de espalda, cuello u otro tipo que no reserven un tour con nosotros. <\/p>\n","protected":false},"excerpt":{"rendered":"<p>Un espectacular recorrido tur\u00edstico y experiencia de snorkel, explorando una hermosa parte de la isla. Mientras le mostramos las vistas panor\u00e1micas, disfrutar\u00e1 de una experiencia de adrenalina con un bote r\u00e1pido. Practique snorkel en un naufragio hundido, admire casas multimillonarias y disfrute de la brisa caribe\u00f1a.  <\/p>\n","protected":false},"featured_media":20180,"comment_status":"closed","ping_status":"closed","template":"","meta":{"_acf_changed":false,"site-sidebar-layout":"default","site-content-layout":"","ast-site-content-layout":"default","site-content-style":"default","site-sidebar-style":"default","ast-global-header-display":"","ast-banner-title-visibility":"","ast-main-header-display":"","ast-hfb-above-header-display":"","ast-hfb-below-header-display":"","ast-hfb-mobile-header-display":"","site-post-title":"","ast-breadcrumbs-content":"","ast-featured-img":"","footer-sml-layout":"","ast-disable-related-posts":"","theme-transparent-header-meta":"","adv-header-id-meta":"","stick-header-meta":"","header-above-stick-meta":"","header-main-stick-meta":"","header-below-stick-meta":"","astra-migrate-meta-layouts":"default","ast-page-background-enabled":"default","ast-page-background-meta":{"desktop":{"background-color":"var(--ast-global-color-4)","background-image":"","background-repeat":"repeat","background-position":"center center","background-size":"auto","background-attachment":"scroll","background-type":"","background-media":"","overlay-type":"","overlay-color":"","overlay-opacity":"","overlay-gradient":""},"tablet":{"background-color":"","background-image":"","background-repeat":"repeat","background-position":"center center","background-size":"auto","background-attachment":"scroll","background-type":"","background-media":"","overlay-type":"","overlay-color":"","overlay-opacity":"","overlay-gradient":""},"mobile":{"background-color":"","background-image":"","background-repeat":"repeat","background-position":"center center","background-size":"auto","background-attachment":"scroll","background-type":"","background-media":"","overlay-type":"","overlay-color":"","overlay-opacity":"","overlay-gradient":""}},"ast-content-background-meta":{"desktop":{"background-color":"var(--ast-global-color-5)","background-image":"","background-repeat":"repeat","background-position":"center center","background-size":"auto","background-attachment":"scroll","background-type":"","background-media":"","overlay-type":"","overlay-color":"","overlay-opacity":"","overlay-gradient":""},"tablet":{"background-color":"var(--ast-global-color-5)","background-image":"","background-repeat":"repeat","background-position":"center center","background-size":"auto","background-attachment":"scroll","background-type":"","background-media":"","overlay-type":"","overlay-color":"","overlay-opacity":"","overlay-gradient":""},"mobile":{"background-color":"var(--ast-global-color-5)","background-image":"","background-repeat":"repeat","background-position":"center center","background-size":"auto","background-attachment":"scroll","background-type":"","background-media":"","overlay-type":"","overlay-color":"","overlay-opacity":"","overlay-gradient":""}}},"activiteit-bron":[574],"product_brand":[],"product_cat":[154,170],"product_tag":[172,158,430,235,254,257,141],"class_list":{"0":"post-26620","1":"product","2":"type-product","3":"status-publish","4":"has-post-thumbnail","6":"activiteit-bron-expedia","7":"product_cat-buceo-y-snorkel","8":"product_cat-curacao-es","9":"product_tag-curacao-es","10":"product_tag-deportes-acuaticos","11":"product_tag-deportes-acuaticos-en-curacao","12":"product_tag-excursiones-en-barco-en-curacao","13":"product_tag-excursiones-en-curacao","14":"product_tag-snorkel-en-curacao","15":"product_tag-viajes-en-barco","16":"desktop-align-left","17":"tablet-align-left","18":"mobile-align-left","20":"first","21":"instock","22":"virtual","23":"product-type-external"},"acf":[],"_links":{"self":[{"href":"https:\/\/staging.bluebirdtourstravel.com\/es\/wp-json\/wp\/v2\/product\/26620","targetHints":{"allow":["GET"]}}],"collection":[{"href":"https:\/\/staging.bluebirdtourstravel.com\/es\/wp-json\/wp\/v2\/product"}],"about":[{"href":"https:\/\/staging.bluebirdtourstravel.com\/es\/wp-json\/wp\/v2\/types\/product"}],"replies":[{"embeddable":true,"href":"https:\/\/staging.bluebirdtourstravel.com\/es\/wp-json\/wp\/v2\/comments?post=26620"}],"wp:featuredmedia":[{"embeddable":true,"href":"https:\/\/staging.bluebirdtourstravel.com\/es\/wp-json\/wp\/v2\/media\/20180"}],"wp:attachment":[{"href":"https:\/\/staging.bluebirdtourstravel.com\/es\/wp-json\/wp\/v2\/media?parent=26620"}],"wp:term":[{"taxonomy":"activiteit-bron","embeddable":true,"href":"https:\/\/staging.bluebirdtourstravel.com\/es\/wp-json\/wp\/v2\/activiteit-bron?post=26620"},{"taxonomy":"product_brand","embeddable":true,"href":"https:\/\/staging.bluebirdtourstravel.com\/es\/wp-json\/wp\/v2\/product_brand?post=26620"},{"taxonomy":"product_cat","embeddable":true,"href":"https:\/\/staging.bluebirdtourstravel.com\/es\/wp-json\/wp\/v2\/product_cat?post=26620"},{"taxonomy":"product_tag","embeddable":true,"href":"https:\/\/staging.bluebirdtourstravel.com\/es\/wp-json\/wp\/v2\/product_tag?post=26620"}],"curies":[{"name":"wp","href":"https:\/\/api.w.org\/{rel}","templated":true}]}}