{"id":26636,"date":"2025-09-08T11:06:20","date_gmt":"2025-09-08T11:06:20","guid":{"rendered":"https:\/\/bluebirdtourstravel.com\/product\/excursion-de-un-dia-a-klein-curazao-con-barra-libre-premium-y-almuerzo-de-barbacoa-curazao\/"},"modified":"2025-09-29T10:10:35","modified_gmt":"2025-09-29T10:10:35","slug":"excursion-de-un-dia-a-klein-curazao-con-barra-libre-premium-y-almuerzo-de-barbacoa-curazao","status":"publish","type":"product","link":"https:\/\/staging.bluebirdtourstravel.com\/es\/producto\/excursion-de-un-dia-a-klein-curazao-con-barra-libre-premium-y-almuerzo-de-barbacoa-curazao\/","title":{"rendered":"Excursi\u00f3n de un d\u00eda a Klein Curazao con barra libre premium y almuerzo de barbacoa (Curazao)"},"content":{"rendered":"<p>Cuando desembarque, explore la isla mientras toma el sol: visite el ic\u00f3nico faro rosa, los naufragios y las ruinas. Al mediod\u00eda, la tripulaci\u00f3n est\u00e1 lista para servirle un extenso buffet de barbacoa. Disfrute de bebidas de la barra libre premium.<br \/>\nAlrededor de las 15:00 zarpamos, saludando a esta perla caribe\u00f1a y con el viento en nuestras velas de regreso a Curazao.<br \/>\nPASAJEROS DE CRUCEROS, TENGAN EN CUENTA: Nuestro lugar de salida, Jan Thiel, est\u00e1 aproximadamente a 25 a 30 minutos de la terminal de cruceros de Curazao. Desafortunadamente, los cruceros atracan demasiado tarde para registrarse aqu\u00ed a las 08:00. <\/p>\n","protected":false},"excerpt":{"rendered":"<p>Desde lejos, puedes ver la isla de recompensas ba\u00f1ada por el sol y su antiguo faro ic\u00f3nico. Al llegar a Klein Curacao, las aguas cristalinas son tranquilas, perfectas para nadar y bucear. Aunque la forma seca de llegar a tierra desde el catamar\u00e1n es en barco, \u00a1recomendamos tomar un snorkel y nadar hasta la orilla! \u00a1Tan pronto como entres al agua, inmediatamente ver\u00e1s muchos peces y tortugas de colores a tu alrededor!   <\/p>\n","protected":false},"featured_media":17282,"comment_status":"closed","ping_status":"closed","template":"","meta":{"_acf_changed":false,"site-sidebar-layout":"default","site-content-layout":"","ast-site-content-layout":"default","site-content-style":"default","site-sidebar-style":"default","ast-global-header-display":"","ast-banner-title-visibility":"","ast-main-header-display":"","ast-hfb-above-header-display":"","ast-hfb-below-header-display":"","ast-hfb-mobile-header-display":"","site-post-title":"","ast-breadcrumbs-content":"","ast-featured-img":"","footer-sml-layout":"","ast-disable-related-posts":"","theme-transparent-header-meta":"","adv-header-id-meta":"","stick-header-meta":"","header-above-stick-meta":"","header-main-stick-meta":"","header-below-stick-meta":"","astra-migrate-meta-layouts":"default","ast-page-background-enabled":"default","ast-page-background-meta":{"desktop":{"background-color":"var(--ast-global-color-4)","background-image":"","background-repeat":"repeat","background-position":"center center","background-size":"auto","background-attachment":"scroll","background-type":"","background-media":"","overlay-type":"","overlay-color":"","overlay-opacity":"","overlay-gradient":""},"tablet":{"background-color":"","background-image":"","background-repeat":"repeat","background-position":"center center","background-size":"auto","background-attachment":"scroll","background-type":"","background-media":"","overlay-type":"","overlay-color":"","overlay-opacity":"","overlay-gradient":""},"mobile":{"background-color":"","background-image":"","background-repeat":"repeat","background-position":"center center","background-size":"auto","background-attachment":"scroll","background-type":"","background-media":"","overlay-type":"","overlay-color":"","overlay-opacity":"","overlay-gradient":""}},"ast-content-background-meta":{"desktop":{"background-color":"var(--ast-global-color-5)","background-image":"","background-repeat":"repeat","background-position":"center center","background-size":"auto","background-attachment":"scroll","background-type":"","background-media":"","overlay-type":"","overlay-color":"","overlay-opacity":"","overlay-gradient":""},"tablet":{"background-color":"var(--ast-global-color-5)","background-image":"","background-repeat":"repeat","background-position":"center center","background-size":"auto","background-attachment":"scroll","background-type":"","background-media":"","overlay-type":"","overlay-color":"","overlay-opacity":"","overlay-gradient":""},"mobile":{"background-color":"var(--ast-global-color-5)","background-image":"","background-repeat":"repeat","background-position":"center center","background-size":"auto","background-attachment":"scroll","background-type":"","background-media":"","overlay-type":"","overlay-color":"","overlay-opacity":"","overlay-gradient":""}}},"activiteit-bron":[574],"product_brand":[],"product_cat":[154,170],"product_tag":[172,158,430,235,254,257,141],"class_list":{"0":"post-26636","1":"product","2":"type-product","3":"status-publish","4":"has-post-thumbnail","6":"activiteit-bron-expedia","7":"product_cat-buceo-y-snorkel","8":"product_cat-curacao-es","9":"product_tag-curacao-es","10":"product_tag-deportes-acuaticos","11":"product_tag-deportes-acuaticos-en-curacao","12":"product_tag-excursiones-en-barco-en-curacao","13":"product_tag-excursiones-en-curacao","14":"product_tag-snorkel-en-curacao","15":"product_tag-viajes-en-barco","16":"desktop-align-left","17":"tablet-align-left","18":"mobile-align-left","20":"first","21":"instock","22":"virtual","23":"product-type-external"},"acf":[],"_links":{"self":[{"href":"https:\/\/staging.bluebirdtourstravel.com\/es\/wp-json\/wp\/v2\/product\/26636","targetHints":{"allow":["GET"]}}],"collection":[{"href":"https:\/\/staging.bluebirdtourstravel.com\/es\/wp-json\/wp\/v2\/product"}],"about":[{"href":"https:\/\/staging.bluebirdtourstravel.com\/es\/wp-json\/wp\/v2\/types\/product"}],"replies":[{"embeddable":true,"href":"https:\/\/staging.bluebirdtourstravel.com\/es\/wp-json\/wp\/v2\/comments?post=26636"}],"wp:featuredmedia":[{"embeddable":true,"href":"https:\/\/staging.bluebirdtourstravel.com\/es\/wp-json\/wp\/v2\/media\/17282"}],"wp:attachment":[{"href":"https:\/\/staging.bluebirdtourstravel.com\/es\/wp-json\/wp\/v2\/media?parent=26636"}],"wp:term":[{"taxonomy":"activiteit-bron","embeddable":true,"href":"https:\/\/staging.bluebirdtourstravel.com\/es\/wp-json\/wp\/v2\/activiteit-bron?post=26636"},{"taxonomy":"product_brand","embeddable":true,"href":"https:\/\/staging.bluebirdtourstravel.com\/es\/wp-json\/wp\/v2\/product_brand?post=26636"},{"taxonomy":"product_cat","embeddable":true,"href":"https:\/\/staging.bluebirdtourstravel.com\/es\/wp-json\/wp\/v2\/product_cat?post=26636"},{"taxonomy":"product_tag","embeddable":true,"href":"https:\/\/staging.bluebirdtourstravel.com\/es\/wp-json\/wp\/v2\/product_tag?post=26636"}],"curies":[{"name":"wp","href":"https:\/\/api.w.org\/{rel}","templated":true}]}}