{"id":26672,"date":"2025-09-08T11:04:22","date_gmt":"2025-09-08T11:04:22","guid":{"rendered":"https:\/\/bluebirdtourstravel.com\/product\/lancha-rapida-captain-bob-snorkeling-tour-de-playa-y-almuerzo-sint-maarten\/"},"modified":"2025-09-29T10:10:44","modified_gmt":"2025-09-29T10:10:44","slug":"lancha-rapida-captain-bob-snorkeling-tour-de-playa-y-almuerzo-sint-maarten","status":"publish","type":"product","link":"https:\/\/staging.bluebirdtourstravel.com\/es\/producto\/lancha-rapida-captain-bob-snorkeling-tour-de-playa-y-almuerzo-sint-maarten\/","title":{"rendered":"Lancha r\u00e1pida Captain Bob, snorkeling, tour de playa y almuerzo (Sint Maarten)"},"content":{"rendered":"","protected":false},"excerpt":{"rendered":"<p>Ven a experimentar de primera mano lo que hace que esta excursi\u00f3n en St. Maarten sea la n\u00famero 1 en TripAdvisor durante 10 a\u00f1os consecutivos y es la mejor manera de evitar las multitudes de los cruceros y visitar los lados holand\u00e9s y franc\u00e9s de la isla en un grupo peque\u00f1o y familiar. Desde el momento en que suba a bordo de nuestra lancha r\u00e1pida de lujo y se dirija al mar, se dar\u00e1 cuenta de que sus vacaciones no han hecho m\u00e1s que comenzar. Los aspectos m\u00e1s destacados del recorrido de 5 paradas y 6 horas incluyen un inolvidable esn\u00f3rquel con tortugas marinas, rayas y peces tropicales en islas deshabitadas, tomar el sol en algunas de las playas de arena blanca m\u00e1s hermosas que el Caribe tiene para ofrecer y sentir la adrenalina de los aviones comerciales que aterrizan directamente sobre el famoso aeropuerto. Mientras tanto, su capit\u00e1n y gu\u00eda se asegurar\u00e1n de que no solo le ense\u00f1en y entretengan, sino que tambi\u00e9n lo atiendan bien con alimentos y bebidas en el barco, todo incluido en el precio.     \u00bfA qu\u00e9 esperas? \u00a1Salgamos al agua!<\/p>\n","protected":false},"featured_media":24745,"comment_status":"closed","ping_status":"closed","template":"","meta":{"_acf_changed":false,"site-sidebar-layout":"default","site-content-layout":"","ast-site-content-layout":"default","site-content-style":"default","site-sidebar-style":"default","ast-global-header-display":"","ast-banner-title-visibility":"","ast-main-header-display":"","ast-hfb-above-header-display":"","ast-hfb-below-header-display":"","ast-hfb-mobile-header-display":"","site-post-title":"","ast-breadcrumbs-content":"","ast-featured-img":"","footer-sml-layout":"","ast-disable-related-posts":"","theme-transparent-header-meta":"","adv-header-id-meta":"","stick-header-meta":"","header-above-stick-meta":"","header-main-stick-meta":"","header-below-stick-meta":"","astra-migrate-meta-layouts":"default","ast-page-background-enabled":"default","ast-page-background-meta":{"desktop":{"background-color":"var(--ast-global-color-4)","background-image":"","background-repeat":"repeat","background-position":"center center","background-size":"auto","background-attachment":"scroll","background-type":"","background-media":"","overlay-type":"","overlay-color":"","overlay-opacity":"","overlay-gradient":""},"tablet":{"background-color":"","background-image":"","background-repeat":"repeat","background-position":"center center","background-size":"auto","background-attachment":"scroll","background-type":"","background-media":"","overlay-type":"","overlay-color":"","overlay-opacity":"","overlay-gradient":""},"mobile":{"background-color":"","background-image":"","background-repeat":"repeat","background-position":"center center","background-size":"auto","background-attachment":"scroll","background-type":"","background-media":"","overlay-type":"","overlay-color":"","overlay-opacity":"","overlay-gradient":""}},"ast-content-background-meta":{"desktop":{"background-color":"var(--ast-global-color-5)","background-image":"","background-repeat":"repeat","background-position":"center center","background-size":"auto","background-attachment":"scroll","background-type":"","background-media":"","overlay-type":"","overlay-color":"","overlay-opacity":"","overlay-gradient":""},"tablet":{"background-color":"var(--ast-global-color-5)","background-image":"","background-repeat":"repeat","background-position":"center center","background-size":"auto","background-attachment":"scroll","background-type":"","background-media":"","overlay-type":"","overlay-color":"","overlay-opacity":"","overlay-gradient":""},"mobile":{"background-color":"var(--ast-global-color-5)","background-image":"","background-repeat":"repeat","background-position":"center center","background-size":"auto","background-attachment":"scroll","background-type":"","background-media":"","overlay-type":"","overlay-color":"","overlay-opacity":"","overlay-gradient":""}}},"activiteit-bron":[574],"product_brand":[],"product_cat":[139,154,522],"product_tag":[477,158,474,473,212,141,483],"class_list":{"0":"post-26672","1":"product","2":"type-product","3":"status-publish","4":"has-post-thumbnail","6":"activiteit-bron-expedia","7":"product_cat-barcos-y-deportes-acuaticos","8":"product_cat-buceo-y-snorkel","9":"product_cat-san-martin","10":"product_tag-bucea-en-san-martin","11":"product_tag-deportes-acuaticos","12":"product_tag-deportes-acuaticos-en-san-martin","13":"product_tag-excursiones-en-barco-en-san-martin","14":"product_tag-san-martin","15":"product_tag-viajes-en-barco","16":"product_tag-visitas-en-san-martin","17":"desktop-align-left","18":"tablet-align-left","19":"mobile-align-left","21":"first","22":"instock","23":"virtual","24":"product-type-external"},"acf":[],"_links":{"self":[{"href":"https:\/\/staging.bluebirdtourstravel.com\/es\/wp-json\/wp\/v2\/product\/26672","targetHints":{"allow":["GET"]}}],"collection":[{"href":"https:\/\/staging.bluebirdtourstravel.com\/es\/wp-json\/wp\/v2\/product"}],"about":[{"href":"https:\/\/staging.bluebirdtourstravel.com\/es\/wp-json\/wp\/v2\/types\/product"}],"replies":[{"embeddable":true,"href":"https:\/\/staging.bluebirdtourstravel.com\/es\/wp-json\/wp\/v2\/comments?post=26672"}],"wp:featuredmedia":[{"embeddable":true,"href":"https:\/\/staging.bluebirdtourstravel.com\/es\/wp-json\/wp\/v2\/media\/24745"}],"wp:attachment":[{"href":"https:\/\/staging.bluebirdtourstravel.com\/es\/wp-json\/wp\/v2\/media?parent=26672"}],"wp:term":[{"taxonomy":"activiteit-bron","embeddable":true,"href":"https:\/\/staging.bluebirdtourstravel.com\/es\/wp-json\/wp\/v2\/activiteit-bron?post=26672"},{"taxonomy":"product_brand","embeddable":true,"href":"https:\/\/staging.bluebirdtourstravel.com\/es\/wp-json\/wp\/v2\/product_brand?post=26672"},{"taxonomy":"product_cat","embeddable":true,"href":"https:\/\/staging.bluebirdtourstravel.com\/es\/wp-json\/wp\/v2\/product_cat?post=26672"},{"taxonomy":"product_tag","embeddable":true,"href":"https:\/\/staging.bluebirdtourstravel.com\/es\/wp-json\/wp\/v2\/product_tag?post=26672"}],"curies":[{"name":"wp","href":"https:\/\/api.w.org\/{rel}","templated":true}]}}