{"id":26872,"date":"2025-09-21T14:16:59","date_gmt":"2025-09-21T14:16:59","guid":{"rendered":"https:\/\/bluebirdtourstravel.com\/product\/excursion-en-jeep-de-3-horas-con-lo-mas-destacado-y-1-hora-de-relax-en-la-playa-sint-maarten\/"},"modified":"2025-09-21T14:16:59","modified_gmt":"2025-09-21T14:16:59","slug":"excursion-en-jeep-de-3-horas-con-lo-mas-destacado-y-1-hora-de-relax-en-la-playa-sint-maarten","status":"publish","type":"product","link":"https:\/\/staging.bluebirdtourstravel.com\/es\/producto\/excursion-en-jeep-de-3-horas-con-lo-mas-destacado-y-1-hora-de-relax-en-la-playa-sint-maarten\/","title":{"rendered":"Excursi\u00f3n en jeep de 3 horas con lo m\u00e1s destacado y 1 hora de relax en la playa (Sint Maarten)"},"content":{"rendered":"<p>Para la opci\u00f3n \u00abJeep compartido\u00bb, permite un m\u00e1ximo de 4 ocupantes por veh\u00edculo. Puede compartir el Jeep con otros turistas o con el gu\u00eda tur\u00edstico.<br \/>\nPara la opci\u00f3n \u00abJeep buyer\u00bb, permite un m\u00e1ximo de 5 ocupantes por veh\u00edculo. Entonces: \u00a15 personas participan por el precio de 4!<br \/>\nGRUPOS GRANDES pedidos por comprador de Jeep. Si el n\u00famero de participantes no es m\u00faltiplo de 5, puedes reservar las plazas restantes por persona. Indique la clasificaci\u00f3n de su grupo en la secci\u00f3n \u00abrequisitos especiales\u00bb del pedido.  <\/p>\n","protected":false},"excerpt":{"rendered":"<p>\u00a1Disfruta de un recorrido completo por los lados holand\u00e9s y franc\u00e9s de Sint Maarten, mientras experimentas los principales lugares de inter\u00e9s y playas! Se trata de una excursi\u00f3n guiada a \u00abritmo tur\u00edstico\u00bb, principalmente por carretera, con una parte fuera de la carretera. Todos los conductores deben presentar una licencia de conducir v\u00e1lida. Todos los Jeeps tienen comunicaci\u00f3n por radio con el Jeep del gu\u00eda tur\u00edstico. Incluye 2 bebidas por persona (agua embotellada y refrescos). Refr\u00e9scate al final del paseo en jeep con un refrescante ba\u00f1o en la hermosa playa de Philipsburg.     <\/p>\n","protected":false},"featured_media":20731,"comment_status":"closed","ping_status":"closed","template":"","meta":{"_acf_changed":false,"site-sidebar-layout":"default","site-content-layout":"","ast-site-content-layout":"default","site-content-style":"default","site-sidebar-style":"default","ast-global-header-display":"","ast-banner-title-visibility":"","ast-main-header-display":"","ast-hfb-above-header-display":"","ast-hfb-below-header-display":"","ast-hfb-mobile-header-display":"","site-post-title":"","ast-breadcrumbs-content":"","ast-featured-img":"","footer-sml-layout":"","ast-disable-related-posts":"","theme-transparent-header-meta":"","adv-header-id-meta":"","stick-header-meta":"","header-above-stick-meta":"","header-main-stick-meta":"","header-below-stick-meta":"","astra-migrate-meta-layouts":"default","ast-page-background-enabled":"default","ast-page-background-meta":{"desktop":{"background-color":"var(--ast-global-color-4)","background-image":"","background-repeat":"repeat","background-position":"center center","background-size":"auto","background-attachment":"scroll","background-type":"","background-media":"","overlay-type":"","overlay-color":"","overlay-opacity":"","overlay-gradient":""},"tablet":{"background-color":"","background-image":"","background-repeat":"repeat","background-position":"center center","background-size":"auto","background-attachment":"scroll","background-type":"","background-media":"","overlay-type":"","overlay-color":"","overlay-opacity":"","overlay-gradient":""},"mobile":{"background-color":"","background-image":"","background-repeat":"repeat","background-position":"center center","background-size":"auto","background-attachment":"scroll","background-type":"","background-media":"","overlay-type":"","overlay-color":"","overlay-opacity":"","overlay-gradient":""}},"ast-content-background-meta":{"desktop":{"background-color":"var(--ast-global-color-5)","background-image":"","background-repeat":"repeat","background-position":"center center","background-size":"auto","background-attachment":"scroll","background-type":"","background-media":"","overlay-type":"","overlay-color":"","overlay-opacity":"","overlay-gradient":""},"tablet":{"background-color":"var(--ast-global-color-5)","background-image":"","background-repeat":"repeat","background-position":"center center","background-size":"auto","background-attachment":"scroll","background-type":"","background-media":"","overlay-type":"","overlay-color":"","overlay-opacity":"","overlay-gradient":""},"mobile":{"background-color":"var(--ast-global-color-5)","background-image":"","background-repeat":"repeat","background-position":"center center","background-size":"auto","background-attachment":"scroll","background-type":"","background-media":"","overlay-type":"","overlay-color":"","overlay-opacity":"","overlay-gradient":""}}},"activiteit-bron":[574],"product_brand":[],"product_cat":[522],"product_tag":[212],"class_list":{"0":"post-26872","1":"product","2":"type-product","3":"status-publish","4":"has-post-thumbnail","6":"activiteit-bron-expedia","7":"product_cat-san-martin","8":"product_tag-san-martin","9":"desktop-align-left","10":"tablet-align-left","11":"mobile-align-left","13":"first","14":"instock","15":"virtual","16":"product-type-external"},"acf":[],"_links":{"self":[{"href":"https:\/\/staging.bluebirdtourstravel.com\/es\/wp-json\/wp\/v2\/product\/26872","targetHints":{"allow":["GET"]}}],"collection":[{"href":"https:\/\/staging.bluebirdtourstravel.com\/es\/wp-json\/wp\/v2\/product"}],"about":[{"href":"https:\/\/staging.bluebirdtourstravel.com\/es\/wp-json\/wp\/v2\/types\/product"}],"replies":[{"embeddable":true,"href":"https:\/\/staging.bluebirdtourstravel.com\/es\/wp-json\/wp\/v2\/comments?post=26872"}],"wp:featuredmedia":[{"embeddable":true,"href":"https:\/\/staging.bluebirdtourstravel.com\/es\/wp-json\/wp\/v2\/media\/20731"}],"wp:attachment":[{"href":"https:\/\/staging.bluebirdtourstravel.com\/es\/wp-json\/wp\/v2\/media?parent=26872"}],"wp:term":[{"taxonomy":"activiteit-bron","embeddable":true,"href":"https:\/\/staging.bluebirdtourstravel.com\/es\/wp-json\/wp\/v2\/activiteit-bron?post=26872"},{"taxonomy":"product_brand","embeddable":true,"href":"https:\/\/staging.bluebirdtourstravel.com\/es\/wp-json\/wp\/v2\/product_brand?post=26872"},{"taxonomy":"product_cat","embeddable":true,"href":"https:\/\/staging.bluebirdtourstravel.com\/es\/wp-json\/wp\/v2\/product_cat?post=26872"},{"taxonomy":"product_tag","embeddable":true,"href":"https:\/\/staging.bluebirdtourstravel.com\/es\/wp-json\/wp\/v2\/product_tag?post=26872"}],"curies":[{"name":"wp","href":"https:\/\/api.w.org\/{rel}","templated":true}]}}