{"id":27044,"date":"2025-09-21T14:17:47","date_gmt":"2025-09-21T14:17:47","guid":{"rendered":"https:\/\/bluebirdtourstravel.com\/product\/snorkeling-con-tortugas-y-kenepa-grandi-la-excursion-a-la-isla-curazao\/"},"modified":"2025-09-29T11:22:47","modified_gmt":"2025-09-29T11:22:47","slug":"snorkeling-con-tortugas-y-kenepa-grandi-la-excursion-a-la-isla-curazao","status":"publish","type":"product","link":"https:\/\/staging.bluebirdtourstravel.com\/es\/producto\/snorkeling-con-tortugas-y-kenepa-grandi-la-excursion-a-la-isla-curazao\/","title":{"rendered":"Snorkeling con tortugas y Kenepa Grandi: \u00a1La excursi\u00f3n a la isla! (Curazao)"},"content":{"rendered":"<p>A continuaci\u00f3n, visite la famosa playa de Grote Knip para nadar o bucear m\u00e1s. Esta es una de las playas m\u00e1s hermosas de la isla con su mar azul celeste. Tambi\u00e9n es la playa m\u00e1s fotografiada.<br \/>\nDespu\u00e9s, t\u00f3mese un momento para admirar los flamencos salvajes en Landhuis Jan Kok, donde estas aves de la libertad habitan elegantemente en la zona. Esta es una parada para tomar fotos desde el autob\u00fas.<br \/>\nDespu\u00e9s de esta incre\u00edble experiencia en la playa, nuestro gu\u00eda y conductor profesional lo llevar\u00e1 de regreso a su hotel o barco a tiempo.<br \/>\nNotas:<br \/>\nPuede haber ligeras corrientes, puede haber viento y, a veces, hay olas. La playa puede ser rocosa, lo que puede dificultar un poco la entrada al mar.<br \/>\nSe recomienda llevar zapatos para el agua y una c\u00e1mara subacu\u00e1tica.<\/p>\n","protected":false},"excerpt":{"rendered":"<p>Deje que el mejor operador tur\u00edstico de la isla lo lleve en un viaje fascinante a Playa Grandi; donde puede sumergirse en las aguas cristalinas con snorkels provistos para descubrir la vida marina, incluidas las tortugas marinas. Descubre el asombroso e impresionante mundo submarino de Curazao. <\/p>\n","protected":false},"featured_media":17941,"comment_status":"closed","ping_status":"closed","template":"","meta":{"_acf_changed":false,"site-sidebar-layout":"default","site-content-layout":"","ast-site-content-layout":"default","site-content-style":"default","site-sidebar-style":"default","ast-global-header-display":"","ast-banner-title-visibility":"","ast-main-header-display":"","ast-hfb-above-header-display":"","ast-hfb-below-header-display":"","ast-hfb-mobile-header-display":"","site-post-title":"","ast-breadcrumbs-content":"","ast-featured-img":"","footer-sml-layout":"","ast-disable-related-posts":"","theme-transparent-header-meta":"","adv-header-id-meta":"","stick-header-meta":"","header-above-stick-meta":"","header-main-stick-meta":"","header-below-stick-meta":"","astra-migrate-meta-layouts":"default","ast-page-background-enabled":"default","ast-page-background-meta":{"desktop":{"background-color":"var(--ast-global-color-4)","background-image":"","background-repeat":"repeat","background-position":"center center","background-size":"auto","background-attachment":"scroll","background-type":"","background-media":"","overlay-type":"","overlay-color":"","overlay-opacity":"","overlay-gradient":""},"tablet":{"background-color":"","background-image":"","background-repeat":"repeat","background-position":"center center","background-size":"auto","background-attachment":"scroll","background-type":"","background-media":"","overlay-type":"","overlay-color":"","overlay-opacity":"","overlay-gradient":""},"mobile":{"background-color":"","background-image":"","background-repeat":"repeat","background-position":"center center","background-size":"auto","background-attachment":"scroll","background-type":"","background-media":"","overlay-type":"","overlay-color":"","overlay-opacity":"","overlay-gradient":""}},"ast-content-background-meta":{"desktop":{"background-color":"var(--ast-global-color-5)","background-image":"","background-repeat":"repeat","background-position":"center center","background-size":"auto","background-attachment":"scroll","background-type":"","background-media":"","overlay-type":"","overlay-color":"","overlay-opacity":"","overlay-gradient":""},"tablet":{"background-color":"var(--ast-global-color-5)","background-image":"","background-repeat":"repeat","background-position":"center center","background-size":"auto","background-attachment":"scroll","background-type":"","background-media":"","overlay-type":"","overlay-color":"","overlay-opacity":"","overlay-gradient":""},"mobile":{"background-color":"var(--ast-global-color-5)","background-image":"","background-repeat":"repeat","background-position":"center center","background-size":"auto","background-attachment":"scroll","background-type":"","background-media":"","overlay-type":"","overlay-color":"","overlay-opacity":"","overlay-gradient":""}}},"activiteit-bron":[574],"product_brand":[],"product_cat":[154,170],"product_tag":[172,257],"class_list":{"0":"post-27044","1":"product","2":"type-product","3":"status-publish","4":"has-post-thumbnail","6":"activiteit-bron-expedia","7":"product_cat-buceo-y-snorkel","8":"product_cat-curacao-es","9":"product_tag-curacao-es","10":"product_tag-snorkel-en-curacao","11":"desktop-align-left","12":"tablet-align-left","13":"mobile-align-left","15":"first","16":"instock","17":"virtual","18":"product-type-external"},"acf":[],"_links":{"self":[{"href":"https:\/\/staging.bluebirdtourstravel.com\/es\/wp-json\/wp\/v2\/product\/27044","targetHints":{"allow":["GET"]}}],"collection":[{"href":"https:\/\/staging.bluebirdtourstravel.com\/es\/wp-json\/wp\/v2\/product"}],"about":[{"href":"https:\/\/staging.bluebirdtourstravel.com\/es\/wp-json\/wp\/v2\/types\/product"}],"replies":[{"embeddable":true,"href":"https:\/\/staging.bluebirdtourstravel.com\/es\/wp-json\/wp\/v2\/comments?post=27044"}],"wp:featuredmedia":[{"embeddable":true,"href":"https:\/\/staging.bluebirdtourstravel.com\/es\/wp-json\/wp\/v2\/media\/17941"}],"wp:attachment":[{"href":"https:\/\/staging.bluebirdtourstravel.com\/es\/wp-json\/wp\/v2\/media?parent=27044"}],"wp:term":[{"taxonomy":"activiteit-bron","embeddable":true,"href":"https:\/\/staging.bluebirdtourstravel.com\/es\/wp-json\/wp\/v2\/activiteit-bron?post=27044"},{"taxonomy":"product_brand","embeddable":true,"href":"https:\/\/staging.bluebirdtourstravel.com\/es\/wp-json\/wp\/v2\/product_brand?post=27044"},{"taxonomy":"product_cat","embeddable":true,"href":"https:\/\/staging.bluebirdtourstravel.com\/es\/wp-json\/wp\/v2\/product_cat?post=27044"},{"taxonomy":"product_tag","embeddable":true,"href":"https:\/\/staging.bluebirdtourstravel.com\/es\/wp-json\/wp\/v2\/product_tag?post=27044"}],"curies":[{"name":"wp","href":"https:\/\/api.w.org\/{rel}","templated":true}]}}