{"id":27057,"date":"2025-09-21T14:17:41","date_gmt":"2025-09-21T14:17:41","guid":{"rendered":"https:\/\/bluebirdtourstravel.com\/product\/aventura-nocturna-aperitivos-y-bares-curazao\/"},"modified":"2025-09-21T14:17:41","modified_gmt":"2025-09-21T14:17:41","slug":"aventura-nocturna-aperitivos-y-bares-curazao","status":"publish","type":"product","link":"https:\/\/staging.bluebirdtourstravel.com\/es\/producto\/aventura-nocturna-aperitivos-y-bares-curazao\/","title":{"rendered":"Aventura nocturna: Aperitivos y bares (Curazao)"},"content":{"rendered":"<p>Nuestra primera parada lo sumergir\u00e1 en el coraz\u00f3n del distrito de Punda. Capture los colores vibrantes de Handelskade, pasee por el ic\u00f3nico puente flotante Emma o rel\u00e1jese en Op = Op Bar con la cerveza m\u00e1s fr\u00eda de Curazao y los bocadillos locales.<br \/>\nA continuaci\u00f3n, nos dirigiremos a Netto Bar, el establecimiento m\u00e1s antiguo de Curazao desde 1954. Esta joya cultural cuenta con un interior antiguo y es famosa por el famoso ron verde de la isla, tambi\u00e9n conocido como &#8216;R\u00f2m B\u00e8rd\u00e8&#8217;. Exclusivo de Netto Bar, es una de las bebidas alcoh\u00f3licas m\u00e1s emblem\u00e1ticas de Curazao.<br \/>\nNuestra noche de aventura contin\u00faa con una parada en Mundo Bizarro, donde podr\u00e1s disfrutar de cervezas fr\u00edas, deliciosos c\u00f3cteles y m\u00fasica maravillosa hasta las 11:30 p.m.<\/p>\n","protected":false},"excerpt":{"rendered":"<p>Participe en una emocionante aventura nocturna mientras lo llevamos en un viaje a trav\u00e9s de la vibrante vida nocturna de Curazao. S\u00fabete a bordo de nuestro animado autob\u00fas de fiesta, donde la buena m\u00fasica marca la pauta para una velada inolvidable. Con un gu\u00eda local a la cabeza, exploraremos los mejores bares de Willemstad y crearemos recuerdos que durar\u00e1n toda la vida.  <\/p>\n","protected":false},"featured_media":18311,"comment_status":"closed","ping_status":"closed","template":"","meta":{"_acf_changed":false,"site-sidebar-layout":"default","site-content-layout":"","ast-site-content-layout":"default","site-content-style":"default","site-sidebar-style":"default","ast-global-header-display":"","ast-banner-title-visibility":"","ast-main-header-display":"","ast-hfb-above-header-display":"","ast-hfb-below-header-display":"","ast-hfb-mobile-header-display":"","site-post-title":"","ast-breadcrumbs-content":"","ast-featured-img":"","footer-sml-layout":"","ast-disable-related-posts":"","theme-transparent-header-meta":"","adv-header-id-meta":"","stick-header-meta":"","header-above-stick-meta":"","header-main-stick-meta":"","header-below-stick-meta":"","astra-migrate-meta-layouts":"default","ast-page-background-enabled":"default","ast-page-background-meta":{"desktop":{"background-color":"var(--ast-global-color-4)","background-image":"","background-repeat":"repeat","background-position":"center center","background-size":"auto","background-attachment":"scroll","background-type":"","background-media":"","overlay-type":"","overlay-color":"","overlay-opacity":"","overlay-gradient":""},"tablet":{"background-color":"","background-image":"","background-repeat":"repeat","background-position":"center center","background-size":"auto","background-attachment":"scroll","background-type":"","background-media":"","overlay-type":"","overlay-color":"","overlay-opacity":"","overlay-gradient":""},"mobile":{"background-color":"","background-image":"","background-repeat":"repeat","background-position":"center center","background-size":"auto","background-attachment":"scroll","background-type":"","background-media":"","overlay-type":"","overlay-color":"","overlay-opacity":"","overlay-gradient":""}},"ast-content-background-meta":{"desktop":{"background-color":"var(--ast-global-color-5)","background-image":"","background-repeat":"repeat","background-position":"center center","background-size":"auto","background-attachment":"scroll","background-type":"","background-media":"","overlay-type":"","overlay-color":"","overlay-opacity":"","overlay-gradient":""},"tablet":{"background-color":"var(--ast-global-color-5)","background-image":"","background-repeat":"repeat","background-position":"center center","background-size":"auto","background-attachment":"scroll","background-type":"","background-media":"","overlay-type":"","overlay-color":"","overlay-opacity":"","overlay-gradient":""},"mobile":{"background-color":"var(--ast-global-color-5)","background-image":"","background-repeat":"repeat","background-position":"center center","background-size":"auto","background-attachment":"scroll","background-type":"","background-media":"","overlay-type":"","overlay-color":"","overlay-opacity":"","overlay-gradient":""}}},"activiteit-bron":[574],"product_brand":[],"product_cat":[170],"product_tag":[172],"class_list":{"0":"post-27057","1":"product","2":"type-product","3":"status-publish","4":"has-post-thumbnail","6":"activiteit-bron-expedia","7":"product_cat-curacao-es","8":"product_tag-curacao-es","9":"desktop-align-left","10":"tablet-align-left","11":"mobile-align-left","13":"first","14":"instock","15":"virtual","16":"product-type-external"},"acf":[],"_links":{"self":[{"href":"https:\/\/staging.bluebirdtourstravel.com\/es\/wp-json\/wp\/v2\/product\/27057","targetHints":{"allow":["GET"]}}],"collection":[{"href":"https:\/\/staging.bluebirdtourstravel.com\/es\/wp-json\/wp\/v2\/product"}],"about":[{"href":"https:\/\/staging.bluebirdtourstravel.com\/es\/wp-json\/wp\/v2\/types\/product"}],"replies":[{"embeddable":true,"href":"https:\/\/staging.bluebirdtourstravel.com\/es\/wp-json\/wp\/v2\/comments?post=27057"}],"wp:featuredmedia":[{"embeddable":true,"href":"https:\/\/staging.bluebirdtourstravel.com\/es\/wp-json\/wp\/v2\/media\/18311"}],"wp:attachment":[{"href":"https:\/\/staging.bluebirdtourstravel.com\/es\/wp-json\/wp\/v2\/media?parent=27057"}],"wp:term":[{"taxonomy":"activiteit-bron","embeddable":true,"href":"https:\/\/staging.bluebirdtourstravel.com\/es\/wp-json\/wp\/v2\/activiteit-bron?post=27057"},{"taxonomy":"product_brand","embeddable":true,"href":"https:\/\/staging.bluebirdtourstravel.com\/es\/wp-json\/wp\/v2\/product_brand?post=27057"},{"taxonomy":"product_cat","embeddable":true,"href":"https:\/\/staging.bluebirdtourstravel.com\/es\/wp-json\/wp\/v2\/product_cat?post=27057"},{"taxonomy":"product_tag","embeddable":true,"href":"https:\/\/staging.bluebirdtourstravel.com\/es\/wp-json\/wp\/v2\/product_tag?post=27057"}],"curies":[{"name":"wp","href":"https:\/\/api.w.org\/{rel}","templated":true}]}}