{"id":27104,"date":"2025-09-21T14:17:18","date_gmt":"2025-09-21T14:17:18","guid":{"rendered":"https:\/\/bluebirdtourstravel.com\/product\/sesion-de-fotos-profesional-en-curazao-curazao\/"},"modified":"2025-09-21T14:17:18","modified_gmt":"2025-09-21T14:17:18","slug":"sesion-de-fotos-profesional-en-curazao-curazao","status":"publish","type":"product","link":"https:\/\/staging.bluebirdtourstravel.com\/es\/producto\/sesion-de-fotos-profesional-en-curazao-curazao\/","title":{"rendered":"Sesi\u00f3n de fotos profesional en Curazao (Curazao)"},"content":{"rendered":"<p>Nuestras sesiones de fotos son ideales para cualquier turista<br \/>\nQu\u00e9 incluye:<br \/>\nUna galer\u00eda<br \/>\nprivada en l\u00ednea Qu\u00e9 no est\u00e1 incluido:<\/p>\n","protected":false},"excerpt":{"rendered":"<p>Sesi\u00f3n de fotos profesional en lugares \u00fanicos de Curazao. La Experiencia Fotogr\u00e1fica crea excelentes recuerdos fotogr\u00e1ficos de su visita. Podr\u00e1s ver lugares ocultos y obtener la mejor historia fotogr\u00e1fica de tu visita a Curazao. Podemos personalizar cada sesi\u00f3n de fotos para satisfacer sus necesidades; Podemos viajar a su ubicaci\u00f3n o podemos sugerirle una ubicaci\u00f3n para la sesi\u00f3n de fotos.<br \/>\n1 hora = 20 fotos finales*<br \/>\n2 horas = 30 fotos finales*<br \/>\n3 horas = 40 fotos finales*<br \/>\n4 horas = 50 fotos finales*<br \/>\nmismo conjunto de im\u00e1genes<br \/>\nUna experiencia<br \/>\nde sesi\u00f3n de fotos profesional en una ubicaci\u00f3n \u00fanica ENTREGA \u2013 Hasta 14 d\u00edas despu\u00e9s de la sesi\u00f3n de fotos.   <\/p>\n","protected":false},"featured_media":19744,"comment_status":"closed","ping_status":"closed","template":"","meta":{"_acf_changed":false,"site-sidebar-layout":"default","site-content-layout":"","ast-site-content-layout":"default","site-content-style":"default","site-sidebar-style":"default","ast-global-header-display":"","ast-banner-title-visibility":"","ast-main-header-display":"","ast-hfb-above-header-display":"","ast-hfb-below-header-display":"","ast-hfb-mobile-header-display":"","site-post-title":"","ast-breadcrumbs-content":"","ast-featured-img":"","footer-sml-layout":"","ast-disable-related-posts":"","theme-transparent-header-meta":"","adv-header-id-meta":"","stick-header-meta":"","header-above-stick-meta":"","header-main-stick-meta":"","header-below-stick-meta":"","astra-migrate-meta-layouts":"default","ast-page-background-enabled":"default","ast-page-background-meta":{"desktop":{"background-color":"var(--ast-global-color-4)","background-image":"","background-repeat":"repeat","background-position":"center center","background-size":"auto","background-attachment":"scroll","background-type":"","background-media":"","overlay-type":"","overlay-color":"","overlay-opacity":"","overlay-gradient":""},"tablet":{"background-color":"","background-image":"","background-repeat":"repeat","background-position":"center center","background-size":"auto","background-attachment":"scroll","background-type":"","background-media":"","overlay-type":"","overlay-color":"","overlay-opacity":"","overlay-gradient":""},"mobile":{"background-color":"","background-image":"","background-repeat":"repeat","background-position":"center center","background-size":"auto","background-attachment":"scroll","background-type":"","background-media":"","overlay-type":"","overlay-color":"","overlay-opacity":"","overlay-gradient":""}},"ast-content-background-meta":{"desktop":{"background-color":"var(--ast-global-color-5)","background-image":"","background-repeat":"repeat","background-position":"center center","background-size":"auto","background-attachment":"scroll","background-type":"","background-media":"","overlay-type":"","overlay-color":"","overlay-opacity":"","overlay-gradient":""},"tablet":{"background-color":"var(--ast-global-color-5)","background-image":"","background-repeat":"repeat","background-position":"center center","background-size":"auto","background-attachment":"scroll","background-type":"","background-media":"","overlay-type":"","overlay-color":"","overlay-opacity":"","overlay-gradient":""},"mobile":{"background-color":"var(--ast-global-color-5)","background-image":"","background-repeat":"repeat","background-position":"center center","background-size":"auto","background-attachment":"scroll","background-type":"","background-media":"","overlay-type":"","overlay-color":"","overlay-opacity":"","overlay-gradient":""}}},"activiteit-bron":[574],"product_brand":[],"product_cat":[170],"product_tag":[172],"class_list":{"0":"post-27104","1":"product","2":"type-product","3":"status-publish","4":"has-post-thumbnail","6":"activiteit-bron-expedia","7":"product_cat-curacao-es","8":"product_tag-curacao-es","9":"desktop-align-left","10":"tablet-align-left","11":"mobile-align-left","13":"first","14":"instock","15":"virtual","16":"product-type-external"},"acf":[],"_links":{"self":[{"href":"https:\/\/staging.bluebirdtourstravel.com\/es\/wp-json\/wp\/v2\/product\/27104","targetHints":{"allow":["GET"]}}],"collection":[{"href":"https:\/\/staging.bluebirdtourstravel.com\/es\/wp-json\/wp\/v2\/product"}],"about":[{"href":"https:\/\/staging.bluebirdtourstravel.com\/es\/wp-json\/wp\/v2\/types\/product"}],"replies":[{"embeddable":true,"href":"https:\/\/staging.bluebirdtourstravel.com\/es\/wp-json\/wp\/v2\/comments?post=27104"}],"wp:featuredmedia":[{"embeddable":true,"href":"https:\/\/staging.bluebirdtourstravel.com\/es\/wp-json\/wp\/v2\/media\/19744"}],"wp:attachment":[{"href":"https:\/\/staging.bluebirdtourstravel.com\/es\/wp-json\/wp\/v2\/media?parent=27104"}],"wp:term":[{"taxonomy":"activiteit-bron","embeddable":true,"href":"https:\/\/staging.bluebirdtourstravel.com\/es\/wp-json\/wp\/v2\/activiteit-bron?post=27104"},{"taxonomy":"product_brand","embeddable":true,"href":"https:\/\/staging.bluebirdtourstravel.com\/es\/wp-json\/wp\/v2\/product_brand?post=27104"},{"taxonomy":"product_cat","embeddable":true,"href":"https:\/\/staging.bluebirdtourstravel.com\/es\/wp-json\/wp\/v2\/product_cat?post=27104"},{"taxonomy":"product_tag","embeddable":true,"href":"https:\/\/staging.bluebirdtourstravel.com\/es\/wp-json\/wp\/v2\/product_tag?post=27104"}],"curies":[{"name":"wp","href":"https:\/\/api.w.org\/{rel}","templated":true}]}}