{"id":27112,"date":"2025-09-21T14:17:17","date_gmt":"2025-09-21T14:17:17","guid":{"rendered":"https:\/\/bluebirdtourstravel.com\/product\/viaje-fotografico-con-ropa-tradicional-curazao\/"},"modified":"2025-09-21T14:17:17","modified_gmt":"2025-09-21T14:17:17","slug":"viaje-fotografico-con-ropa-tradicional-curazao","status":"publish","type":"product","link":"https:\/\/staging.bluebirdtourstravel.com\/es\/producto\/viaje-fotografico-con-ropa-tradicional-curazao\/","title":{"rendered":"Viaje fotogr\u00e1fico con ropa tradicional (Curazao)"},"content":{"rendered":"<p>\u00a1\u00danase a nosotros hoy!<\/p>\n","protected":false},"excerpt":{"rendered":"<p>\u00bfAlguna vez has pensado en usar ropa tradicional de Curazao y entrar en la historia? Nuestra tienda de experiencias lo hace realidad. Experimenta el pasado capturando momentos que resuenan a trav\u00e9s del tiempo y crea recuerdos que abarcan generaciones. Desde recuerdos \u00fanicos hasta creaciones \u00fanicas, nuestra tienda es un tesoro de artesan\u00edas y productos locales que honran la esencia de la isla. Satisface tus antojos dulces con aut\u00e9nticas delicias locales que llevan la esencia de generaciones. \u00bfInteresado en abrazar el alma de Curazao? Haga una cita para una exploraci\u00f3n inmersiva o simplemente pase para comenzar una aventura fascinante. Deje que la cultura, la historia y los sabores de Curazao lo abracen.       <\/p>\n","protected":false},"featured_media":19806,"comment_status":"closed","ping_status":"closed","template":"","meta":{"_acf_changed":false,"site-sidebar-layout":"default","site-content-layout":"","ast-site-content-layout":"default","site-content-style":"default","site-sidebar-style":"default","ast-global-header-display":"","ast-banner-title-visibility":"","ast-main-header-display":"","ast-hfb-above-header-display":"","ast-hfb-below-header-display":"","ast-hfb-mobile-header-display":"","site-post-title":"","ast-breadcrumbs-content":"","ast-featured-img":"","footer-sml-layout":"","ast-disable-related-posts":"","theme-transparent-header-meta":"","adv-header-id-meta":"","stick-header-meta":"","header-above-stick-meta":"","header-main-stick-meta":"","header-below-stick-meta":"","astra-migrate-meta-layouts":"default","ast-page-background-enabled":"default","ast-page-background-meta":{"desktop":{"background-color":"var(--ast-global-color-4)","background-image":"","background-repeat":"repeat","background-position":"center center","background-size":"auto","background-attachment":"scroll","background-type":"","background-media":"","overlay-type":"","overlay-color":"","overlay-opacity":"","overlay-gradient":""},"tablet":{"background-color":"","background-image":"","background-repeat":"repeat","background-position":"center center","background-size":"auto","background-attachment":"scroll","background-type":"","background-media":"","overlay-type":"","overlay-color":"","overlay-opacity":"","overlay-gradient":""},"mobile":{"background-color":"","background-image":"","background-repeat":"repeat","background-position":"center center","background-size":"auto","background-attachment":"scroll","background-type":"","background-media":"","overlay-type":"","overlay-color":"","overlay-opacity":"","overlay-gradient":""}},"ast-content-background-meta":{"desktop":{"background-color":"var(--ast-global-color-5)","background-image":"","background-repeat":"repeat","background-position":"center center","background-size":"auto","background-attachment":"scroll","background-type":"","background-media":"","overlay-type":"","overlay-color":"","overlay-opacity":"","overlay-gradient":""},"tablet":{"background-color":"var(--ast-global-color-5)","background-image":"","background-repeat":"repeat","background-position":"center center","background-size":"auto","background-attachment":"scroll","background-type":"","background-media":"","overlay-type":"","overlay-color":"","overlay-opacity":"","overlay-gradient":""},"mobile":{"background-color":"var(--ast-global-color-5)","background-image":"","background-repeat":"repeat","background-position":"center center","background-size":"auto","background-attachment":"scroll","background-type":"","background-media":"","overlay-type":"","overlay-color":"","overlay-opacity":"","overlay-gradient":""}}},"activiteit-bron":[574],"product_brand":[],"product_cat":[170],"product_tag":[172],"class_list":{"0":"post-27112","1":"product","2":"type-product","3":"status-publish","4":"has-post-thumbnail","6":"activiteit-bron-expedia","7":"product_cat-curacao-es","8":"product_tag-curacao-es","9":"desktop-align-left","10":"tablet-align-left","11":"mobile-align-left","13":"first","14":"instock","15":"virtual","16":"product-type-external"},"acf":[],"_links":{"self":[{"href":"https:\/\/staging.bluebirdtourstravel.com\/es\/wp-json\/wp\/v2\/product\/27112","targetHints":{"allow":["GET"]}}],"collection":[{"href":"https:\/\/staging.bluebirdtourstravel.com\/es\/wp-json\/wp\/v2\/product"}],"about":[{"href":"https:\/\/staging.bluebirdtourstravel.com\/es\/wp-json\/wp\/v2\/types\/product"}],"replies":[{"embeddable":true,"href":"https:\/\/staging.bluebirdtourstravel.com\/es\/wp-json\/wp\/v2\/comments?post=27112"}],"wp:featuredmedia":[{"embeddable":true,"href":"https:\/\/staging.bluebirdtourstravel.com\/es\/wp-json\/wp\/v2\/media\/19806"}],"wp:attachment":[{"href":"https:\/\/staging.bluebirdtourstravel.com\/es\/wp-json\/wp\/v2\/media?parent=27112"}],"wp:term":[{"taxonomy":"activiteit-bron","embeddable":true,"href":"https:\/\/staging.bluebirdtourstravel.com\/es\/wp-json\/wp\/v2\/activiteit-bron?post=27112"},{"taxonomy":"product_brand","embeddable":true,"href":"https:\/\/staging.bluebirdtourstravel.com\/es\/wp-json\/wp\/v2\/product_brand?post=27112"},{"taxonomy":"product_cat","embeddable":true,"href":"https:\/\/staging.bluebirdtourstravel.com\/es\/wp-json\/wp\/v2\/product_cat?post=27112"},{"taxonomy":"product_tag","embeddable":true,"href":"https:\/\/staging.bluebirdtourstravel.com\/es\/wp-json\/wp\/v2\/product_tag?post=27112"}],"curies":[{"name":"wp","href":"https:\/\/api.w.org\/{rel}","templated":true}]}}