{"id":27308,"date":"2025-09-29T09:38:20","date_gmt":"2025-09-29T09:38:20","guid":{"rendered":"https:\/\/bluebirdtourstravel.com\/?post_type=product&#038;p=27308"},"modified":"2025-09-29T09:38:23","modified_gmt":"2025-09-29T09:38:23","slug":"excursion-de-medio-dia-a-la-isla-desde-oranjestad-aruba","status":"publish","type":"product","link":"https:\/\/staging.bluebirdtourstravel.com\/es\/producto\/excursion-de-medio-dia-a-la-isla-desde-oranjestad-aruba\/","title":{"rendered":"Excursi\u00f3n de medio d\u00eda a la isla desde Oranjestad (Aruba)"},"content":{"rendered":"","protected":false},"excerpt":{"rendered":"<p>\u00a1Tanto que hacer, tan poco tiempo! Este tour de medio d\u00eda por la isla cubre todas las atracciones imperdibles de Aruba, incluido el faro de California, las formaciones rocosas de Ayo o Casibari, las ruinas del molino de oro de Bushiribana y la f\u00e1brica de aloe vera. S\u00fabete y disfruta de un recorrido divertido, personalizado y amigable por la isla de Aruba. Un gu\u00eda profesional y el servicio de recogida y regreso al hotel en un autob\u00fas con aire acondicionado est\u00e1n incluidos en el viaje.   <\/p>\n","protected":false},"featured_media":12612,"comment_status":"closed","ping_status":"closed","template":"","meta":{"_acf_changed":false,"site-sidebar-layout":"default","site-content-layout":"","ast-site-content-layout":"default","site-content-style":"default","site-sidebar-style":"default","ast-global-header-display":"","ast-banner-title-visibility":"","ast-main-header-display":"","ast-hfb-above-header-display":"","ast-hfb-below-header-display":"","ast-hfb-mobile-header-display":"","site-post-title":"","ast-breadcrumbs-content":"","ast-featured-img":"","footer-sml-layout":"","ast-disable-related-posts":"","theme-transparent-header-meta":"","adv-header-id-meta":"","stick-header-meta":"","header-above-stick-meta":"","header-main-stick-meta":"","header-below-stick-meta":"","astra-migrate-meta-layouts":"default","ast-page-background-enabled":"default","ast-page-background-meta":{"desktop":{"background-color":"var(--ast-global-color-4)","background-image":"","background-repeat":"repeat","background-position":"center center","background-size":"auto","background-attachment":"scroll","background-type":"","background-media":"","overlay-type":"","overlay-color":"","overlay-opacity":"","overlay-gradient":""},"tablet":{"background-color":"","background-image":"","background-repeat":"repeat","background-position":"center center","background-size":"auto","background-attachment":"scroll","background-type":"","background-media":"","overlay-type":"","overlay-color":"","overlay-opacity":"","overlay-gradient":""},"mobile":{"background-color":"","background-image":"","background-repeat":"repeat","background-position":"center center","background-size":"auto","background-attachment":"scroll","background-type":"","background-media":"","overlay-type":"","overlay-color":"","overlay-opacity":"","overlay-gradient":""}},"ast-content-background-meta":{"desktop":{"background-color":"var(--ast-global-color-5)","background-image":"","background-repeat":"repeat","background-position":"center center","background-size":"auto","background-attachment":"scroll","background-type":"","background-media":"","overlay-type":"","overlay-color":"","overlay-opacity":"","overlay-gradient":""},"tablet":{"background-color":"var(--ast-global-color-5)","background-image":"","background-repeat":"repeat","background-position":"center center","background-size":"auto","background-attachment":"scroll","background-type":"","background-media":"","overlay-type":"","overlay-color":"","overlay-opacity":"","overlay-gradient":""},"mobile":{"background-color":"var(--ast-global-color-5)","background-image":"","background-repeat":"repeat","background-position":"center center","background-size":"auto","background-attachment":"scroll","background-type":"","background-media":"","overlay-type":"","overlay-color":"","overlay-opacity":"","overlay-gradient":""}}},"activiteit-bron":[574],"product_brand":[],"product_cat":[181],"product_tag":[182],"class_list":{"0":"post-27308","1":"product","2":"type-product","3":"status-publish","4":"has-post-thumbnail","6":"activiteit-bron-expedia","7":"product_cat-aruba-es","8":"product_tag-aruba-es","9":"desktop-align-left","10":"tablet-align-left","11":"mobile-align-left","13":"first","14":"instock","15":"virtual","16":"product-type-external"},"acf":[],"_links":{"self":[{"href":"https:\/\/staging.bluebirdtourstravel.com\/es\/wp-json\/wp\/v2\/product\/27308","targetHints":{"allow":["GET"]}}],"collection":[{"href":"https:\/\/staging.bluebirdtourstravel.com\/es\/wp-json\/wp\/v2\/product"}],"about":[{"href":"https:\/\/staging.bluebirdtourstravel.com\/es\/wp-json\/wp\/v2\/types\/product"}],"replies":[{"embeddable":true,"href":"https:\/\/staging.bluebirdtourstravel.com\/es\/wp-json\/wp\/v2\/comments?post=27308"}],"wp:featuredmedia":[{"embeddable":true,"href":"https:\/\/staging.bluebirdtourstravel.com\/es\/wp-json\/wp\/v2\/media\/12612"}],"wp:attachment":[{"href":"https:\/\/staging.bluebirdtourstravel.com\/es\/wp-json\/wp\/v2\/media?parent=27308"}],"wp:term":[{"taxonomy":"activiteit-bron","embeddable":true,"href":"https:\/\/staging.bluebirdtourstravel.com\/es\/wp-json\/wp\/v2\/activiteit-bron?post=27308"},{"taxonomy":"product_brand","embeddable":true,"href":"https:\/\/staging.bluebirdtourstravel.com\/es\/wp-json\/wp\/v2\/product_brand?post=27308"},{"taxonomy":"product_cat","embeddable":true,"href":"https:\/\/staging.bluebirdtourstravel.com\/es\/wp-json\/wp\/v2\/product_cat?post=27308"},{"taxonomy":"product_tag","embeddable":true,"href":"https:\/\/staging.bluebirdtourstravel.com\/es\/wp-json\/wp\/v2\/product_tag?post=27308"}],"curies":[{"name":"wp","href":"https:\/\/api.w.org\/{rel}","templated":true}]}}