{"id":28542,"date":"2025-11-27T15:46:17","date_gmt":"2025-11-27T15:46:17","guid":{"rendered":"https:\/\/bluebirdtourstravel.com\/product\/ruta-en-bicicleta-plantacion-descanso-y-trabajo-incluyendo-guia-y-bicicleta\/"},"modified":"2026-03-26T14:05:08","modified_gmt":"2026-03-26T14:05:08","slug":"ruta-en-bicicleta-plantacion-descanso-y-trabajo-incluyendo-guia-y-bicicleta","status":"publish","type":"product","link":"https:\/\/staging.bluebirdtourstravel.com\/es\/producto\/ruta-en-bicicleta-plantacion-descanso-y-trabajo-incluyendo-guia-y-bicicleta\/","title":{"rendered":"Ruta en bicicleta por plantaciones, descanso y trabajo \u2013 incluyendo gu\u00eda y bicicleta (Surinam)"},"content":{"rendered":"<section class=\"activity-description\">Plantation <strong>Rust en Werk<\/strong> es una antigua plantaci\u00f3n de caf\u00e9 que se puede visitar en bicicleta. La aldea javanesa actual es conocida por su ganader\u00eda, acuicultura y los deliciosos aperitivos locales que se pueden saborear en el camino. Al llegar, ser\u00e1s recibido calurosamente por vecinos amables y guiado por un hermoso paisaje verde que abarca mucho m\u00e1s que solo agricultura y ganader\u00eda. Durante este recorrido guiado en bicicleta descubrir\u00e1s el pueblo y las antiguas zonas de plantaci\u00f3n. Puedes elegir explorar en bicicleta o dar un paseo con el <strong>famoso \u00abtractor invitado\u00bb,<\/strong> que te lleva por la antigua plantaci\u00f3n pasando por lugares especiales. Dondequiera que mires, encontrar\u00e1s huellas de su rico pasado, incluyendo puentes hist\u00f3ricos, antiguas v\u00edas fluviales y monumentos que cuentan la historia de la plantaci\u00f3n. Uno de los momentos m\u00e1s destacados es visitar las <strong>tumbas de los gobernadores del siglo XVIII<\/strong>. Entre otros, aqu\u00ed est\u00e1n enterradas las dos hijas del gobernador general Wigbold Crommelin \u2014 testigos silenciosos de una \u00e9poca en la que la plantaci\u00f3n desempe\u00f1\u00f3 un papel importante en la historia de Surinam.     <\/section>\n","protected":false},"excerpt":{"rendered":"<p>Plantation Rust en Werk es una antigua plantaci\u00f3n de caf\u00e9 que se puede visitar en bicicleta. La aldea javanesa actual [&hellip;]<\/p>\n","protected":false},"featured_media":28543,"comment_status":"open","ping_status":"closed","template":"","meta":{"_acf_changed":false,"site-sidebar-layout":"default","site-content-layout":"","ast-site-content-layout":"default","site-content-style":"default","site-sidebar-style":"default","ast-global-header-display":"","ast-banner-title-visibility":"","ast-main-header-display":"","ast-hfb-above-header-display":"","ast-hfb-below-header-display":"","ast-hfb-mobile-header-display":"","site-post-title":"","ast-breadcrumbs-content":"","ast-featured-img":"","footer-sml-layout":"","ast-disable-related-posts":"","theme-transparent-header-meta":"default","adv-header-id-meta":"","stick-header-meta":"","header-above-stick-meta":"","header-main-stick-meta":"","header-below-stick-meta":"","astra-migrate-meta-layouts":"default","ast-page-background-enabled":"default","ast-page-background-meta":{"desktop":{"background-color":"var(--ast-global-color-4)","background-image":"","background-repeat":"repeat","background-position":"center center","background-size":"auto","background-attachment":"scroll","background-type":"","background-media":"","overlay-type":"","overlay-color":"","overlay-opacity":"","overlay-gradient":""},"tablet":{"background-color":"","background-image":"","background-repeat":"repeat","background-position":"center center","background-size":"auto","background-attachment":"scroll","background-type":"","background-media":"","overlay-type":"","overlay-color":"","overlay-opacity":"","overlay-gradient":""},"mobile":{"background-color":"","background-image":"","background-repeat":"repeat","background-position":"center center","background-size":"auto","background-attachment":"scroll","background-type":"","background-media":"","overlay-type":"","overlay-color":"","overlay-opacity":"","overlay-gradient":""}},"ast-content-background-meta":{"desktop":{"background-color":"var(--ast-global-color-5)","background-image":"","background-repeat":"repeat","background-position":"center center","background-size":"auto","background-attachment":"scroll","background-type":"","background-media":"","overlay-type":"","overlay-color":"","overlay-opacity":"","overlay-gradient":""},"tablet":{"background-color":"var(--ast-global-color-5)","background-image":"","background-repeat":"repeat","background-position":"center center","background-size":"auto","background-attachment":"scroll","background-type":"","background-media":"","overlay-type":"","overlay-color":"","overlay-opacity":"","overlay-gradient":""},"mobile":{"background-color":"var(--ast-global-color-5)","background-image":"","background-repeat":"repeat","background-position":"center center","background-size":"auto","background-attachment":"scroll","background-type":"","background-media":"","overlay-type":"","overlay-color":"","overlay-opacity":"","overlay-gradient":""}}},"activiteit-bron":[576,580],"product_brand":[],"product_cat":[211,132,144],"product_tag":[544,146],"class_list":{"0":"post-28542","1":"product","2":"type-product","3":"status-publish","4":"has-post-thumbnail","6":"activiteit-bron-eigen-netwerk","7":"activiteit-bron-propia-red-surinam","8":"product_cat-actividades-al-aire-libre","9":"product_cat-naturaleza-y-cultura","10":"product_cat-surinam","11":"product_tag-bicicleta","12":"product_tag-surinam","13":"desktop-align-left","14":"tablet-align-left","15":"mobile-align-left","17":"first","18":"instock","19":"featured","20":"shipping-taxable","21":"purchasable","22":"product-type-simple"},"acf":[],"_links":{"self":[{"href":"https:\/\/staging.bluebirdtourstravel.com\/es\/wp-json\/wp\/v2\/product\/28542","targetHints":{"allow":["GET"]}}],"collection":[{"href":"https:\/\/staging.bluebirdtourstravel.com\/es\/wp-json\/wp\/v2\/product"}],"about":[{"href":"https:\/\/staging.bluebirdtourstravel.com\/es\/wp-json\/wp\/v2\/types\/product"}],"replies":[{"embeddable":true,"href":"https:\/\/staging.bluebirdtourstravel.com\/es\/wp-json\/wp\/v2\/comments?post=28542"}],"wp:featuredmedia":[{"embeddable":true,"href":"https:\/\/staging.bluebirdtourstravel.com\/es\/wp-json\/wp\/v2\/media\/28543"}],"wp:attachment":[{"href":"https:\/\/staging.bluebirdtourstravel.com\/es\/wp-json\/wp\/v2\/media?parent=28542"}],"wp:term":[{"taxonomy":"activiteit-bron","embeddable":true,"href":"https:\/\/staging.bluebirdtourstravel.com\/es\/wp-json\/wp\/v2\/activiteit-bron?post=28542"},{"taxonomy":"product_brand","embeddable":true,"href":"https:\/\/staging.bluebirdtourstravel.com\/es\/wp-json\/wp\/v2\/product_brand?post=28542"},{"taxonomy":"product_cat","embeddable":true,"href":"https:\/\/staging.bluebirdtourstravel.com\/es\/wp-json\/wp\/v2\/product_cat?post=28542"},{"taxonomy":"product_tag","embeddable":true,"href":"https:\/\/staging.bluebirdtourstravel.com\/es\/wp-json\/wp\/v2\/product_tag?post=28542"}],"curies":[{"name":"wp","href":"https:\/\/api.w.org\/{rel}","templated":true}]}}