{"id":28881,"date":"2025-12-15T16:27:52","date_gmt":"2025-12-15T16:27:52","guid":{"rendered":"https:\/\/bluebirdtourstravel.com\/product\/visita-al-parque-nacional-washington-slagbaai-bonaire\/"},"modified":"2026-01-30T11:06:43","modified_gmt":"2026-01-30T11:06:43","slug":"visita-al-parque-nacional-washington-slagbaai-bonaire","status":"publish","type":"product","link":"https:\/\/staging.bluebirdtourstravel.com\/es\/producto\/visita-al-parque-nacional-washington-slagbaai-bonaire\/","title":{"rendered":"Visita al Parque Nacional Washington-Slagbaai (Bonaire)"},"content":{"rendered":"<h3><b>Excursi\u00f3n Safari de Washington Slagbaai<\/b><\/h3>\n<p class=\"p3\">\u00danete a un safari aventurero por el Parque Nacional Washington Slagbaai y descubre una de las reservas naturales m\u00e1s impresionantes de Bonaire. Durante este tour conducir\u00e1s por las carreteras arenosas del parque y visitar\u00e1s los lugares m\u00e1s bonitos y variados, acompa\u00f1ado por un gu\u00eda que te contar\u00e1 todo sobre la naturaleza, geolog\u00eda e historia de la isla. <\/p>\n<p class=\"p3\">Comenzamos por la escarpada costa este, donde las potentes olas rompen espectacularmente contra las rocas. Por el camino hacemos varias paradas en lugares especiales, incluyendo un espir\u00e1culo natural y bah\u00edas y playas apartadas. Tambi\u00e9n hay muchas oportunidades para avistar fauna en esta reserva natural protegida.  <\/p>\n<p class=\"p3\">La ruta contin\u00faa hasta el faro de Seru Bentana, uno de los puntos m\u00e1s septentrionales de Bonaire. Luego seguimos hasta Wayaka, donde hay tiempo para nadar y hacer esn\u00f3rquel en uno de los lugares m\u00e1s bonitos del parque. El tour termina en Boka Slagbaai, una hermosa bah\u00eda donde puedes relajarte y disfrutar de las vistas.  <\/p>\n<p class=\"p3\">Este tour es ideal para quienes quieren combinar naturaleza, aventura y relajaci\u00f3n. El parque ofrece algo para todos y es un lugar perfecto para experimentar Bonaire de forma activa y vers\u00e1til. <\/p>\n<h3><\/h3>\n<h3><b>Informaci\u00f3n pr\u00e1ctica<\/b><\/h3>\n<ul>\n<li>\n<p class=\"p1\">Duraci\u00f3n: \u00b1 7 horas<\/p>\n<\/li>\n<li>\n<p class=\"p1\">Hora de inicio: 08:00 (los horarios de recogida pueden variar)<\/p>\n<\/li>\n<li>\n<p class=\"p1\">Almuerzo y bebidas incluidas<\/p>\n<\/li>\n<li>\n<p class=\"p1\">No se incluye la entrada al parque nacional<\/p>\n<\/li>\n<\/ul>\n<p class=\"p3\">Tambi\u00e9n hay una visita privada disponible para quienes quieran descubrir el parque en un entorno personal.<\/p>\n<p>&nbsp;<\/p>\n<p class=\"p4\"><b>Ruta y experiencia<\/b><b><\/b><\/p>\n<p class=\"p3\">Despu\u00e9s de reunirnos en la entrada del parque, primero visitamos varios lugares a lo largo de la salvaje costa este. Despu\u00e9s conduciremos hacia el faro de Seru Bentana y despu\u00e9s a Wayaka para la parada de esn\u00f3rquel y nataci\u00f3n. La \u00faltima parada es Boka Slagbaai, donde terminamos el d\u00eda antes de volver a la salida del parque.  <\/p>\n<p class=\"p3\">En condiciones meteorol\u00f3gicas cambiantes, partes del parque pueden estar cerradas. En ese caso, se sigue una ruta alternativa similar para que la experiencia siga siendo \u00f3ptima. <\/p>\n<p>&nbsp;<\/p>\n<p class=\"p4\"><b>Res\u00famenes<\/b><b><\/b><\/p>\n<ul>\n<li>\n<p class=\"p1\">Costa Este Salvaje<\/p>\n<\/li>\n<li>\n<p class=\"p1\">Espir\u00e1culo<\/p>\n<\/li>\n<li>\n<p class=\"p1\">Faro de Seru Bentana<\/p>\n<\/li>\n<li>\n<p class=\"p1\">Wayaka<\/p>\n<\/li>\n<li>\n<p class=\"p1\">Boka Slagbaai<\/p>\n<\/li>\n<li>\n<p class=\"p1\">Flora y fauna rica<\/p>\n<\/li>\n<\/ul>\n","protected":false},"excerpt":{"rendered":"<p>Excursi\u00f3n Safari de Washington Slagbaai \u00danete a un safari aventurero por el Parque Nacional Washington Slagbaai y descubre una de [&hellip;]<\/p>\n","protected":false},"featured_media":28882,"comment_status":"open","ping_status":"closed","template":"","meta":{"_acf_changed":false,"site-sidebar-layout":"default","site-content-layout":"","ast-site-content-layout":"default","site-content-style":"default","site-sidebar-style":"default","ast-global-header-display":"","ast-banner-title-visibility":"","ast-main-header-display":"","ast-hfb-above-header-display":"","ast-hfb-below-header-display":"","ast-hfb-mobile-header-display":"","site-post-title":"","ast-breadcrumbs-content":"","ast-featured-img":"","footer-sml-layout":"","ast-disable-related-posts":"","theme-transparent-header-meta":"default","adv-header-id-meta":"","stick-header-meta":"","header-above-stick-meta":"","header-main-stick-meta":"","header-below-stick-meta":"","astra-migrate-meta-layouts":"default","ast-page-background-enabled":"default","ast-page-background-meta":{"desktop":{"background-color":"var(--ast-global-color-4)","background-image":"","background-repeat":"repeat","background-position":"center center","background-size":"auto","background-attachment":"scroll","background-type":"","background-media":"","overlay-type":"","overlay-color":"","overlay-opacity":"","overlay-gradient":""},"tablet":{"background-color":"","background-image":"","background-repeat":"repeat","background-position":"center center","background-size":"auto","background-attachment":"scroll","background-type":"","background-media":"","overlay-type":"","overlay-color":"","overlay-opacity":"","overlay-gradient":""},"mobile":{"background-color":"","background-image":"","background-repeat":"repeat","background-position":"center center","background-size":"auto","background-attachment":"scroll","background-type":"","background-media":"","overlay-type":"","overlay-color":"","overlay-opacity":"","overlay-gradient":""}},"ast-content-background-meta":{"desktop":{"background-color":"var(--ast-global-color-5)","background-image":"","background-repeat":"repeat","background-position":"center center","background-size":"auto","background-attachment":"scroll","background-type":"","background-media":"","overlay-type":"","overlay-color":"","overlay-opacity":"","overlay-gradient":""},"tablet":{"background-color":"var(--ast-global-color-5)","background-image":"","background-repeat":"repeat","background-position":"center center","background-size":"auto","background-attachment":"scroll","background-type":"","background-media":"","overlay-type":"","overlay-color":"","overlay-opacity":"","overlay-gradient":""},"mobile":{"background-color":"var(--ast-global-color-5)","background-image":"","background-repeat":"repeat","background-position":"center center","background-size":"auto","background-attachment":"scroll","background-type":"","background-media":"","overlay-type":"","overlay-color":"","overlay-opacity":"","overlay-gradient":""}}},"activiteit-bron":[576,581],"product_brand":[],"product_cat":[211,133,132],"product_tag":[],"class_list":{"0":"post-28881","1":"product","2":"type-product","3":"status-publish","4":"has-post-thumbnail","6":"activiteit-bron-eigen-netwerk","7":"activiteit-bron-propia-red-bonaire","8":"product_cat-actividades-al-aire-libre","9":"product_cat-bonaire-es","10":"product_cat-naturaleza-y-cultura","11":"desktop-align-left","12":"tablet-align-left","13":"mobile-align-left","15":"first","16":"instock","17":"featured","18":"shipping-taxable","19":"purchasable","20":"product-type-simple"},"acf":[],"_links":{"self":[{"href":"https:\/\/staging.bluebirdtourstravel.com\/es\/wp-json\/wp\/v2\/product\/28881","targetHints":{"allow":["GET"]}}],"collection":[{"href":"https:\/\/staging.bluebirdtourstravel.com\/es\/wp-json\/wp\/v2\/product"}],"about":[{"href":"https:\/\/staging.bluebirdtourstravel.com\/es\/wp-json\/wp\/v2\/types\/product"}],"replies":[{"embeddable":true,"href":"https:\/\/staging.bluebirdtourstravel.com\/es\/wp-json\/wp\/v2\/comments?post=28881"}],"wp:featuredmedia":[{"embeddable":true,"href":"https:\/\/staging.bluebirdtourstravel.com\/es\/wp-json\/wp\/v2\/media\/28882"}],"wp:attachment":[{"href":"https:\/\/staging.bluebirdtourstravel.com\/es\/wp-json\/wp\/v2\/media?parent=28881"}],"wp:term":[{"taxonomy":"activiteit-bron","embeddable":true,"href":"https:\/\/staging.bluebirdtourstravel.com\/es\/wp-json\/wp\/v2\/activiteit-bron?post=28881"},{"taxonomy":"product_brand","embeddable":true,"href":"https:\/\/staging.bluebirdtourstravel.com\/es\/wp-json\/wp\/v2\/product_brand?post=28881"},{"taxonomy":"product_cat","embeddable":true,"href":"https:\/\/staging.bluebirdtourstravel.com\/es\/wp-json\/wp\/v2\/product_cat?post=28881"},{"taxonomy":"product_tag","embeddable":true,"href":"https:\/\/staging.bluebirdtourstravel.com\/es\/wp-json\/wp\/v2\/product_tag?post=28881"}],"curies":[{"name":"wp","href":"https:\/\/api.w.org\/{rel}","templated":true}]}}