{"id":29091,"date":"2026-01-13T14:40:35","date_gmt":"2026-01-13T14:40:35","guid":{"rendered":"https:\/\/bluebirdtourstravel.com\/?post_type=product&#038;p=29091"},"modified":"2026-01-13T14:42:53","modified_gmt":"2026-01-13T14:42:53","slug":"crucero-en-velero-y-snorkel-aruba-kopie","status":"publish","type":"product","link":"https:\/\/staging.bluebirdtourstravel.com\/es\/producto\/crucero-en-velero-y-snorkel-aruba-kopie\/","title":{"rendered":"Crucero de vela y snorkel (Aruba) (copiado)"},"content":{"rendered":"<p>Navega, bucea, nada, \u00a1disfruta de Aruba!<br \/>\nDisfruta de aguas cristalinas, c\u00e1lidas brisas tropicales, c\u00f3cteles caribe\u00f1os, barra libre, aperitivos, m\u00fasica, equipo de buceo National Geographic y zonas de sombra.<\/p>\n<p>Este crucero se detuvo en un popular destino de snorkel, el Pecio Antilla, un naufragio de la II Guerra Mundial de 120 metros de eslora, hogar de una gran variedad de peces tropicales y coloridos corales. Tambi\u00e9n disfrutar\u00e1s de una parada para hacer snorkel en la bah\u00eda Catalina, un hermoso lugar para practicar snorkel a poca profundidad, \u00a1con muchos peces para mantenerte ocupado! <\/p>\n<p><strong>Cu\u00e1ndo:<\/strong> Todos los d\u00edas<br \/>\n<strong>Hora de la visita:<\/strong> 14:00<br \/>\n<strong>Duraci\u00f3n<\/strong>: 2,5 horas.<br \/>\n<strong>Localizaci\u00f3n:<\/strong> Palm Beach<br \/>\n<strong>Idiomas:<\/strong> Holand\u00e9s e ingl\u00e9s<\/p>\n<p><strong>M\u00ednimo:<\/strong> 4 a\u00f1os<br \/>\n<strong>Incluye:<\/strong><br \/>\nDos incre\u00edbles paradas para hacer snorkel<br \/>\nGu\u00edas profesionales<br \/>\nEnjuague ilimitado (barra libre)<br \/>\nAperitivos<br \/>\nUso del equipo de snorkel<\/p>\n<p><strong>Tormenta\/mal tiempo:<\/strong><\/p>\n<p>La empresa de viajes se reserva el derecho a cancelar, cambiar o sustituir un viaje. Si no podemos sustituir el viaje que has comprado, se te abonar\u00e1 el importe \u00edntegro. Si la empresa cancela el viaje, sustituir\u00e1 la actividad original por una actividad de valor m\u00ednimo equivalente a la actividad cancelada o sustituida.<br \/>\n<strong>Cancela  <\/strong><\/p>\n<p>Si cancelas al menos 72 horas antes de la hora de salida, recibir\u00e1s un reembolso del 100%.<\/p>\n<p>Lamentablemente, no podemos reembolsar las cancelaciones que se produzcan en un plazo de 72 horas ni los Espect\u00e1culos no presentados.<\/p>\n","protected":false},"excerpt":{"rendered":"<p>Navega, bucea, nada, \u00a1disfruta de Aruba! Disfruta de aguas cristalinas, c\u00e1lidas brisas tropicales, c\u00f3cteles caribe\u00f1os, barra libre, aperitivos, m\u00fasica, equipo [&hellip;]<\/p>\n","protected":false},"featured_media":4416,"comment_status":"closed","ping_status":"closed","template":"","meta":{"_acf_changed":false,"site-sidebar-layout":"default","site-content-layout":"","ast-site-content-layout":"default","site-content-style":"default","site-sidebar-style":"default","ast-global-header-display":"","ast-banner-title-visibility":"","ast-main-header-display":"","ast-hfb-above-header-display":"","ast-hfb-below-header-display":"","ast-hfb-mobile-header-display":"","site-post-title":"","ast-breadcrumbs-content":"","ast-featured-img":"","footer-sml-layout":"","ast-disable-related-posts":"","theme-transparent-header-meta":"default","adv-header-id-meta":"","stick-header-meta":"","header-above-stick-meta":"","header-main-stick-meta":"","header-below-stick-meta":"","astra-migrate-meta-layouts":"set","ast-page-background-enabled":"default","ast-page-background-meta":{"desktop":{"background-color":"var(--ast-global-color-4)","background-image":"","background-repeat":"repeat","background-position":"center center","background-size":"auto","background-attachment":"scroll","background-type":"","background-media":"","overlay-type":"","overlay-color":"","overlay-opacity":"","overlay-gradient":""},"tablet":{"background-color":"","background-image":"","background-repeat":"repeat","background-position":"center center","background-size":"auto","background-attachment":"scroll","background-type":"","background-media":"","overlay-type":"","overlay-color":"","overlay-opacity":"","overlay-gradient":""},"mobile":{"background-color":"","background-image":"","background-repeat":"repeat","background-position":"center center","background-size":"auto","background-attachment":"scroll","background-type":"","background-media":"","overlay-type":"","overlay-color":"","overlay-opacity":"","overlay-gradient":""}},"ast-content-background-meta":{"desktop":{"background-color":"var(--ast-global-color-5)","background-image":"","background-repeat":"repeat","background-position":"center center","background-size":"auto","background-attachment":"scroll","background-type":"","background-media":"","overlay-type":"","overlay-color":"","overlay-opacity":"","overlay-gradient":""},"tablet":{"background-color":"var(--ast-global-color-5)","background-image":"","background-repeat":"repeat","background-position":"center center","background-size":"auto","background-attachment":"scroll","background-type":"","background-media":"","overlay-type":"","overlay-color":"","overlay-opacity":"","overlay-gradient":""},"mobile":{"background-color":"var(--ast-global-color-5)","background-image":"","background-repeat":"repeat","background-position":"center center","background-size":"auto","background-attachment":"scroll","background-type":"","background-media":"","overlay-type":"","overlay-color":"","overlay-opacity":"","overlay-gradient":""}}},"activiteit-bron":[],"product_brand":[],"product_cat":[181,154,180],"product_tag":[135,136,182,241,383],"class_list":{"0":"post-29091","1":"product","2":"type-product","3":"status-publish","4":"has-post-thumbnail","6":"product_cat-aruba-es","7":"product_cat-buceo-y-snorkel","8":"product_cat-veleros","9":"product_tag-actividades","10":"product_tag-apto-para-ninos","11":"product_tag-aruba-es","12":"product_tag-excursiones-en-barco-en-aruba","13":"product_tag-snorkel-en-aruba","14":"desktop-align-left","15":"tablet-align-left","16":"mobile-align-left","18":"first","19":"instock","20":"featured","21":"purchasable","22":"product-type-variable","23":"has-default-attributes"},"acf":[],"_links":{"self":[{"href":"https:\/\/staging.bluebirdtourstravel.com\/es\/wp-json\/wp\/v2\/product\/29091","targetHints":{"allow":["GET"]}}],"collection":[{"href":"https:\/\/staging.bluebirdtourstravel.com\/es\/wp-json\/wp\/v2\/product"}],"about":[{"href":"https:\/\/staging.bluebirdtourstravel.com\/es\/wp-json\/wp\/v2\/types\/product"}],"replies":[{"embeddable":true,"href":"https:\/\/staging.bluebirdtourstravel.com\/es\/wp-json\/wp\/v2\/comments?post=29091"}],"wp:featuredmedia":[{"embeddable":true,"href":"https:\/\/staging.bluebirdtourstravel.com\/es\/wp-json\/wp\/v2\/media\/4416"}],"wp:attachment":[{"href":"https:\/\/staging.bluebirdtourstravel.com\/es\/wp-json\/wp\/v2\/media?parent=29091"}],"wp:term":[{"taxonomy":"activiteit-bron","embeddable":true,"href":"https:\/\/staging.bluebirdtourstravel.com\/es\/wp-json\/wp\/v2\/activiteit-bron?post=29091"},{"taxonomy":"product_brand","embeddable":true,"href":"https:\/\/staging.bluebirdtourstravel.com\/es\/wp-json\/wp\/v2\/product_brand?post=29091"},{"taxonomy":"product_cat","embeddable":true,"href":"https:\/\/staging.bluebirdtourstravel.com\/es\/wp-json\/wp\/v2\/product_cat?post=29091"},{"taxonomy":"product_tag","embeddable":true,"href":"https:\/\/staging.bluebirdtourstravel.com\/es\/wp-json\/wp\/v2\/product_tag?post=29091"}],"curies":[{"name":"wp","href":"https:\/\/api.w.org\/{rel}","templated":true}]}}