{"id":6355,"date":"2024-09-24T16:46:34","date_gmt":"2024-09-24T16:46:34","guid":{"rendered":"https:\/\/bbtt.webdeveloperz.nl\/product\/avistamiento-de-delfines-y-caimanes-surinam\/"},"modified":"2026-03-26T14:38:26","modified_gmt":"2026-03-26T14:38:26","slug":"avistamiento-de-delfines-y-caimanes-surinam","status":"publish","type":"product","link":"https:\/\/staging.bluebirdtourstravel.com\/es\/producto\/avistamiento-de-delfines-y-caimanes-surinam\/","title":{"rendered":"Avistamiento de delfines y caimanes (Surinam)"},"content":{"rendered":"<section class=\"activity-description\">Durante esta aventurada excursi\u00f3n fluvial conocer\u00e1s a dos habitantes ic\u00f3nicos de la naturaleza surinamesa: los juguetones delfines de r\u00edo y los impresionantes caimans. Acompa\u00f1ado por un gu\u00eda experimentado, navegar\u00e1s en una tradicional barca de tienda por la vasta zona fluvial, donde la naturaleza, la historia y la emoci\u00f3n se unen. Mientras navegas, buscar\u00e1s delfines de Guyana, conocidos por su comportamiento curioso y juguet\u00f3n y que a menudo se acercan sorprendentemente. En el camino experimentar\u00e1s la transici\u00f3n especial entre los r\u00edos Surinam y Commewijne y navegar\u00e1s junto a lugares hist\u00f3ricos que dan un car\u00e1cter extra al paisaje. Una visita a la plantaci\u00f3n Johanna Margaretta ofrece un momento cultural, donde puedes familiarizarte con la vida local y disfrutar de platos surinameses reci\u00e9n preparados durante un corto paseo. Cuando cae la noche, el ambiente cambia y navegas hacia el pantano para una emocionante b\u00fasqueda del caim\u00e1n de anteotras. Con respeto por los animales y la naturaleza, el contramaestre muestra c\u00f3mo viven estos reptiles especiales, mientras el gu\u00eda comparte historias y datos fascinantes. Este tour combina experiencia natural, cultura y aventura en una experiencia inolvidable en la naturaleza surinamesa.       <\/section>\n","protected":false},"excerpt":{"rendered":"<p>Durante esta aventurada excursi\u00f3n fluvial conocer\u00e1s a dos habitantes ic\u00f3nicos de la naturaleza surinamesa: los juguetones delfines de r\u00edo y [&hellip;]<\/p>\n","protected":false},"featured_media":5198,"comment_status":"closed","ping_status":"closed","template":"","meta":{"_acf_changed":false,"site-sidebar-layout":"default","site-content-layout":"","ast-site-content-layout":"default","site-content-style":"default","site-sidebar-style":"default","ast-global-header-display":"","ast-banner-title-visibility":"","ast-main-header-display":"","ast-hfb-above-header-display":"","ast-hfb-below-header-display":"","ast-hfb-mobile-header-display":"","site-post-title":"","ast-breadcrumbs-content":"","ast-featured-img":"","footer-sml-layout":"","ast-disable-related-posts":"","theme-transparent-header-meta":"default","adv-header-id-meta":"","stick-header-meta":"","header-above-stick-meta":"","header-main-stick-meta":"","header-below-stick-meta":"","astra-migrate-meta-layouts":"default","ast-page-background-enabled":"default","ast-page-background-meta":{"desktop":{"background-color":"var(--ast-global-color-4)","background-image":"","background-repeat":"repeat","background-position":"center center","background-size":"auto","background-attachment":"scroll","background-type":"","background-media":"","overlay-type":"","overlay-color":"","overlay-opacity":"","overlay-gradient":""},"tablet":{"background-color":"","background-image":"","background-repeat":"repeat","background-position":"center center","background-size":"auto","background-attachment":"scroll","background-type":"","background-media":"","overlay-type":"","overlay-color":"","overlay-opacity":"","overlay-gradient":""},"mobile":{"background-color":"","background-image":"","background-repeat":"repeat","background-position":"center center","background-size":"auto","background-attachment":"scroll","background-type":"","background-media":"","overlay-type":"","overlay-color":"","overlay-opacity":"","overlay-gradient":""}},"ast-content-background-meta":{"desktop":{"background-color":"var(--ast-global-color-5)","background-image":"","background-repeat":"repeat","background-position":"center center","background-size":"auto","background-attachment":"scroll","background-type":"","background-media":"","overlay-type":"","overlay-color":"","overlay-opacity":"","overlay-gradient":""},"tablet":{"background-color":"var(--ast-global-color-5)","background-image":"","background-repeat":"repeat","background-position":"center center","background-size":"auto","background-attachment":"scroll","background-type":"","background-media":"","overlay-type":"","overlay-color":"","overlay-opacity":"","overlay-gradient":""},"mobile":{"background-color":"var(--ast-global-color-5)","background-image":"","background-repeat":"repeat","background-position":"center center","background-size":"auto","background-attachment":"scroll","background-type":"","background-media":"","overlay-type":"","overlay-color":"","overlay-opacity":"","overlay-gradient":""}}},"activiteit-bron":[576,580],"product_brand":[],"product_cat":[132,144],"product_tag":[135,140,158,451,449,467,145,138,466,146,141],"class_list":{"0":"post-6355","1":"product","2":"type-product","3":"status-publish","4":"has-post-thumbnail","6":"activiteit-bron-eigen-netwerk","7":"activiteit-bron-propia-red-surinam","8":"product_cat-naturaleza-y-cultura","9":"product_cat-surinam","10":"product_tag-actividades","11":"product_tag-aventurero","12":"product_tag-deportes-acuaticos","13":"product_tag-deportes-acuaticos-en-surinam","14":"product_tag-excursiones-en-barco-por-surinam","15":"product_tag-excursiones-en-surinam","16":"product_tag-fotografia","17":"product_tag-naturaleza","18":"product_tag-naturaleza-en-surinam","19":"product_tag-surinam","20":"product_tag-viajes-en-barco","21":"desktop-align-left","22":"tablet-align-left","23":"mobile-align-left","25":"first","26":"instock","27":"featured","28":"virtual","29":"purchasable","30":"product-type-simple"},"acf":[],"_links":{"self":[{"href":"https:\/\/staging.bluebirdtourstravel.com\/es\/wp-json\/wp\/v2\/product\/6355","targetHints":{"allow":["GET"]}}],"collection":[{"href":"https:\/\/staging.bluebirdtourstravel.com\/es\/wp-json\/wp\/v2\/product"}],"about":[{"href":"https:\/\/staging.bluebirdtourstravel.com\/es\/wp-json\/wp\/v2\/types\/product"}],"replies":[{"embeddable":true,"href":"https:\/\/staging.bluebirdtourstravel.com\/es\/wp-json\/wp\/v2\/comments?post=6355"}],"wp:featuredmedia":[{"embeddable":true,"href":"https:\/\/staging.bluebirdtourstravel.com\/es\/wp-json\/wp\/v2\/media\/5198"}],"wp:attachment":[{"href":"https:\/\/staging.bluebirdtourstravel.com\/es\/wp-json\/wp\/v2\/media?parent=6355"}],"wp:term":[{"taxonomy":"activiteit-bron","embeddable":true,"href":"https:\/\/staging.bluebirdtourstravel.com\/es\/wp-json\/wp\/v2\/activiteit-bron?post=6355"},{"taxonomy":"product_brand","embeddable":true,"href":"https:\/\/staging.bluebirdtourstravel.com\/es\/wp-json\/wp\/v2\/product_brand?post=6355"},{"taxonomy":"product_cat","embeddable":true,"href":"https:\/\/staging.bluebirdtourstravel.com\/es\/wp-json\/wp\/v2\/product_cat?post=6355"},{"taxonomy":"product_tag","embeddable":true,"href":"https:\/\/staging.bluebirdtourstravel.com\/es\/wp-json\/wp\/v2\/product_tag?post=6355"}],"curies":[{"name":"wp","href":"https:\/\/api.w.org\/{rel}","templated":true}]}}