{"id":6367,"date":"2024-08-29T20:44:55","date_gmt":"2024-08-29T20:44:55","guid":{"rendered":"https:\/\/bbtt.webdeveloperz.nl\/product\/expedicion-de-6-dias-al-gran-rio-sintiadam-surinam\/"},"modified":"2026-03-26T14:45:18","modified_gmt":"2026-03-26T14:45:18","slug":"expedicion-de-6-dias-al-gran-rio-sintiadam-surinam","status":"publish","type":"product","link":"https:\/\/staging.bluebirdtourstravel.com\/es\/producto\/expedicion-de-6-dias-al-gran-rio-sintiadam-surinam\/","title":{"rendered":"Expedici\u00f3n de 6 d\u00edas al Gran R\u00edo Sintiadam (Surinam)"},"content":{"rendered":"<section class=\"activity-description\">La expedici\u00f3n Gran R\u00edo Sintiadam es una experiencia intensiva de seis d\u00edas de regreso a lo b\u00e1sico en lo profundo de la selva surinamesa, especialmente dise\u00f1ada para viajeros que desean experimentar la naturaleza de forma pura y aut\u00e9ntica. Durante esta expedici\u00f3n, viajar\u00e1s cada vez m\u00e1s tierra adentro en autob\u00fas y barco, donde la comodidad da paso a la sencillez y la conexi\u00f3n con el entorno. Aprender\u00e1s habilidades esenciales de supervivencia, dormir\u00e1s en hamacas rodeado de naturaleza y preparar\u00e1s las comidas de la manera tradicional sobre una hoguera de le\u00f1a. El tour te lleva por r\u00e1pidos impresionantes, islas remotas y bosques virgen, alternando entre senderismo, paseos en barco y observaci\u00f3n. Una parte importante de la expedici\u00f3n es la introducci\u00f3n a la cultura cimarrona, durante la cual visitar\u00e1s aldeas y obtendr\u00e1s una visi\u00f3n de la vida cotidiana de la poblaci\u00f3n local. Este viaje trata sobre aventura, tranquilidad, experiencia natural y profundizaci\u00f3n cultural, lejos del mundo moderno.     <\/section>\n","protected":false},"excerpt":{"rendered":"<p>La expedici\u00f3n Gran R\u00edo Sintiadam es una experiencia intensiva de seis d\u00edas de regreso a lo b\u00e1sico en lo profundo [&hellip;]<\/p>\n","protected":false},"featured_media":5144,"comment_status":"closed","ping_status":"closed","template":"","meta":{"_acf_changed":false,"site-sidebar-layout":"default","site-content-layout":"","ast-site-content-layout":"default","site-content-style":"default","site-sidebar-style":"default","ast-global-header-display":"","ast-banner-title-visibility":"","ast-main-header-display":"","ast-hfb-above-header-display":"","ast-hfb-below-header-display":"","ast-hfb-mobile-header-display":"","site-post-title":"","ast-breadcrumbs-content":"","ast-featured-img":"","footer-sml-layout":"","ast-disable-related-posts":"","theme-transparent-header-meta":"default","adv-header-id-meta":"","stick-header-meta":"","header-above-stick-meta":"","header-main-stick-meta":"","header-below-stick-meta":"","astra-migrate-meta-layouts":"default","ast-page-background-enabled":"default","ast-page-background-meta":{"desktop":{"background-color":"var(--ast-global-color-4)","background-image":"","background-repeat":"repeat","background-position":"center center","background-size":"auto","background-attachment":"scroll","background-type":"","background-media":"","overlay-type":"","overlay-color":"","overlay-opacity":"","overlay-gradient":""},"tablet":{"background-color":"","background-image":"","background-repeat":"repeat","background-position":"center center","background-size":"auto","background-attachment":"scroll","background-type":"","background-media":"","overlay-type":"","overlay-color":"","overlay-opacity":"","overlay-gradient":""},"mobile":{"background-color":"","background-image":"","background-repeat":"repeat","background-position":"center center","background-size":"auto","background-attachment":"scroll","background-type":"","background-media":"","overlay-type":"","overlay-color":"","overlay-opacity":"","overlay-gradient":""}},"ast-content-background-meta":{"desktop":{"background-color":"var(--ast-global-color-5)","background-image":"","background-repeat":"repeat","background-position":"center center","background-size":"auto","background-attachment":"scroll","background-type":"","background-media":"","overlay-type":"","overlay-color":"","overlay-opacity":"","overlay-gradient":""},"tablet":{"background-color":"var(--ast-global-color-5)","background-image":"","background-repeat":"repeat","background-position":"center center","background-size":"auto","background-attachment":"scroll","background-type":"","background-media":"","overlay-type":"","overlay-color":"","overlay-opacity":"","overlay-gradient":""},"mobile":{"background-color":"var(--ast-global-color-5)","background-image":"","background-repeat":"repeat","background-position":"center center","background-size":"auto","background-attachment":"scroll","background-type":"","background-media":"","overlay-type":"","overlay-color":"","overlay-opacity":"","overlay-gradient":""}}},"activiteit-bron":[576,580],"product_brand":[],"product_cat":[139,156,144],"product_tag":[135,140,158,451,449,467,138,157,146,141],"class_list":{"0":"post-6367","1":"product","2":"type-product","3":"status-publish","4":"has-post-thumbnail","6":"activiteit-bron-eigen-netwerk","7":"activiteit-bron-propia-red-surinam","8":"product_cat-barcos-y-deportes-acuaticos","9":"product_cat-barcos-y-rafting","10":"product_cat-surinam","11":"product_tag-actividades","12":"product_tag-aventurero","13":"product_tag-deportes-acuaticos","14":"product_tag-deportes-acuaticos-en-surinam","15":"product_tag-excursiones-en-barco-por-surinam","16":"product_tag-excursiones-en-surinam","17":"product_tag-naturaleza","18":"product_tag-recorridos-de-varios-dias","19":"product_tag-surinam","20":"product_tag-viajes-en-barco","21":"desktop-align-left","22":"tablet-align-left","23":"mobile-align-left","25":"first","26":"instock","27":"featured","28":"virtual","29":"purchasable","30":"product-type-simple"},"acf":[],"_links":{"self":[{"href":"https:\/\/staging.bluebirdtourstravel.com\/es\/wp-json\/wp\/v2\/product\/6367","targetHints":{"allow":["GET"]}}],"collection":[{"href":"https:\/\/staging.bluebirdtourstravel.com\/es\/wp-json\/wp\/v2\/product"}],"about":[{"href":"https:\/\/staging.bluebirdtourstravel.com\/es\/wp-json\/wp\/v2\/types\/product"}],"replies":[{"embeddable":true,"href":"https:\/\/staging.bluebirdtourstravel.com\/es\/wp-json\/wp\/v2\/comments?post=6367"}],"wp:featuredmedia":[{"embeddable":true,"href":"https:\/\/staging.bluebirdtourstravel.com\/es\/wp-json\/wp\/v2\/media\/5144"}],"wp:attachment":[{"href":"https:\/\/staging.bluebirdtourstravel.com\/es\/wp-json\/wp\/v2\/media?parent=6367"}],"wp:term":[{"taxonomy":"activiteit-bron","embeddable":true,"href":"https:\/\/staging.bluebirdtourstravel.com\/es\/wp-json\/wp\/v2\/activiteit-bron?post=6367"},{"taxonomy":"product_brand","embeddable":true,"href":"https:\/\/staging.bluebirdtourstravel.com\/es\/wp-json\/wp\/v2\/product_brand?post=6367"},{"taxonomy":"product_cat","embeddable":true,"href":"https:\/\/staging.bluebirdtourstravel.com\/es\/wp-json\/wp\/v2\/product_cat?post=6367"},{"taxonomy":"product_tag","embeddable":true,"href":"https:\/\/staging.bluebirdtourstravel.com\/es\/wp-json\/wp\/v2\/product_tag?post=6367"}],"curies":[{"name":"wp","href":"https:\/\/api.w.org\/{rel}","templated":true}]}}