{"id":6395,"date":"2024-08-21T00:49:12","date_gmt":"2024-08-21T00:49:12","guid":{"rendered":"https:\/\/bbtt.webdeveloperz.nl\/product\/aventura-en-quad-curacao\/"},"modified":"2026-03-26T14:32:13","modified_gmt":"2026-03-26T14:32:13","slug":"aventura-en-quad-curacao","status":"publish","type":"product","link":"https:\/\/staging.bluebirdtourstravel.com\/es\/producto\/aventura-en-quad-curacao\/","title":{"rendered":"Aventura en quad (Cura\u00e7ao)"},"content":{"rendered":"<section class=\"activity-description\">Descubre el lado agreste e intacto de Curazao en un aventurero recorrido en quad por la salvaje costa. Ideal tanto para ciclistas novatos como experimentados, esta experiencia te introducir\u00e1 activamente en el duro paisaje de la isla. Tras una instrucci\u00f3n clara y pr\u00e1ctica, s\u00fabete a un quad f\u00e1cil de conducir y conduce por senderos polvorientos, costas rocosas y a trav\u00e9s de impresionantes reservas naturales. La seguridad est\u00e1 en el centro de esta excursi\u00f3n: conducir\u00e1s veh\u00edculos de alta calidad y recibir\u00e1s equipo de protecci\u00f3n, para que puedas disfrutar de la aventura sin preocupaciones. Una combinaci\u00f3n perfecta de adrenalina, naturaleza y libertad.    <\/section>\n","protected":false},"excerpt":{"rendered":"<p>Descubre el lado agreste e intacto de Curazao en un aventurero recorrido en quad por la salvaje costa. Ideal tanto [&hellip;]<\/p>\n","protected":false},"featured_media":4906,"comment_status":"closed","ping_status":"closed","template":"","meta":{"_acf_changed":false,"site-sidebar-layout":"default","site-content-layout":"","ast-site-content-layout":"default","site-content-style":"default","site-sidebar-style":"default","ast-global-header-display":"","ast-banner-title-visibility":"","ast-main-header-display":"","ast-hfb-above-header-display":"","ast-hfb-below-header-display":"","ast-hfb-mobile-header-display":"","site-post-title":"","ast-breadcrumbs-content":"","ast-featured-img":"","footer-sml-layout":"","ast-disable-related-posts":"","theme-transparent-header-meta":"","adv-header-id-meta":"","stick-header-meta":"","header-above-stick-meta":"","header-main-stick-meta":"","header-below-stick-meta":"","astra-migrate-meta-layouts":"default","ast-page-background-enabled":"default","ast-page-background-meta":{"desktop":{"background-color":"var(--ast-global-color-4)","background-image":"","background-repeat":"repeat","background-position":"center center","background-size":"auto","background-attachment":"scroll","background-type":"","background-media":"","overlay-type":"","overlay-color":"","overlay-opacity":"","overlay-gradient":""},"tablet":{"background-color":"","background-image":"","background-repeat":"repeat","background-position":"center center","background-size":"auto","background-attachment":"scroll","background-type":"","background-media":"","overlay-type":"","overlay-color":"","overlay-opacity":"","overlay-gradient":""},"mobile":{"background-color":"","background-image":"","background-repeat":"repeat","background-position":"center center","background-size":"auto","background-attachment":"scroll","background-type":"","background-media":"","overlay-type":"","overlay-color":"","overlay-opacity":"","overlay-gradient":""}},"ast-content-background-meta":{"desktop":{"background-color":"var(--ast-global-color-5)","background-image":"","background-repeat":"repeat","background-position":"center center","background-size":"auto","background-attachment":"scroll","background-type":"","background-media":"","overlay-type":"","overlay-color":"","overlay-opacity":"","overlay-gradient":""},"tablet":{"background-color":"var(--ast-global-color-5)","background-image":"","background-repeat":"repeat","background-position":"center center","background-size":"auto","background-attachment":"scroll","background-type":"","background-media":"","overlay-type":"","overlay-color":"","overlay-opacity":"","overlay-gradient":""},"mobile":{"background-color":"var(--ast-global-color-5)","background-image":"","background-repeat":"repeat","background-position":"center center","background-size":"auto","background-attachment":"scroll","background-type":"","background-media":"","overlay-type":"","overlay-color":"","overlay-opacity":"","overlay-gradient":""}}},"activiteit-bron":[576,583],"product_brand":[],"product_cat":[169,170],"product_tag":[135,443,137,231,140,171,172,254,138,439,230,251],"class_list":{"0":"post-6395","1":"product","2":"type-product","3":"status-publish","4":"has-post-thumbnail","6":"activiteit-bron-eigen-netwerk","7":"activiteit-bron-red-propia-curazao","8":"product_cat-atvs-y-utvs","9":"product_cat-curacao-es","10":"product_tag-actividades","11":"product_tag-actividades-al-aire-libre-en-curacao","12":"product_tag-aire-acondicionado","13":"product_tag-atv-es","14":"product_tag-aventurero","15":"product_tag-bookeasy-es","16":"product_tag-curacao-es","17":"product_tag-excursiones-en-curacao","18":"product_tag-naturaleza","19":"product_tag-naturaleza-en-curacao","20":"product_tag-quad-es","21":"product_tag-todoterrenos-en-curacao","22":"desktop-align-left","23":"tablet-align-left","24":"mobile-align-left","26":"first","27":"instock","28":"featured","29":"virtual","30":"purchasable","31":"product-type-simple"},"acf":[],"_links":{"self":[{"href":"https:\/\/staging.bluebirdtourstravel.com\/es\/wp-json\/wp\/v2\/product\/6395","targetHints":{"allow":["GET"]}}],"collection":[{"href":"https:\/\/staging.bluebirdtourstravel.com\/es\/wp-json\/wp\/v2\/product"}],"about":[{"href":"https:\/\/staging.bluebirdtourstravel.com\/es\/wp-json\/wp\/v2\/types\/product"}],"replies":[{"embeddable":true,"href":"https:\/\/staging.bluebirdtourstravel.com\/es\/wp-json\/wp\/v2\/comments?post=6395"}],"wp:featuredmedia":[{"embeddable":true,"href":"https:\/\/staging.bluebirdtourstravel.com\/es\/wp-json\/wp\/v2\/media\/4906"}],"wp:attachment":[{"href":"https:\/\/staging.bluebirdtourstravel.com\/es\/wp-json\/wp\/v2\/media?parent=6395"}],"wp:term":[{"taxonomy":"activiteit-bron","embeddable":true,"href":"https:\/\/staging.bluebirdtourstravel.com\/es\/wp-json\/wp\/v2\/activiteit-bron?post=6395"},{"taxonomy":"product_brand","embeddable":true,"href":"https:\/\/staging.bluebirdtourstravel.com\/es\/wp-json\/wp\/v2\/product_brand?post=6395"},{"taxonomy":"product_cat","embeddable":true,"href":"https:\/\/staging.bluebirdtourstravel.com\/es\/wp-json\/wp\/v2\/product_cat?post=6395"},{"taxonomy":"product_tag","embeddable":true,"href":"https:\/\/staging.bluebirdtourstravel.com\/es\/wp-json\/wp\/v2\/product_tag?post=6395"}],"curies":[{"name":"wp","href":"https:\/\/api.w.org\/{rel}","templated":true}]}}