{"id":6414,"date":"2024-08-20T23:01:32","date_gmt":"2024-08-20T23:01:32","guid":{"rendered":"https:\/\/bbtt.webdeveloperz.nl\/product\/alquiler-de-coches-set-bonaire\/"},"modified":"2026-03-26T14:26:47","modified_gmt":"2026-03-26T14:26:47","slug":"alquiler-de-coches-set-bonaire","status":"publish","type":"product","link":"https:\/\/staging.bluebirdtourstravel.com\/es\/producto\/alquiler-de-coches-set-bonaire\/","title":{"rendered":"Alquiler de coches Set (Bonaire)"},"content":{"rendered":"<section class=\"activity-description\">Descubre la impresionante vida marina de Bonaire, famosa mundialmente por sus arrecifes de coral excepcionalmente saludables y aguas cristalinas. Tanto buceadores como practicantes de snorkel experimentar\u00e1n un vibrante mundo submarino lleno de peces coloridos y estructuras fascinantes. Los buceadores certificados pueden elegir entre una variedad de opciones, como inmersiones guiadas de ocio o aventuras en barco, mientras que los buceadores pueden disfrutar del arrecife directamente desde la orilla. Para quienes quieren capturar esta experiencia, la fotograf\u00eda submarina es una gran adici\u00f3n. Bonaire ofrece un entorno accesible e inspirador tanto para buceadores experimentados como para visitantes que desean profundizar a\u00fan m\u00e1s su pasi\u00f3n por el mundo submarino.    <\/section>\n","protected":false},"excerpt":{"rendered":"<p>Descubre la impresionante vida marina de Bonaire, famosa mundialmente por sus arrecifes de coral excepcionalmente saludables y aguas cristalinas. Tanto [&hellip;]<\/p>\n","protected":false},"featured_media":4866,"comment_status":"closed","ping_status":"closed","template":"","meta":{"_acf_changed":false,"site-sidebar-layout":"default","site-content-layout":"","ast-site-content-layout":"default","site-content-style":"default","site-sidebar-style":"default","ast-global-header-display":"","ast-banner-title-visibility":"","ast-main-header-display":"","ast-hfb-above-header-display":"","ast-hfb-below-header-display":"","ast-hfb-mobile-header-display":"","site-post-title":"","ast-breadcrumbs-content":"","ast-featured-img":"","footer-sml-layout":"","ast-disable-related-posts":"","theme-transparent-header-meta":"default","adv-header-id-meta":"","stick-header-meta":"","header-above-stick-meta":"","header-main-stick-meta":"","header-below-stick-meta":"","astra-migrate-meta-layouts":"default","ast-page-background-enabled":"default","ast-page-background-meta":{"desktop":{"background-color":"var(--ast-global-color-4)","background-image":"","background-repeat":"repeat","background-position":"center center","background-size":"auto","background-attachment":"scroll","background-type":"","background-media":"","overlay-type":"","overlay-color":"","overlay-opacity":"","overlay-gradient":""},"tablet":{"background-color":"","background-image":"","background-repeat":"repeat","background-position":"center center","background-size":"auto","background-attachment":"scroll","background-type":"","background-media":"","overlay-type":"","overlay-color":"","overlay-opacity":"","overlay-gradient":""},"mobile":{"background-color":"","background-image":"","background-repeat":"repeat","background-position":"center center","background-size":"auto","background-attachment":"scroll","background-type":"","background-media":"","overlay-type":"","overlay-color":"","overlay-opacity":"","overlay-gradient":""}},"ast-content-background-meta":{"desktop":{"background-color":"var(--ast-global-color-5)","background-image":"","background-repeat":"repeat","background-position":"center center","background-size":"auto","background-attachment":"scroll","background-type":"","background-media":"","overlay-type":"","overlay-color":"","overlay-opacity":"","overlay-gradient":""},"tablet":{"background-color":"var(--ast-global-color-5)","background-image":"","background-repeat":"repeat","background-position":"center center","background-size":"auto","background-attachment":"scroll","background-type":"","background-media":"","overlay-type":"","overlay-color":"","overlay-opacity":"","overlay-gradient":""},"mobile":{"background-color":"var(--ast-global-color-5)","background-image":"","background-repeat":"repeat","background-position":"center center","background-size":"auto","background-attachment":"scroll","background-type":"","background-media":"","overlay-type":"","overlay-color":"","overlay-opacity":"","overlay-gradient":""}}},"activiteit-bron":[576,581],"product_brand":[],"product_cat":[133,154],"product_tag":[135,134,152,155,158,405,153,411,409,421],"class_list":{"0":"post-6414","1":"product","2":"type-product","3":"status-publish","4":"has-post-thumbnail","6":"activiteit-bron-eigen-netwerk","7":"activiteit-bron-propia-red-bonaire","8":"product_cat-bonaire-es","9":"product_cat-buceo-y-snorkel","10":"product_tag-actividades","11":"product_tag-bonaire-es","12":"product_tag-buceo","13":"product_tag-cafetera","14":"product_tag-deportes-acuaticos","15":"product_tag-deportes-acuaticos-en-bonaire","16":"product_tag-equipo-de-buceo","17":"product_tag-equipo-de-buceo-en-bonaire","18":"product_tag-esnorquel-en-bonaire","19":"product_tag-excursiones-en-bonaire","20":"desktop-align-left","21":"tablet-align-left","22":"mobile-align-left","24":"first","25":"instock","26":"featured","27":"virtual","28":"purchasable","29":"product-type-simple"},"acf":[],"_links":{"self":[{"href":"https:\/\/staging.bluebirdtourstravel.com\/es\/wp-json\/wp\/v2\/product\/6414","targetHints":{"allow":["GET"]}}],"collection":[{"href":"https:\/\/staging.bluebirdtourstravel.com\/es\/wp-json\/wp\/v2\/product"}],"about":[{"href":"https:\/\/staging.bluebirdtourstravel.com\/es\/wp-json\/wp\/v2\/types\/product"}],"replies":[{"embeddable":true,"href":"https:\/\/staging.bluebirdtourstravel.com\/es\/wp-json\/wp\/v2\/comments?post=6414"}],"wp:featuredmedia":[{"embeddable":true,"href":"https:\/\/staging.bluebirdtourstravel.com\/es\/wp-json\/wp\/v2\/media\/4866"}],"wp:attachment":[{"href":"https:\/\/staging.bluebirdtourstravel.com\/es\/wp-json\/wp\/v2\/media?parent=6414"}],"wp:term":[{"taxonomy":"activiteit-bron","embeddable":true,"href":"https:\/\/staging.bluebirdtourstravel.com\/es\/wp-json\/wp\/v2\/activiteit-bron?post=6414"},{"taxonomy":"product_brand","embeddable":true,"href":"https:\/\/staging.bluebirdtourstravel.com\/es\/wp-json\/wp\/v2\/product_brand?post=6414"},{"taxonomy":"product_cat","embeddable":true,"href":"https:\/\/staging.bluebirdtourstravel.com\/es\/wp-json\/wp\/v2\/product_cat?post=6414"},{"taxonomy":"product_tag","embeddable":true,"href":"https:\/\/staging.bluebirdtourstravel.com\/es\/wp-json\/wp\/v2\/product_tag?post=6414"}],"curies":[{"name":"wp","href":"https:\/\/api.w.org\/{rel}","templated":true}]}}