{"id":6415,"date":"2024-08-20T23:50:18","date_gmt":"2024-08-20T23:50:18","guid":{"rendered":"https:\/\/bbtt.webdeveloperz.nl\/product\/avistamiento-de-delfines-surinam\/"},"modified":"2026-03-26T14:42:34","modified_gmt":"2026-03-26T14:42:34","slug":"avistamiento-de-delfines-surinam","status":"publish","type":"product","link":"https:\/\/staging.bluebirdtourstravel.com\/es\/producto\/avistamiento-de-delfines-surinam\/","title":{"rendered":"Avistamiento de delfines (Surinam)"},"content":{"rendered":"<section class=\"activity-description\">\u00danete a un inolvidable tour de delfines y vive una de las excursiones m\u00e1s queridas de Surinam. Desde Leonsberg, a orillas del r\u00edo Surinam, partir\u00e1s en una tradicional barca surinamesa para un aut\u00e9ntico viaje por el agua. Mientras recorres el r\u00edo, \u00fanete al gu\u00eda en busca de delfines en su h\u00e1bitat natural. La combinaci\u00f3n de navegar al atardecer, el ambiente relajado en el barco y la b\u00fasqueda de estos animales especiales hacen de este tour una experiencia \u00fanica y atmosf\u00e9rica donde naturaleza, cultura y aventura se unen.   <\/section>\n","protected":false},"excerpt":{"rendered":"<p>\u00danete a un inolvidable tour de delfines y vive una de las excursiones m\u00e1s queridas de Surinam. Desde Leonsberg, a [&hellip;]<\/p>\n","protected":false},"featured_media":4884,"comment_status":"closed","ping_status":"closed","template":"","meta":{"_acf_changed":false,"site-sidebar-layout":"default","site-content-layout":"","ast-site-content-layout":"default","site-content-style":"default","site-sidebar-style":"default","ast-global-header-display":"","ast-banner-title-visibility":"","ast-main-header-display":"","ast-hfb-above-header-display":"","ast-hfb-below-header-display":"","ast-hfb-mobile-header-display":"","site-post-title":"","ast-breadcrumbs-content":"","ast-featured-img":"","footer-sml-layout":"","ast-disable-related-posts":"","theme-transparent-header-meta":"default","adv-header-id-meta":"","stick-header-meta":"","header-above-stick-meta":"","header-main-stick-meta":"","header-below-stick-meta":"","astra-migrate-meta-layouts":"default","ast-page-background-enabled":"default","ast-page-background-meta":{"desktop":{"background-color":"var(--ast-global-color-4)","background-image":"","background-repeat":"repeat","background-position":"center center","background-size":"auto","background-attachment":"scroll","background-type":"","background-media":"","overlay-type":"","overlay-color":"","overlay-opacity":"","overlay-gradient":""},"tablet":{"background-color":"","background-image":"","background-repeat":"repeat","background-position":"center center","background-size":"auto","background-attachment":"scroll","background-type":"","background-media":"","overlay-type":"","overlay-color":"","overlay-opacity":"","overlay-gradient":""},"mobile":{"background-color":"","background-image":"","background-repeat":"repeat","background-position":"center center","background-size":"auto","background-attachment":"scroll","background-type":"","background-media":"","overlay-type":"","overlay-color":"","overlay-opacity":"","overlay-gradient":""}},"ast-content-background-meta":{"desktop":{"background-color":"var(--ast-global-color-5)","background-image":"","background-repeat":"repeat","background-position":"center center","background-size":"auto","background-attachment":"scroll","background-type":"","background-media":"","overlay-type":"","overlay-color":"","overlay-opacity":"","overlay-gradient":""},"tablet":{"background-color":"var(--ast-global-color-5)","background-image":"","background-repeat":"repeat","background-position":"center center","background-size":"auto","background-attachment":"scroll","background-type":"","background-media":"","overlay-type":"","overlay-color":"","overlay-opacity":"","overlay-gradient":""},"mobile":{"background-color":"var(--ast-global-color-5)","background-image":"","background-repeat":"repeat","background-position":"center center","background-size":"auto","background-attachment":"scroll","background-type":"","background-media":"","overlay-type":"","overlay-color":"","overlay-opacity":"","overlay-gradient":""}}},"activiteit-bron":[576,580],"product_brand":[],"product_cat":[132,144],"product_tag":[135,136,140,158,451,449,467,138,166,146,141],"class_list":{"0":"post-6415","1":"product","2":"type-product","3":"status-publish","4":"has-post-thumbnail","6":"activiteit-bron-eigen-netwerk","7":"activiteit-bron-propia-red-surinam","8":"product_cat-naturaleza-y-cultura","9":"product_cat-surinam","10":"product_tag-actividades","11":"product_tag-apto-para-ninos","12":"product_tag-aventurero","13":"product_tag-deportes-acuaticos","14":"product_tag-deportes-acuaticos-en-surinam","15":"product_tag-excursiones-en-barco-por-surinam","16":"product_tag-excursiones-en-surinam","17":"product_tag-naturaleza","18":"product_tag-romantico","19":"product_tag-surinam","20":"product_tag-viajes-en-barco","21":"desktop-align-left","22":"tablet-align-left","23":"mobile-align-left","25":"first","26":"instock","27":"featured","28":"virtual","29":"purchasable","30":"product-type-simple"},"acf":[],"_links":{"self":[{"href":"https:\/\/staging.bluebirdtourstravel.com\/es\/wp-json\/wp\/v2\/product\/6415","targetHints":{"allow":["GET"]}}],"collection":[{"href":"https:\/\/staging.bluebirdtourstravel.com\/es\/wp-json\/wp\/v2\/product"}],"about":[{"href":"https:\/\/staging.bluebirdtourstravel.com\/es\/wp-json\/wp\/v2\/types\/product"}],"replies":[{"embeddable":true,"href":"https:\/\/staging.bluebirdtourstravel.com\/es\/wp-json\/wp\/v2\/comments?post=6415"}],"wp:featuredmedia":[{"embeddable":true,"href":"https:\/\/staging.bluebirdtourstravel.com\/es\/wp-json\/wp\/v2\/media\/4884"}],"wp:attachment":[{"href":"https:\/\/staging.bluebirdtourstravel.com\/es\/wp-json\/wp\/v2\/media?parent=6415"}],"wp:term":[{"taxonomy":"activiteit-bron","embeddable":true,"href":"https:\/\/staging.bluebirdtourstravel.com\/es\/wp-json\/wp\/v2\/activiteit-bron?post=6415"},{"taxonomy":"product_brand","embeddable":true,"href":"https:\/\/staging.bluebirdtourstravel.com\/es\/wp-json\/wp\/v2\/product_brand?post=6415"},{"taxonomy":"product_cat","embeddable":true,"href":"https:\/\/staging.bluebirdtourstravel.com\/es\/wp-json\/wp\/v2\/product_cat?post=6415"},{"taxonomy":"product_tag","embeddable":true,"href":"https:\/\/staging.bluebirdtourstravel.com\/es\/wp-json\/wp\/v2\/product_tag?post=6415"}],"curies":[{"name":"wp","href":"https:\/\/api.w.org\/{rel}","templated":true}]}}