{"id":6422,"date":"2024-07-31T22:52:47","date_gmt":"2024-07-31T22:52:47","guid":{"rendered":"https:\/\/bbtt.webdeveloperz.nl\/product\/crucero-de-lujo-por-la-laguna-aruba\/"},"modified":"2026-02-18T09:21:11","modified_gmt":"2026-02-18T09:21:11","slug":"crucero-de-lujo-por-la-laguna-aruba","status":"publish","type":"product","link":"https:\/\/staging.bluebirdtourstravel.com\/es\/producto\/crucero-de-lujo-por-la-laguna-aruba\/","title":{"rendered":"Crucero de lujo por la laguna (Aruba)"},"content":{"rendered":"<section class=\"activity-description\">Este lujoso viaje en vela por la costa sur de Aruba se basa en la relajaci\u00f3n, la experiencia y el disfrute activo en el agua. A bordo de una elegante goleta, navegar\u00e1s hacia la Laguna Espa\u00f1ola, una reserva natural \u00fanica con aguas claras y un mundo submarino rico. Acompa\u00f1ado por gu\u00edas profesionales, descubrir\u00e1s lugares ocultos donde el esn\u00f3rquel, la nataci\u00f3n y el relax se combinan sin problemas. Durante el crucero, los momentos de tranquilidad en cubierta se alternan con experiencias activas dentro y dentro del agua, mientras la tripulaci\u00f3n ofrece un ambiente relajado, indulgencia culinaria y bebidas refrescantes. Este tour combina lujo, naturaleza y aventura en un d\u00eda completo en el mar.    <\/section>\n","protected":false},"excerpt":{"rendered":"<p>Este lujoso viaje en vela por la costa sur de Aruba se basa en la relajaci\u00f3n, la experiencia y el [&hellip;]<\/p>\n","protected":false},"featured_media":4850,"comment_status":"closed","ping_status":"closed","template":"","meta":{"_acf_changed":false,"site-sidebar-layout":"default","site-content-layout":"","ast-site-content-layout":"default","site-content-style":"default","site-sidebar-style":"default","ast-global-header-display":"","ast-banner-title-visibility":"","ast-main-header-display":"","ast-hfb-above-header-display":"","ast-hfb-below-header-display":"","ast-hfb-mobile-header-display":"","site-post-title":"","ast-breadcrumbs-content":"","ast-featured-img":"","footer-sml-layout":"","ast-disable-related-posts":"","theme-transparent-header-meta":"default","adv-header-id-meta":"","stick-header-meta":"","header-above-stick-meta":"","header-main-stick-meta":"","header-below-stick-meta":"","astra-migrate-meta-layouts":"default","ast-page-background-enabled":"default","ast-page-background-meta":{"desktop":{"background-color":"var(--ast-global-color-4)","background-image":"","background-repeat":"repeat","background-position":"center center","background-size":"auto","background-attachment":"scroll","background-type":"","background-media":"","overlay-type":"","overlay-color":"","overlay-opacity":"","overlay-gradient":""},"tablet":{"background-color":"","background-image":"","background-repeat":"repeat","background-position":"center center","background-size":"auto","background-attachment":"scroll","background-type":"","background-media":"","overlay-type":"","overlay-color":"","overlay-opacity":"","overlay-gradient":""},"mobile":{"background-color":"","background-image":"","background-repeat":"repeat","background-position":"center center","background-size":"auto","background-attachment":"scroll","background-type":"","background-media":"","overlay-type":"","overlay-color":"","overlay-opacity":"","overlay-gradient":""}},"ast-content-background-meta":{"desktop":{"background-color":"var(--ast-global-color-5)","background-image":"","background-repeat":"repeat","background-position":"center center","background-size":"auto","background-attachment":"scroll","background-type":"","background-media":"","overlay-type":"","overlay-color":"","overlay-opacity":"","overlay-gradient":""},"tablet":{"background-color":"var(--ast-global-color-5)","background-image":"","background-repeat":"repeat","background-position":"center center","background-size":"auto","background-attachment":"scroll","background-type":"","background-media":"","overlay-type":"","overlay-color":"","overlay-opacity":"","overlay-gradient":""},"mobile":{"background-color":"var(--ast-global-color-5)","background-image":"","background-repeat":"repeat","background-position":"center center","background-size":"auto","background-attachment":"scroll","background-type":"","background-media":"","overlay-type":"","overlay-color":"","overlay-opacity":"","overlay-gradient":""}}},"activiteit-bron":[576,582],"product_brand":[],"product_cat":[181,154,180],"product_tag":[135,137,182,241,387,166,383,162],"class_list":{"0":"post-6422","1":"product","2":"type-product","3":"status-publish","4":"has-post-thumbnail","6":"activiteit-bron-eigen-netwerk","7":"activiteit-bron-propia-red-aruba","8":"product_cat-aruba-es","9":"product_cat-buceo-y-snorkel","10":"product_cat-veleros","11":"product_tag-actividades","12":"product_tag-aire-acondicionado","13":"product_tag-aruba-es","14":"product_tag-excursiones-en-barco-en-aruba","15":"product_tag-kayaks-en-aruba","16":"product_tag-romantico","17":"product_tag-snorkel-en-aruba","18":"product_tag-solo-adultos","19":"desktop-align-left","20":"tablet-align-left","21":"mobile-align-left","23":"first","24":"instock","25":"featured","26":"virtual","27":"purchasable","28":"product-type-simple"},"acf":[],"_links":{"self":[{"href":"https:\/\/staging.bluebirdtourstravel.com\/es\/wp-json\/wp\/v2\/product\/6422","targetHints":{"allow":["GET"]}}],"collection":[{"href":"https:\/\/staging.bluebirdtourstravel.com\/es\/wp-json\/wp\/v2\/product"}],"about":[{"href":"https:\/\/staging.bluebirdtourstravel.com\/es\/wp-json\/wp\/v2\/types\/product"}],"replies":[{"embeddable":true,"href":"https:\/\/staging.bluebirdtourstravel.com\/es\/wp-json\/wp\/v2\/comments?post=6422"}],"wp:featuredmedia":[{"embeddable":true,"href":"https:\/\/staging.bluebirdtourstravel.com\/es\/wp-json\/wp\/v2\/media\/4850"}],"wp:attachment":[{"href":"https:\/\/staging.bluebirdtourstravel.com\/es\/wp-json\/wp\/v2\/media?parent=6422"}],"wp:term":[{"taxonomy":"activiteit-bron","embeddable":true,"href":"https:\/\/staging.bluebirdtourstravel.com\/es\/wp-json\/wp\/v2\/activiteit-bron?post=6422"},{"taxonomy":"product_brand","embeddable":true,"href":"https:\/\/staging.bluebirdtourstravel.com\/es\/wp-json\/wp\/v2\/product_brand?post=6422"},{"taxonomy":"product_cat","embeddable":true,"href":"https:\/\/staging.bluebirdtourstravel.com\/es\/wp-json\/wp\/v2\/product_cat?post=6422"},{"taxonomy":"product_tag","embeddable":true,"href":"https:\/\/staging.bluebirdtourstravel.com\/es\/wp-json\/wp\/v2\/product_tag?post=6422"}],"curies":[{"name":"wp","href":"https:\/\/api.w.org\/{rel}","templated":true}]}}