{"id":6449,"date":"2024-07-28T21:55:12","date_gmt":"2024-07-28T21:55:12","guid":{"rendered":"https:\/\/bbtt.webdeveloperz.nl\/product\/crucero-al-atardecer-con-cena-de-cuatro-platos-aruba\/"},"modified":"2026-03-27T08:27:48","modified_gmt":"2026-03-27T08:27:48","slug":"crucero-al-atardecer-con-cena-de-cuatro-platos-aruba","status":"publish","type":"product","link":"https:\/\/staging.bluebirdtourstravel.com\/es\/producto\/crucero-al-atardecer-con-cena-de-cuatro-platos-aruba\/","title":{"rendered":"Crucero al atardecer con cena de cuatro platos (Aruba)"},"content":{"rendered":"<section class=\"activity-description\">En este atmosf\u00e9rico crucero al atardecer, desl\u00edzate por las tranquilas y cristalinas aguas de Aruba mientras el sol se hunde lentamente en el mar y ba\u00f1a la costa con c\u00e1lidos colores. A bordo de un catamar\u00e1n lujoso y hecho a medida, disfruta de un ambiente relajado con m\u00fasica, bebidas tropicales y aperitivos, proporcionados por una tripulaci\u00f3n profesional y acogedora. La experiencia contin\u00faa sin problemas despu\u00e9s con una suntuosa cena de cuatro platos junto al mar en el Pelican Nest Seafood Grill, situado al final del emblem\u00e1tico muelle Pelican. Aqu\u00ed, mariscos frescos del Caribe, un entorno al aire libre y una espectacular vista al oc\u00e9ano se combinan para una velada que combina a la perfecci\u00f3n naturaleza, gastronom\u00eda y relajaci\u00f3n.   <\/section>\n","protected":false},"excerpt":{"rendered":"<p>En este atmosf\u00e9rico crucero al atardecer, desl\u00edzate por las tranquilas y cristalinas aguas de Aruba mientras el sol se hunde [&hellip;]<\/p>\n","protected":false},"featured_media":4796,"comment_status":"closed","ping_status":"closed","template":"","meta":{"_acf_changed":false,"site-sidebar-layout":"default","site-content-layout":"","ast-site-content-layout":"default","site-content-style":"default","site-sidebar-style":"default","ast-global-header-display":"","ast-banner-title-visibility":"","ast-main-header-display":"","ast-hfb-above-header-display":"","ast-hfb-below-header-display":"","ast-hfb-mobile-header-display":"","site-post-title":"","ast-breadcrumbs-content":"","ast-featured-img":"","footer-sml-layout":"","ast-disable-related-posts":"","theme-transparent-header-meta":"default","adv-header-id-meta":"","stick-header-meta":"","header-above-stick-meta":"","header-main-stick-meta":"","header-below-stick-meta":"","astra-migrate-meta-layouts":"default","ast-page-background-enabled":"default","ast-page-background-meta":{"desktop":{"background-color":"var(--ast-global-color-4)","background-image":"","background-repeat":"repeat","background-position":"center center","background-size":"auto","background-attachment":"scroll","background-type":"","background-media":"","overlay-type":"","overlay-color":"","overlay-opacity":"","overlay-gradient":""},"tablet":{"background-color":"","background-image":"","background-repeat":"repeat","background-position":"center center","background-size":"auto","background-attachment":"scroll","background-type":"","background-media":"","overlay-type":"","overlay-color":"","overlay-opacity":"","overlay-gradient":""},"mobile":{"background-color":"","background-image":"","background-repeat":"repeat","background-position":"center center","background-size":"auto","background-attachment":"scroll","background-type":"","background-media":"","overlay-type":"","overlay-color":"","overlay-opacity":"","overlay-gradient":""}},"ast-content-background-meta":{"desktop":{"background-color":"var(--ast-global-color-5)","background-image":"","background-repeat":"repeat","background-position":"center center","background-size":"auto","background-attachment":"scroll","background-type":"","background-media":"","overlay-type":"","overlay-color":"","overlay-opacity":"","overlay-gradient":""},"tablet":{"background-color":"var(--ast-global-color-5)","background-image":"","background-repeat":"repeat","background-position":"center center","background-size":"auto","background-attachment":"scroll","background-type":"","background-media":"","overlay-type":"","overlay-color":"","overlay-opacity":"","overlay-gradient":""},"mobile":{"background-color":"var(--ast-global-color-5)","background-image":"","background-repeat":"repeat","background-position":"center center","background-size":"auto","background-attachment":"scroll","background-type":"","background-media":"","overlay-type":"","overlay-color":"","overlay-opacity":"","overlay-gradient":""}}},"activiteit-bron":[576,582],"product_brand":[],"product_cat":[181,180],"product_tag":[135,137,182,241,166,162],"class_list":{"0":"post-6449","1":"product","2":"type-product","3":"status-publish","4":"has-post-thumbnail","6":"activiteit-bron-eigen-netwerk","7":"activiteit-bron-propia-red-aruba","8":"product_cat-aruba-es","9":"product_cat-veleros","10":"product_tag-actividades","11":"product_tag-aire-acondicionado","12":"product_tag-aruba-es","13":"product_tag-excursiones-en-barco-en-aruba","14":"product_tag-romantico","15":"product_tag-solo-adultos","16":"desktop-align-left","17":"tablet-align-left","18":"mobile-align-left","20":"first","21":"instock","22":"featured","23":"purchasable","24":"product-type-variable","25":"has-default-attributes"},"acf":[],"_links":{"self":[{"href":"https:\/\/staging.bluebirdtourstravel.com\/es\/wp-json\/wp\/v2\/product\/6449","targetHints":{"allow":["GET"]}}],"collection":[{"href":"https:\/\/staging.bluebirdtourstravel.com\/es\/wp-json\/wp\/v2\/product"}],"about":[{"href":"https:\/\/staging.bluebirdtourstravel.com\/es\/wp-json\/wp\/v2\/types\/product"}],"replies":[{"embeddable":true,"href":"https:\/\/staging.bluebirdtourstravel.com\/es\/wp-json\/wp\/v2\/comments?post=6449"}],"wp:featuredmedia":[{"embeddable":true,"href":"https:\/\/staging.bluebirdtourstravel.com\/es\/wp-json\/wp\/v2\/media\/4796"}],"wp:attachment":[{"href":"https:\/\/staging.bluebirdtourstravel.com\/es\/wp-json\/wp\/v2\/media?parent=6449"}],"wp:term":[{"taxonomy":"activiteit-bron","embeddable":true,"href":"https:\/\/staging.bluebirdtourstravel.com\/es\/wp-json\/wp\/v2\/activiteit-bron?post=6449"},{"taxonomy":"product_brand","embeddable":true,"href":"https:\/\/staging.bluebirdtourstravel.com\/es\/wp-json\/wp\/v2\/product_brand?post=6449"},{"taxonomy":"product_cat","embeddable":true,"href":"https:\/\/staging.bluebirdtourstravel.com\/es\/wp-json\/wp\/v2\/product_cat?post=6449"},{"taxonomy":"product_tag","embeddable":true,"href":"https:\/\/staging.bluebirdtourstravel.com\/es\/wp-json\/wp\/v2\/product_tag?post=6449"}],"curies":[{"name":"wp","href":"https:\/\/api.w.org\/{rel}","templated":true}]}}