{"id":6482,"date":"2024-06-26T20:50:59","date_gmt":"2024-06-26T20:50:59","guid":{"rendered":"https:\/\/bbtt.webdeveloperz.nl\/product\/inmersion-en-barco-con-2-botellas-bonaire\/"},"modified":"2026-03-26T14:26:13","modified_gmt":"2026-03-26T14:26:13","slug":"inmersion-en-barco-con-2-botellas-bonaire","status":"publish","type":"product","link":"https:\/\/staging.bluebirdtourstravel.com\/es\/producto\/inmersion-en-barco-con-2-botellas-bonaire\/","title":{"rendered":"Inmersi\u00f3n en barco con 2 botellas (Bonaire)"},"content":{"rendered":"<section class=\"activity-description\">Subir a este barco significa disfrutar de una experiencia relajada y personalizada en el mar, junto a tus amigos o acompa\u00f1antes. Durante este tour exclusivo descubrir\u00e1s Bonaire desde el agua, donde la paz, el confort y la naturaleza son centrales. Al contemplar la costa y las aguas cristalinas, experimentar\u00e1s la belleza de la isla tanto por encima como por debajo de la superficie del agua. El tour es completamente flexible y se adaptar\u00e1 a tus deseos, ya sea que quieras bucear, hacer snorkel o simplemente relajarte a bordo. Todo est\u00e1 cuidado hasta el \u00faltimo detalle, para que puedas disfrutar de una experiencia informal y de alta calidad en el agua sin preocupaciones.    <\/section>\n","protected":false},"excerpt":{"rendered":"<p>Subir a este barco significa disfrutar de una experiencia relajada y personalizada en el mar, junto a tus amigos o [&hellip;]<\/p>\n","protected":false},"featured_media":4738,"comment_status":"closed","ping_status":"closed","template":"","meta":{"_acf_changed":false,"site-sidebar-layout":"default","site-content-layout":"","ast-site-content-layout":"default","site-content-style":"default","site-sidebar-style":"default","ast-global-header-display":"","ast-banner-title-visibility":"","ast-main-header-display":"","ast-hfb-above-header-display":"","ast-hfb-below-header-display":"","ast-hfb-mobile-header-display":"","site-post-title":"","ast-breadcrumbs-content":"","ast-featured-img":"","footer-sml-layout":"","ast-disable-related-posts":"","theme-transparent-header-meta":"default","adv-header-id-meta":"","stick-header-meta":"","header-above-stick-meta":"","header-main-stick-meta":"","header-below-stick-meta":"","astra-migrate-meta-layouts":"default","ast-page-background-enabled":"default","ast-page-background-meta":{"desktop":{"background-color":"var(--ast-global-color-4)","background-image":"","background-repeat":"repeat","background-position":"center center","background-size":"auto","background-attachment":"scroll","background-type":"","background-media":"","overlay-type":"","overlay-color":"","overlay-opacity":"","overlay-gradient":""},"tablet":{"background-color":"","background-image":"","background-repeat":"repeat","background-position":"center center","background-size":"auto","background-attachment":"scroll","background-type":"","background-media":"","overlay-type":"","overlay-color":"","overlay-opacity":"","overlay-gradient":""},"mobile":{"background-color":"","background-image":"","background-repeat":"repeat","background-position":"center center","background-size":"auto","background-attachment":"scroll","background-type":"","background-media":"","overlay-type":"","overlay-color":"","overlay-opacity":"","overlay-gradient":""}},"ast-content-background-meta":{"desktop":{"background-color":"var(--ast-global-color-5)","background-image":"","background-repeat":"repeat","background-position":"center center","background-size":"auto","background-attachment":"scroll","background-type":"","background-media":"","overlay-type":"","overlay-color":"","overlay-opacity":"","overlay-gradient":""},"tablet":{"background-color":"var(--ast-global-color-5)","background-image":"","background-repeat":"repeat","background-position":"center center","background-size":"auto","background-attachment":"scroll","background-type":"","background-media":"","overlay-type":"","overlay-color":"","overlay-opacity":"","overlay-gradient":""},"mobile":{"background-color":"var(--ast-global-color-5)","background-image":"","background-repeat":"repeat","background-position":"center center","background-size":"auto","background-attachment":"scroll","background-type":"","background-media":"","overlay-type":"","overlay-color":"","overlay-opacity":"","overlay-gradient":""}}},"activiteit-bron":[576,581],"product_brand":[],"product_cat":[133,154],"product_tag":[135,140,134,152,194,407,155,158,405,409,404,421,193,162,141],"class_list":{"0":"post-6482","1":"product","2":"type-product","3":"status-publish","4":"has-post-thumbnail","6":"activiteit-bron-eigen-netwerk","7":"activiteit-bron-propia-red-bonaire","8":"product_cat-bonaire-es","9":"product_cat-buceo-y-snorkel","10":"product_tag-actividades","11":"product_tag-aventurero","12":"product_tag-bonaire-es","13":"product_tag-buceo","14":"product_tag-buceo-en-barco","15":"product_tag-buceo-en-bonaire","16":"product_tag-cafetera","17":"product_tag-deportes-acuaticos","18":"product_tag-deportes-acuaticos-en-bonaire","19":"product_tag-esnorquel-en-bonaire","20":"product_tag-excursiones-en-barco-en-bonaire","21":"product_tag-excursiones-en-bonaire","22":"product_tag-inmersiones-guiadas","23":"product_tag-solo-adultos","24":"product_tag-viajes-en-barco","25":"desktop-align-left","26":"tablet-align-left","27":"mobile-align-left","29":"first","30":"instock","31":"featured","32":"purchasable","33":"product-type-variable","34":"has-default-attributes"},"acf":[],"_links":{"self":[{"href":"https:\/\/staging.bluebirdtourstravel.com\/es\/wp-json\/wp\/v2\/product\/6482","targetHints":{"allow":["GET"]}}],"collection":[{"href":"https:\/\/staging.bluebirdtourstravel.com\/es\/wp-json\/wp\/v2\/product"}],"about":[{"href":"https:\/\/staging.bluebirdtourstravel.com\/es\/wp-json\/wp\/v2\/types\/product"}],"replies":[{"embeddable":true,"href":"https:\/\/staging.bluebirdtourstravel.com\/es\/wp-json\/wp\/v2\/comments?post=6482"}],"wp:featuredmedia":[{"embeddable":true,"href":"https:\/\/staging.bluebirdtourstravel.com\/es\/wp-json\/wp\/v2\/media\/4738"}],"wp:attachment":[{"href":"https:\/\/staging.bluebirdtourstravel.com\/es\/wp-json\/wp\/v2\/media?parent=6482"}],"wp:term":[{"taxonomy":"activiteit-bron","embeddable":true,"href":"https:\/\/staging.bluebirdtourstravel.com\/es\/wp-json\/wp\/v2\/activiteit-bron?post=6482"},{"taxonomy":"product_brand","embeddable":true,"href":"https:\/\/staging.bluebirdtourstravel.com\/es\/wp-json\/wp\/v2\/product_brand?post=6482"},{"taxonomy":"product_cat","embeddable":true,"href":"https:\/\/staging.bluebirdtourstravel.com\/es\/wp-json\/wp\/v2\/product_cat?post=6482"},{"taxonomy":"product_tag","embeddable":true,"href":"https:\/\/staging.bluebirdtourstravel.com\/es\/wp-json\/wp\/v2\/product_tag?post=6482"}],"curies":[{"name":"wp","href":"https:\/\/api.w.org\/{rel}","templated":true}]}}