{"id":6486,"date":"2024-06-26T20:42:02","date_gmt":"2024-06-26T20:42:02","guid":{"rendered":"https:\/\/bbtt.webdeveloperz.nl\/product\/inmersion-en-barco-con-1-tanque-bonaire\/"},"modified":"2026-03-26T14:25:58","modified_gmt":"2026-03-26T14:25:58","slug":"inmersion-en-barco-con-1-tanque-bonaire","status":"publish","type":"product","link":"https:\/\/staging.bluebirdtourstravel.com\/es\/producto\/inmersion-en-barco-con-1-tanque-bonaire\/","title":{"rendered":"Inmersi\u00f3n en barco con 1 tanque (Bonaire)"},"content":{"rendered":"<section class=\"activity-description\">Sube a bordo para vivir una experiencia exclusiva y relajante en barco donde comodidad, tranquilidad y aventura se unen. Este tour privado en barco es ideal para grupos peque\u00f1os que quieran descubrir Bonaire desde el agua, tanto por encima como por debajo del nivel del mar. Mientras disfrutas de las vistas y el ambiente relajado a bordo, el barco te llevar\u00e1 a lugares preciosos donde podr\u00e1s bucear o hacer esn\u00f3rquel, dependiendo de tu experiencia y deseos. Todo est\u00e1 pensado para liberarte por completo: desde la orientaci\u00f3n profesional hasta el equipo completo de buceo que ya est\u00e1 listo para ti. Solo tienes que subir a bordo y disfrutar de una experiencia personalizada, flexible y de alta calidad en el mar, completamente adaptada a tu ritmo e intereses.    <\/section>\n","protected":false},"excerpt":{"rendered":"<p>Sube a bordo para vivir una experiencia exclusiva y relajante en barco donde comodidad, tranquilidad y aventura se unen. Este [&hellip;]<\/p>\n","protected":false},"featured_media":4732,"comment_status":"closed","ping_status":"closed","template":"","meta":{"_acf_changed":false,"site-sidebar-layout":"default","site-content-layout":"","ast-site-content-layout":"default","site-content-style":"default","site-sidebar-style":"default","ast-global-header-display":"","ast-banner-title-visibility":"","ast-main-header-display":"","ast-hfb-above-header-display":"","ast-hfb-below-header-display":"","ast-hfb-mobile-header-display":"","site-post-title":"","ast-breadcrumbs-content":"","ast-featured-img":"","footer-sml-layout":"","ast-disable-related-posts":"","theme-transparent-header-meta":"default","adv-header-id-meta":"","stick-header-meta":"","header-above-stick-meta":"","header-main-stick-meta":"","header-below-stick-meta":"","astra-migrate-meta-layouts":"default","ast-page-background-enabled":"default","ast-page-background-meta":{"desktop":{"background-color":"var(--ast-global-color-4)","background-image":"","background-repeat":"repeat","background-position":"center center","background-size":"auto","background-attachment":"scroll","background-type":"","background-media":"","overlay-type":"","overlay-color":"","overlay-opacity":"","overlay-gradient":""},"tablet":{"background-color":"","background-image":"","background-repeat":"repeat","background-position":"center center","background-size":"auto","background-attachment":"scroll","background-type":"","background-media":"","overlay-type":"","overlay-color":"","overlay-opacity":"","overlay-gradient":""},"mobile":{"background-color":"","background-image":"","background-repeat":"repeat","background-position":"center center","background-size":"auto","background-attachment":"scroll","background-type":"","background-media":"","overlay-type":"","overlay-color":"","overlay-opacity":"","overlay-gradient":""}},"ast-content-background-meta":{"desktop":{"background-color":"var(--ast-global-color-5)","background-image":"","background-repeat":"repeat","background-position":"center center","background-size":"auto","background-attachment":"scroll","background-type":"","background-media":"","overlay-type":"","overlay-color":"","overlay-opacity":"","overlay-gradient":""},"tablet":{"background-color":"var(--ast-global-color-5)","background-image":"","background-repeat":"repeat","background-position":"center center","background-size":"auto","background-attachment":"scroll","background-type":"","background-media":"","overlay-type":"","overlay-color":"","overlay-opacity":"","overlay-gradient":""},"mobile":{"background-color":"var(--ast-global-color-5)","background-image":"","background-repeat":"repeat","background-position":"center center","background-size":"auto","background-attachment":"scroll","background-type":"","background-media":"","overlay-type":"","overlay-color":"","overlay-opacity":"","overlay-gradient":""}}},"activiteit-bron":[576,581],"product_brand":[],"product_cat":[133,154],"product_tag":[135,140,134,152,194,407,155,158,405,409,404,421,193,162,141],"class_list":{"0":"post-6486","1":"product","2":"type-product","3":"status-publish","4":"has-post-thumbnail","6":"activiteit-bron-eigen-netwerk","7":"activiteit-bron-propia-red-bonaire","8":"product_cat-bonaire-es","9":"product_cat-buceo-y-snorkel","10":"product_tag-actividades","11":"product_tag-aventurero","12":"product_tag-bonaire-es","13":"product_tag-buceo","14":"product_tag-buceo-en-barco","15":"product_tag-buceo-en-bonaire","16":"product_tag-cafetera","17":"product_tag-deportes-acuaticos","18":"product_tag-deportes-acuaticos-en-bonaire","19":"product_tag-esnorquel-en-bonaire","20":"product_tag-excursiones-en-barco-en-bonaire","21":"product_tag-excursiones-en-bonaire","22":"product_tag-inmersiones-guiadas","23":"product_tag-solo-adultos","24":"product_tag-viajes-en-barco","25":"desktop-align-left","26":"tablet-align-left","27":"mobile-align-left","29":"first","30":"instock","31":"featured","32":"purchasable","33":"product-type-variable","34":"has-default-attributes"},"acf":[],"_links":{"self":[{"href":"https:\/\/staging.bluebirdtourstravel.com\/es\/wp-json\/wp\/v2\/product\/6486","targetHints":{"allow":["GET"]}}],"collection":[{"href":"https:\/\/staging.bluebirdtourstravel.com\/es\/wp-json\/wp\/v2\/product"}],"about":[{"href":"https:\/\/staging.bluebirdtourstravel.com\/es\/wp-json\/wp\/v2\/types\/product"}],"replies":[{"embeddable":true,"href":"https:\/\/staging.bluebirdtourstravel.com\/es\/wp-json\/wp\/v2\/comments?post=6486"}],"wp:featuredmedia":[{"embeddable":true,"href":"https:\/\/staging.bluebirdtourstravel.com\/es\/wp-json\/wp\/v2\/media\/4732"}],"wp:attachment":[{"href":"https:\/\/staging.bluebirdtourstravel.com\/es\/wp-json\/wp\/v2\/media?parent=6486"}],"wp:term":[{"taxonomy":"activiteit-bron","embeddable":true,"href":"https:\/\/staging.bluebirdtourstravel.com\/es\/wp-json\/wp\/v2\/activiteit-bron?post=6486"},{"taxonomy":"product_brand","embeddable":true,"href":"https:\/\/staging.bluebirdtourstravel.com\/es\/wp-json\/wp\/v2\/product_brand?post=6486"},{"taxonomy":"product_cat","embeddable":true,"href":"https:\/\/staging.bluebirdtourstravel.com\/es\/wp-json\/wp\/v2\/product_cat?post=6486"},{"taxonomy":"product_tag","embeddable":true,"href":"https:\/\/staging.bluebirdtourstravel.com\/es\/wp-json\/wp\/v2\/product_tag?post=6486"}],"curies":[{"name":"wp","href":"https:\/\/api.w.org\/{rel}","templated":true}]}}