{"id":6532,"date":"2024-06-12T23:26:20","date_gmt":"2024-06-12T23:26:20","guid":{"rendered":"https:\/\/bbtt.webdeveloperz.nl\/product\/aventura-de-apnea-buceo-en-el-muelle-salado-bonaire\/"},"modified":"2026-03-26T14:22:58","modified_gmt":"2026-03-26T14:22:58","slug":"aventura-de-apnea-buceo-en-el-muelle-salado-bonaire","status":"publish","type":"product","link":"https:\/\/staging.bluebirdtourstravel.com\/es\/producto\/aventura-de-apnea-buceo-en-el-muelle-salado-bonaire\/","title":{"rendered":"Aventura de apnea Buceo en el Muelle Salado (Bonaire)"},"content":{"rendered":"<section class=\"activity-description\">Disfruta del apneismo en uno de los lugares m\u00e1s ic\u00f3nicos y fotog\u00e9nicos de Bonaire durante una sesi\u00f3n \u00fanica en el Salt Pier. Este lugar especial es conocido por su impresionante vida marina, donde grandes bancos de peces se re\u00fanen bajo las enormes construcciones de muelles y el juego de luces y sombras crea una atm\u00f3sfera casi m\u00e1gica. Durante esta experiencia de buceo libre, flotar\u00e1s por las aguas cristalinas en paz y descubrir\u00e1s la rica vida macro que se esconde entre los pilares. Adecuado tanto para apneistas principiantes como avanzados, el Salt Pier ofrece muchas oportunidades para perfeccionar t\u00e9cnicas, explorar de forma relajada y hacer fotos y v\u00eddeos espectaculares. El buceo libre en este lugar combina concentraci\u00f3n, libertad y pura experiencia submarina en un lugar reconocido mundialmente por su belleza.    <\/section>\n","protected":false},"excerpt":{"rendered":"<p>Disfruta del apneismo en uno de los lugares m\u00e1s ic\u00f3nicos y fotog\u00e9nicos de Bonaire durante una sesi\u00f3n \u00fanica en el [&hellip;]<\/p>\n","protected":false},"featured_media":4556,"comment_status":"closed","ping_status":"closed","template":"","meta":{"_acf_changed":false,"site-sidebar-layout":"default","site-content-layout":"","ast-site-content-layout":"default","site-content-style":"default","site-sidebar-style":"default","ast-global-header-display":"","ast-banner-title-visibility":"","ast-main-header-display":"","ast-hfb-above-header-display":"","ast-hfb-below-header-display":"","ast-hfb-mobile-header-display":"","site-post-title":"","ast-breadcrumbs-content":"","ast-featured-img":"","footer-sml-layout":"","ast-disable-related-posts":"","theme-transparent-header-meta":"default","adv-header-id-meta":"","stick-header-meta":"","header-above-stick-meta":"","header-main-stick-meta":"","header-below-stick-meta":"","astra-migrate-meta-layouts":"default","ast-page-background-enabled":"default","ast-page-background-meta":{"desktop":{"background-color":"var(--ast-global-color-4)","background-image":"","background-repeat":"repeat","background-position":"center center","background-size":"auto","background-attachment":"scroll","background-type":"","background-media":"","overlay-type":"","overlay-color":"","overlay-opacity":"","overlay-gradient":""},"tablet":{"background-color":"","background-image":"","background-repeat":"repeat","background-position":"center center","background-size":"auto","background-attachment":"scroll","background-type":"","background-media":"","overlay-type":"","overlay-color":"","overlay-opacity":"","overlay-gradient":""},"mobile":{"background-color":"","background-image":"","background-repeat":"repeat","background-position":"center center","background-size":"auto","background-attachment":"scroll","background-type":"","background-media":"","overlay-type":"","overlay-color":"","overlay-opacity":"","overlay-gradient":""}},"ast-content-background-meta":{"desktop":{"background-color":"var(--ast-global-color-5)","background-image":"","background-repeat":"repeat","background-position":"center center","background-size":"auto","background-attachment":"scroll","background-type":"","background-media":"","overlay-type":"","overlay-color":"","overlay-opacity":"","overlay-gradient":""},"tablet":{"background-color":"var(--ast-global-color-5)","background-image":"","background-repeat":"repeat","background-position":"center center","background-size":"auto","background-attachment":"scroll","background-type":"","background-media":"","overlay-type":"","overlay-color":"","overlay-opacity":"","overlay-gradient":""},"mobile":{"background-color":"var(--ast-global-color-5)","background-image":"","background-repeat":"repeat","background-position":"center center","background-size":"auto","background-attachment":"scroll","background-type":"","background-media":"","overlay-type":"","overlay-color":"","overlay-opacity":"","overlay-gradient":""}}},"activiteit-bron":[576,581],"product_brand":[],"product_cat":[133,154],"product_tag":[135,200,489,140,134,152,407,155,409,162],"class_list":{"0":"post-6532","1":"product","2":"type-product","3":"status-publish","4":"has-post-thumbnail","6":"activiteit-bron-eigen-netwerk","7":"activiteit-bron-propia-red-bonaire","8":"product_cat-bonaire-es","9":"product_cat-buceo-y-snorkel","10":"product_tag-actividades","11":"product_tag-apnea","12":"product_tag-apnea-en-bonaire","13":"product_tag-aventurero","14":"product_tag-bonaire-es","15":"product_tag-buceo","16":"product_tag-buceo-en-bonaire","17":"product_tag-cafetera","18":"product_tag-esnorquel-en-bonaire","19":"product_tag-solo-adultos","20":"desktop-align-left","21":"tablet-align-left","22":"mobile-align-left","24":"first","25":"instock","26":"featured","27":"virtual","28":"purchasable","29":"product-type-simple"},"acf":[],"_links":{"self":[{"href":"https:\/\/staging.bluebirdtourstravel.com\/es\/wp-json\/wp\/v2\/product\/6532","targetHints":{"allow":["GET"]}}],"collection":[{"href":"https:\/\/staging.bluebirdtourstravel.com\/es\/wp-json\/wp\/v2\/product"}],"about":[{"href":"https:\/\/staging.bluebirdtourstravel.com\/es\/wp-json\/wp\/v2\/types\/product"}],"replies":[{"embeddable":true,"href":"https:\/\/staging.bluebirdtourstravel.com\/es\/wp-json\/wp\/v2\/comments?post=6532"}],"wp:featuredmedia":[{"embeddable":true,"href":"https:\/\/staging.bluebirdtourstravel.com\/es\/wp-json\/wp\/v2\/media\/4556"}],"wp:attachment":[{"href":"https:\/\/staging.bluebirdtourstravel.com\/es\/wp-json\/wp\/v2\/media?parent=6532"}],"wp:term":[{"taxonomy":"activiteit-bron","embeddable":true,"href":"https:\/\/staging.bluebirdtourstravel.com\/es\/wp-json\/wp\/v2\/activiteit-bron?post=6532"},{"taxonomy":"product_brand","embeddable":true,"href":"https:\/\/staging.bluebirdtourstravel.com\/es\/wp-json\/wp\/v2\/product_brand?post=6532"},{"taxonomy":"product_cat","embeddable":true,"href":"https:\/\/staging.bluebirdtourstravel.com\/es\/wp-json\/wp\/v2\/product_cat?post=6532"},{"taxonomy":"product_tag","embeddable":true,"href":"https:\/\/staging.bluebirdtourstravel.com\/es\/wp-json\/wp\/v2\/product_tag?post=6532"}],"curies":[{"name":"wp","href":"https:\/\/api.w.org\/{rel}","templated":true}]}}