{"id":6542,"date":"2024-06-10T20:12:39","date_gmt":"2024-06-10T20:12:39","guid":{"rendered":"https:\/\/bbtt.webdeveloperz.nl\/product\/descubre-la-apnea-bonaire\/"},"modified":"2026-03-26T14:20:46","modified_gmt":"2026-03-26T14:20:46","slug":"descubre-la-apnea-bonaire","status":"publish","type":"product","link":"https:\/\/staging.bluebirdtourstravel.com\/es\/producto\/descubre-la-apnea-bonaire\/","title":{"rendered":"Descubre la apnea (Bonaire)"},"content":{"rendered":"<section class=\"activity-description\">La experiencia Discover Freediving ofrece una introducci\u00f3n inspiradora y accesible al mundo del apneismo, una disciplina especial en la que exploras el mundo submarino de un solo aliento. Esta experiencia est\u00e1 especialmente dise\u00f1ada para personas que buscan algo diferente al esn\u00f3rquel o el buceo y sienten curiosidad por sus propias habilidades bajo el agua. En un entorno relajado y seguro, aprender\u00e1s los principios b\u00e1sicos del apnea paso a paso, prestando mucha atenci\u00f3n a la t\u00e9cnica, la relajaci\u00f3n y la confianza. A lo largo del d\u00eda, estar\u00e1s guiado por instructores experimentados que te llevar\u00e1n de la teor\u00eda a la pr\u00e1ctica, tanto en aguas confinadas como en mar abierto. La experiencia te permite descubrir c\u00f3mo se unen la paz, la respiraci\u00f3n y la concentraci\u00f3n, y a menudo ofrece sorprendentes reflexiones personales. Tanto si vas solo como con amigos, este d\u00eda ofrece una combinaci\u00f3n \u00fanica de aprendizaje, diversi\u00f3n y profundizar tu conexi\u00f3n con el mar.     <\/section>\n","protected":false},"excerpt":{"rendered":"<p>La experiencia Discover Freediving ofrece una introducci\u00f3n inspiradora y accesible al mundo del apneismo, una disciplina especial en la que [&hellip;]<\/p>\n","protected":false},"featured_media":4484,"comment_status":"closed","ping_status":"closed","template":"","meta":{"_acf_changed":false,"site-sidebar-layout":"default","site-content-layout":"","ast-site-content-layout":"default","site-content-style":"default","site-sidebar-style":"default","ast-global-header-display":"","ast-banner-title-visibility":"","ast-main-header-display":"","ast-hfb-above-header-display":"","ast-hfb-below-header-display":"","ast-hfb-mobile-header-display":"","site-post-title":"","ast-breadcrumbs-content":"","ast-featured-img":"","footer-sml-layout":"","ast-disable-related-posts":"","theme-transparent-header-meta":"","adv-header-id-meta":"","stick-header-meta":"","header-above-stick-meta":"","header-main-stick-meta":"","header-below-stick-meta":"","astra-migrate-meta-layouts":"default","ast-page-background-enabled":"default","ast-page-background-meta":{"desktop":{"background-color":"var(--ast-global-color-4)","background-image":"","background-repeat":"repeat","background-position":"center center","background-size":"auto","background-attachment":"scroll","background-type":"","background-media":"","overlay-type":"","overlay-color":"","overlay-opacity":"","overlay-gradient":""},"tablet":{"background-color":"","background-image":"","background-repeat":"repeat","background-position":"center center","background-size":"auto","background-attachment":"scroll","background-type":"","background-media":"","overlay-type":"","overlay-color":"","overlay-opacity":"","overlay-gradient":""},"mobile":{"background-color":"","background-image":"","background-repeat":"repeat","background-position":"center center","background-size":"auto","background-attachment":"scroll","background-type":"","background-media":"","overlay-type":"","overlay-color":"","overlay-opacity":"","overlay-gradient":""}},"ast-content-background-meta":{"desktop":{"background-color":"var(--ast-global-color-5)","background-image":"","background-repeat":"repeat","background-position":"center center","background-size":"auto","background-attachment":"scroll","background-type":"","background-media":"","overlay-type":"","overlay-color":"","overlay-opacity":"","overlay-gradient":""},"tablet":{"background-color":"var(--ast-global-color-5)","background-image":"","background-repeat":"repeat","background-position":"center center","background-size":"auto","background-attachment":"scroll","background-type":"","background-media":"","overlay-type":"","overlay-color":"","overlay-opacity":"","overlay-gradient":""},"mobile":{"background-color":"var(--ast-global-color-5)","background-image":"","background-repeat":"repeat","background-position":"center center","background-size":"auto","background-attachment":"scroll","background-type":"","background-media":"","overlay-type":"","overlay-color":"","overlay-opacity":"","overlay-gradient":""}}},"activiteit-bron":[576,581],"product_brand":[],"product_cat":[133,154],"product_tag":[135,200,489,136,140,134,152,407,409],"class_list":{"0":"post-6542","1":"product","2":"type-product","3":"status-publish","4":"has-post-thumbnail","6":"activiteit-bron-eigen-netwerk","7":"activiteit-bron-propia-red-bonaire","8":"product_cat-bonaire-es","9":"product_cat-buceo-y-snorkel","10":"product_tag-actividades","11":"product_tag-apnea","12":"product_tag-apnea-en-bonaire","13":"product_tag-apto-para-ninos","14":"product_tag-aventurero","15":"product_tag-bonaire-es","16":"product_tag-buceo","17":"product_tag-buceo-en-bonaire","18":"product_tag-esnorquel-en-bonaire","19":"desktop-align-left","20":"tablet-align-left","21":"mobile-align-left","23":"first","24":"instock","25":"featured","26":"virtual","27":"purchasable","28":"product-type-simple"},"acf":[],"_links":{"self":[{"href":"https:\/\/staging.bluebirdtourstravel.com\/es\/wp-json\/wp\/v2\/product\/6542","targetHints":{"allow":["GET"]}}],"collection":[{"href":"https:\/\/staging.bluebirdtourstravel.com\/es\/wp-json\/wp\/v2\/product"}],"about":[{"href":"https:\/\/staging.bluebirdtourstravel.com\/es\/wp-json\/wp\/v2\/types\/product"}],"replies":[{"embeddable":true,"href":"https:\/\/staging.bluebirdtourstravel.com\/es\/wp-json\/wp\/v2\/comments?post=6542"}],"wp:featuredmedia":[{"embeddable":true,"href":"https:\/\/staging.bluebirdtourstravel.com\/es\/wp-json\/wp\/v2\/media\/4484"}],"wp:attachment":[{"href":"https:\/\/staging.bluebirdtourstravel.com\/es\/wp-json\/wp\/v2\/media?parent=6542"}],"wp:term":[{"taxonomy":"activiteit-bron","embeddable":true,"href":"https:\/\/staging.bluebirdtourstravel.com\/es\/wp-json\/wp\/v2\/activiteit-bron?post=6542"},{"taxonomy":"product_brand","embeddable":true,"href":"https:\/\/staging.bluebirdtourstravel.com\/es\/wp-json\/wp\/v2\/product_brand?post=6542"},{"taxonomy":"product_cat","embeddable":true,"href":"https:\/\/staging.bluebirdtourstravel.com\/es\/wp-json\/wp\/v2\/product_cat?post=6542"},{"taxonomy":"product_tag","embeddable":true,"href":"https:\/\/staging.bluebirdtourstravel.com\/es\/wp-json\/wp\/v2\/product_tag?post=6542"}],"curies":[{"name":"wp","href":"https:\/\/api.w.org\/{rel}","templated":true}]}}