{"id":6557,"date":"2024-06-10T19:48:04","date_gmt":"2024-06-10T19:48:04","guid":{"rendered":"https:\/\/bbtt.webdeveloperz.nl\/product\/navegacion-por-tierra-50-minutos-bonaire\/"},"modified":"2026-03-26T14:20:25","modified_gmt":"2026-03-26T14:20:25","slug":"navegacion-por-tierra-50-minutos-bonaire","status":"publish","type":"product","link":"https:\/\/staging.bluebirdtourstravel.com\/es\/producto\/navegacion-por-tierra-50-minutos-bonaire\/","title":{"rendered":"Navegaci\u00f3n por tierra 50 minutos (Bonaire)"},"content":{"rendered":"<section class=\"activity-description\">La navegaci\u00f3n en tierra en Bonaire es una actividad al aire libre sorprendente y accesible en la que te impulsa la fuerza del viento en un blokart especialmente dise\u00f1ado sobre un campo hecho a medida. Gracias a las condiciones ideales en la isla y a la gu\u00eda clara, esta experiencia es adecuada tanto para principiantes como para participantes en busca de emociones. Tras una instrucci\u00f3n corta y clara, pronto notar\u00e1s lo f\u00e1cil que es controlar el blokart y controlar la velocidad y la direcci\u00f3n. Tanto si eliges una ruta relajante mientras disfrutas del paisaje costero, como si simplemente te subes la adrenalina y aceleras el ritmo, la navegaci\u00f3n en tierra ofrece algo para todos. La actividad est\u00e1 dise\u00f1ada deliberadamente de forma accesible y demuestra que la edad no tiene por qu\u00e9 ser una limitaci\u00f3n. Con karts especiales de sombra, los ni\u00f1os peque\u00f1os o participantes menos m\u00f3viles tambi\u00e9n pueden conducir con seguridad, convirti\u00e9ndolo en una experiencia que puede compartir toda la familia. La combinaci\u00f3n de libertad, viento y diversi\u00f3n hace que la navegaci\u00f3n en tierra sea una forma \u00fanica de experimentar Bonaire de forma activa y diferente.      <\/section>\n","protected":false},"excerpt":{"rendered":"<p>La navegaci\u00f3n en tierra en Bonaire es una actividad al aire libre sorprendente y accesible en la que te impulsa [&hellip;]<\/p>\n","protected":false},"featured_media":4456,"comment_status":"closed","ping_status":"closed","template":"","meta":{"_acf_changed":false,"site-sidebar-layout":"default","site-content-layout":"","ast-site-content-layout":"default","site-content-style":"default","site-sidebar-style":"default","ast-global-header-display":"","ast-banner-title-visibility":"","ast-main-header-display":"","ast-hfb-above-header-display":"","ast-hfb-below-header-display":"","ast-hfb-mobile-header-display":"","site-post-title":"","ast-breadcrumbs-content":"","ast-featured-img":"","footer-sml-layout":"","ast-disable-related-posts":"","theme-transparent-header-meta":"","adv-header-id-meta":"","stick-header-meta":"","header-above-stick-meta":"","header-main-stick-meta":"","header-below-stick-meta":"","astra-migrate-meta-layouts":"default","ast-page-background-enabled":"default","ast-page-background-meta":{"desktop":{"background-color":"var(--ast-global-color-4)","background-image":"","background-repeat":"repeat","background-position":"center center","background-size":"auto","background-attachment":"scroll","background-type":"","background-media":"","overlay-type":"","overlay-color":"","overlay-opacity":"","overlay-gradient":""},"tablet":{"background-color":"","background-image":"","background-repeat":"repeat","background-position":"center center","background-size":"auto","background-attachment":"scroll","background-type":"","background-media":"","overlay-type":"","overlay-color":"","overlay-opacity":"","overlay-gradient":""},"mobile":{"background-color":"","background-image":"","background-repeat":"repeat","background-position":"center center","background-size":"auto","background-attachment":"scroll","background-type":"","background-media":"","overlay-type":"","overlay-color":"","overlay-opacity":"","overlay-gradient":""}},"ast-content-background-meta":{"desktop":{"background-color":"var(--ast-global-color-5)","background-image":"","background-repeat":"repeat","background-position":"center center","background-size":"auto","background-attachment":"scroll","background-type":"","background-media":"","overlay-type":"","overlay-color":"","overlay-opacity":"","overlay-gradient":""},"tablet":{"background-color":"var(--ast-global-color-5)","background-image":"","background-repeat":"repeat","background-position":"center center","background-size":"auto","background-attachment":"scroll","background-type":"","background-media":"","overlay-type":"","overlay-color":"","overlay-opacity":"","overlay-gradient":""},"mobile":{"background-color":"var(--ast-global-color-5)","background-image":"","background-repeat":"repeat","background-position":"center center","background-size":"auto","background-attachment":"scroll","background-type":"","background-media":"","overlay-type":"","overlay-color":"","overlay-opacity":"","overlay-gradient":""}}},"activiteit-bron":[576,581],"product_brand":[],"product_cat":[133,205],"product_tag":[135,136,134,414,208],"class_list":{"0":"post-6557","1":"product","2":"type-product","3":"status-publish","4":"has-post-thumbnail","6":"activiteit-bron-eigen-netwerk","7":"activiteit-bron-propia-red-bonaire","8":"product_cat-bonaire-es","9":"product_cat-navegacion-terrestre","10":"product_tag-actividades","11":"product_tag-apto-para-ninos","12":"product_tag-bonaire-es","13":"product_tag-navegacion-por-tierra-en-bonaire","14":"product_tag-navegacion-terrestre","15":"desktop-align-left","16":"tablet-align-left","17":"mobile-align-left","19":"first","20":"instock","21":"featured","22":"virtual","23":"purchasable","24":"product-type-simple"},"acf":[],"_links":{"self":[{"href":"https:\/\/staging.bluebirdtourstravel.com\/es\/wp-json\/wp\/v2\/product\/6557","targetHints":{"allow":["GET"]}}],"collection":[{"href":"https:\/\/staging.bluebirdtourstravel.com\/es\/wp-json\/wp\/v2\/product"}],"about":[{"href":"https:\/\/staging.bluebirdtourstravel.com\/es\/wp-json\/wp\/v2\/types\/product"}],"replies":[{"embeddable":true,"href":"https:\/\/staging.bluebirdtourstravel.com\/es\/wp-json\/wp\/v2\/comments?post=6557"}],"wp:featuredmedia":[{"embeddable":true,"href":"https:\/\/staging.bluebirdtourstravel.com\/es\/wp-json\/wp\/v2\/media\/4456"}],"wp:attachment":[{"href":"https:\/\/staging.bluebirdtourstravel.com\/es\/wp-json\/wp\/v2\/media?parent=6557"}],"wp:term":[{"taxonomy":"activiteit-bron","embeddable":true,"href":"https:\/\/staging.bluebirdtourstravel.com\/es\/wp-json\/wp\/v2\/activiteit-bron?post=6557"},{"taxonomy":"product_brand","embeddable":true,"href":"https:\/\/staging.bluebirdtourstravel.com\/es\/wp-json\/wp\/v2\/product_brand?post=6557"},{"taxonomy":"product_cat","embeddable":true,"href":"https:\/\/staging.bluebirdtourstravel.com\/es\/wp-json\/wp\/v2\/product_cat?post=6557"},{"taxonomy":"product_tag","embeddable":true,"href":"https:\/\/staging.bluebirdtourstravel.com\/es\/wp-json\/wp\/v2\/product_tag?post=6557"}],"curies":[{"name":"wp","href":"https:\/\/api.w.org\/{rel}","templated":true}]}}