{"id":6645,"date":"2025-03-21T16:23:09","date_gmt":"2025-03-21T16:23:09","guid":{"rendered":"https:\/\/bbtt.webdeveloperz.nl\/product\/dos-paises-una-excursion-en-bicicleta-san-martin\/"},"modified":"2026-01-30T13:13:37","modified_gmt":"2026-01-30T13:13:37","slug":"dos-paises-una-excursion-en-bicicleta-san-martin","status":"publish","type":"product","link":"https:\/\/staging.bluebirdtourstravel.com\/es\/producto\/dos-paises-una-excursion-en-bicicleta-san-martin\/","title":{"rendered":"Dos pa\u00edses, una excursi\u00f3n en bicicleta (San Mart\u00edn)"},"content":{"rendered":"<section class=\"activity-description\">Este completo recorrido en bicicleta est\u00e1 dise\u00f1ado para viajeros que desean descubrir San Maart\u00e9n y San Mart\u00edn de forma activa y ecol\u00f3gica. Desde la silla de una bicicleta el\u00e9ctrica, explorar\u00e1s tanto el lado holand\u00e9s como el franc\u00e9s de la isla, acompa\u00f1ado por un gu\u00eda experto que compartir\u00e1 historias y contexto hist\u00f3rico a lo largo del camino. La ruta te lleva por costas ic\u00f3nicas, barrios urbanos vibrantes y miradores panor\u00e1micos, ofreci\u00e9ndote una vista completa de la isla. Recorrer\u00e1s en bicicleta Philipsburg por la playa de Great Bay, pasar\u00e1s por Divi Little Bay y subir\u00e1s Cay Hill para disfrutar de unas vistas impresionantes sobre la laguna de Simpson Bay. Durante la visita, aprender\u00e1s sobre la historia especial de la frontera en el Monumento a la Frontera y descubrir\u00e1s el encanto de Marigot, incluyendo una caminata hasta Fort Louis. La combinaci\u00f3n de naturaleza, cultura y movimiento hace de este tour una experiencia isle\u00f1a vers\u00e1til y aut\u00e9ntica.     <\/section>\n","protected":false},"excerpt":{"rendered":"<p>Este completo recorrido en bicicleta est\u00e1 dise\u00f1ado para viajeros que desean descubrir San Maart\u00e9n y San Mart\u00edn de forma activa [&hellip;]<\/p>\n","protected":false},"featured_media":5278,"comment_status":"closed","ping_status":"closed","template":"","meta":{"_acf_changed":false,"site-sidebar-layout":"default","site-content-layout":"","ast-site-content-layout":"default","site-content-style":"default","site-sidebar-style":"default","ast-global-header-display":"","ast-banner-title-visibility":"","ast-main-header-display":"","ast-hfb-above-header-display":"","ast-hfb-below-header-display":"","ast-hfb-mobile-header-display":"","site-post-title":"","ast-breadcrumbs-content":"","ast-featured-img":"","footer-sml-layout":"","ast-disable-related-posts":"","theme-transparent-header-meta":"","adv-header-id-meta":"","stick-header-meta":"","header-above-stick-meta":"","header-main-stick-meta":"","header-below-stick-meta":"","astra-migrate-meta-layouts":"default","ast-page-background-enabled":"default","ast-page-background-meta":{"desktop":{"background-color":"var(--ast-global-color-4)","background-image":"","background-repeat":"repeat","background-position":"center center","background-size":"auto","background-attachment":"scroll","background-type":"","background-media":"","overlay-type":"","overlay-color":"","overlay-opacity":"","overlay-gradient":""},"tablet":{"background-color":"","background-image":"","background-repeat":"repeat","background-position":"center center","background-size":"auto","background-attachment":"scroll","background-type":"","background-media":"","overlay-type":"","overlay-color":"","overlay-opacity":"","overlay-gradient":""},"mobile":{"background-color":"","background-image":"","background-repeat":"repeat","background-position":"center center","background-size":"auto","background-attachment":"scroll","background-type":"","background-media":"","overlay-type":"","overlay-color":"","overlay-opacity":"","overlay-gradient":""}},"ast-content-background-meta":{"desktop":{"background-color":"var(--ast-global-color-5)","background-image":"","background-repeat":"repeat","background-position":"center center","background-size":"auto","background-attachment":"scroll","background-type":"","background-media":"","overlay-type":"","overlay-color":"","overlay-opacity":"","overlay-gradient":""},"tablet":{"background-color":"var(--ast-global-color-5)","background-image":"","background-repeat":"repeat","background-position":"center center","background-size":"auto","background-attachment":"scroll","background-type":"","background-media":"","overlay-type":"","overlay-color":"","overlay-opacity":"","overlay-gradient":""},"mobile":{"background-color":"var(--ast-global-color-5)","background-image":"","background-repeat":"repeat","background-position":"center center","background-size":"auto","background-attachment":"scroll","background-type":"","background-media":"","overlay-type":"","overlay-color":"","overlay-opacity":"","overlay-gradient":""}}},"activiteit-bron":[576,584],"product_brand":[],"product_cat":[211,522],"product_tag":[135,485,137,138,212,483],"class_list":{"0":"post-6645","1":"product","2":"type-product","3":"status-publish","4":"has-post-thumbnail","6":"activiteit-bron-eigen-netwerk","7":"activiteit-bron-propia-red-sint-maarten","8":"product_cat-actividades-al-aire-libre","9":"product_cat-san-martin","10":"product_tag-actividades","11":"product_tag-actividades-al-aire-libre-en-san-martin","12":"product_tag-aire-acondicionado","13":"product_tag-naturaleza","14":"product_tag-san-martin","15":"product_tag-visitas-en-san-martin","16":"desktop-align-left","17":"tablet-align-left","18":"mobile-align-left","20":"first","21":"instock","22":"featured","23":"virtual","24":"purchasable","25":"product-type-simple"},"acf":[],"_links":{"self":[{"href":"https:\/\/staging.bluebirdtourstravel.com\/es\/wp-json\/wp\/v2\/product\/6645","targetHints":{"allow":["GET"]}}],"collection":[{"href":"https:\/\/staging.bluebirdtourstravel.com\/es\/wp-json\/wp\/v2\/product"}],"about":[{"href":"https:\/\/staging.bluebirdtourstravel.com\/es\/wp-json\/wp\/v2\/types\/product"}],"replies":[{"embeddable":true,"href":"https:\/\/staging.bluebirdtourstravel.com\/es\/wp-json\/wp\/v2\/comments?post=6645"}],"wp:featuredmedia":[{"embeddable":true,"href":"https:\/\/staging.bluebirdtourstravel.com\/es\/wp-json\/wp\/v2\/media\/5278"}],"wp:attachment":[{"href":"https:\/\/staging.bluebirdtourstravel.com\/es\/wp-json\/wp\/v2\/media?parent=6645"}],"wp:term":[{"taxonomy":"activiteit-bron","embeddable":true,"href":"https:\/\/staging.bluebirdtourstravel.com\/es\/wp-json\/wp\/v2\/activiteit-bron?post=6645"},{"taxonomy":"product_brand","embeddable":true,"href":"https:\/\/staging.bluebirdtourstravel.com\/es\/wp-json\/wp\/v2\/product_brand?post=6645"},{"taxonomy":"product_cat","embeddable":true,"href":"https:\/\/staging.bluebirdtourstravel.com\/es\/wp-json\/wp\/v2\/product_cat?post=6645"},{"taxonomy":"product_tag","embeddable":true,"href":"https:\/\/staging.bluebirdtourstravel.com\/es\/wp-json\/wp\/v2\/product_tag?post=6645"}],"curies":[{"name":"wp","href":"https:\/\/api.w.org\/{rel}","templated":true}]}}