{"id":6659,"date":"2025-03-21T16:10:47","date_gmt":"2025-03-21T16:10:47","guid":{"rendered":"https:\/\/bbtt.webdeveloperz.nl\/product\/aventura-en-la-laguna-de-kayak-san-martin\/"},"modified":"2026-01-30T13:13:38","modified_gmt":"2026-01-30T13:13:38","slug":"aventura-en-la-laguna-de-kayak-san-martin","status":"publish","type":"product","link":"https:\/\/staging.bluebirdtourstravel.com\/es\/producto\/aventura-en-la-laguna-de-kayak-san-martin\/","title":{"rendered":"Aventura en la Laguna de Kayak (San Mart\u00edn)"},"content":{"rendered":"<section class=\"activity-description\">En esta expedici\u00f3n guiada de kayak, explora la mayor laguna de agua salada de las Antillas de forma activa y relajada. Desde la playa Kim Sha en la bah\u00eda de Simpson, tras una breve instrucci\u00f3n, emprendr\u00e1s un suave remodo a trav\u00e9s de la vasta agua. Acompa\u00f1ado por un gu\u00eda experimentado, navegar\u00e1s junto a lugares especiales y aprender\u00e1s m\u00e1s sobre la ubicaci\u00f3n \u00fanica de la isla, incluyendo la simb\u00f3lica frontera fluvial entre las partes holandesa y francesa. Por el camino, habr\u00e1 tiempo para hacer una pausa, relajarse y escuchar historias sobre la rica historia y el fr\u00e1gil ecosistema de la laguna. Tras regresar a la playa de Kim Sha, terminar\u00e1s el tour con un refrescante ba\u00f1o en el mar y una bebida relajante, haciendo que la experiencia natural y la relajaci\u00f3n se combinen a la perfecci\u00f3n.    <\/section>\n","protected":false},"excerpt":{"rendered":"<p>En esta expedici\u00f3n guiada de kayak, explora la mayor laguna de agua salada de las Antillas de forma activa y [&hellip;]<\/p>\n","protected":false},"featured_media":5268,"comment_status":"closed","ping_status":"closed","template":"","meta":{"_acf_changed":false,"site-sidebar-layout":"default","site-content-layout":"","ast-site-content-layout":"default","site-content-style":"default","site-sidebar-style":"default","ast-global-header-display":"","ast-banner-title-visibility":"","ast-main-header-display":"","ast-hfb-above-header-display":"","ast-hfb-below-header-display":"","ast-hfb-mobile-header-display":"","site-post-title":"","ast-breadcrumbs-content":"","ast-featured-img":"","footer-sml-layout":"","ast-disable-related-posts":"","theme-transparent-header-meta":"","adv-header-id-meta":"","stick-header-meta":"","header-above-stick-meta":"","header-main-stick-meta":"","header-below-stick-meta":"","astra-migrate-meta-layouts":"default","ast-page-background-enabled":"default","ast-page-background-meta":{"desktop":{"background-color":"var(--ast-global-color-4)","background-image":"","background-repeat":"repeat","background-position":"center center","background-size":"auto","background-attachment":"scroll","background-type":"","background-media":"","overlay-type":"","overlay-color":"","overlay-opacity":"","overlay-gradient":""},"tablet":{"background-color":"","background-image":"","background-repeat":"repeat","background-position":"center center","background-size":"auto","background-attachment":"scroll","background-type":"","background-media":"","overlay-type":"","overlay-color":"","overlay-opacity":"","overlay-gradient":""},"mobile":{"background-color":"","background-image":"","background-repeat":"repeat","background-position":"center center","background-size":"auto","background-attachment":"scroll","background-type":"","background-media":"","overlay-type":"","overlay-color":"","overlay-opacity":"","overlay-gradient":""}},"ast-content-background-meta":{"desktop":{"background-color":"var(--ast-global-color-5)","background-image":"","background-repeat":"repeat","background-position":"center center","background-size":"auto","background-attachment":"scroll","background-type":"","background-media":"","overlay-type":"","overlay-color":"","overlay-opacity":"","overlay-gradient":""},"tablet":{"background-color":"var(--ast-global-color-5)","background-image":"","background-repeat":"repeat","background-position":"center center","background-size":"auto","background-attachment":"scroll","background-type":"","background-media":"","overlay-type":"","overlay-color":"","overlay-opacity":"","overlay-gradient":""},"mobile":{"background-color":"var(--ast-global-color-5)","background-image":"","background-repeat":"repeat","background-position":"center center","background-size":"auto","background-attachment":"scroll","background-type":"","background-media":"","overlay-type":"","overlay-color":"","overlay-opacity":"","overlay-gradient":""}}},"activiteit-bron":[576,584],"product_brand":[],"product_cat":[211,522],"product_tag":[135,485,137,479,138,212],"class_list":{"0":"post-6659","1":"product","2":"type-product","3":"status-publish","4":"has-post-thumbnail","6":"activiteit-bron-eigen-netwerk","7":"activiteit-bron-propia-red-sint-maarten","8":"product_cat-actividades-al-aire-libre","9":"product_cat-san-martin","10":"product_tag-actividades","11":"product_tag-actividades-al-aire-libre-en-san-martin","12":"product_tag-aire-acondicionado","13":"product_tag-kayaks-en-san-martin","14":"product_tag-naturaleza","15":"product_tag-san-martin","16":"desktop-align-left","17":"tablet-align-left","18":"mobile-align-left","20":"first","21":"instock","22":"featured","23":"virtual","24":"purchasable","25":"product-type-simple"},"acf":[],"_links":{"self":[{"href":"https:\/\/staging.bluebirdtourstravel.com\/es\/wp-json\/wp\/v2\/product\/6659","targetHints":{"allow":["GET"]}}],"collection":[{"href":"https:\/\/staging.bluebirdtourstravel.com\/es\/wp-json\/wp\/v2\/product"}],"about":[{"href":"https:\/\/staging.bluebirdtourstravel.com\/es\/wp-json\/wp\/v2\/types\/product"}],"replies":[{"embeddable":true,"href":"https:\/\/staging.bluebirdtourstravel.com\/es\/wp-json\/wp\/v2\/comments?post=6659"}],"wp:featuredmedia":[{"embeddable":true,"href":"https:\/\/staging.bluebirdtourstravel.com\/es\/wp-json\/wp\/v2\/media\/5268"}],"wp:attachment":[{"href":"https:\/\/staging.bluebirdtourstravel.com\/es\/wp-json\/wp\/v2\/media?parent=6659"}],"wp:term":[{"taxonomy":"activiteit-bron","embeddable":true,"href":"https:\/\/staging.bluebirdtourstravel.com\/es\/wp-json\/wp\/v2\/activiteit-bron?post=6659"},{"taxonomy":"product_brand","embeddable":true,"href":"https:\/\/staging.bluebirdtourstravel.com\/es\/wp-json\/wp\/v2\/product_brand?post=6659"},{"taxonomy":"product_cat","embeddable":true,"href":"https:\/\/staging.bluebirdtourstravel.com\/es\/wp-json\/wp\/v2\/product_cat?post=6659"},{"taxonomy":"product_tag","embeddable":true,"href":"https:\/\/staging.bluebirdtourstravel.com\/es\/wp-json\/wp\/v2\/product_tag?post=6659"}],"curies":[{"name":"wp","href":"https:\/\/api.w.org\/{rel}","templated":true}]}}