{"id":6666,"date":"2024-10-10T23:42:47","date_gmt":"2024-10-10T23:42:47","guid":{"rendered":"https:\/\/bbtt.webdeveloperz.nl\/product\/excursion-por-la-playa-y-las-cuevas-aruba\/"},"modified":"2026-02-18T09:20:38","modified_gmt":"2026-02-18T09:20:38","slug":"excursion-por-la-playa-y-las-cuevas-aruba","status":"publish","type":"product","link":"https:\/\/staging.bluebirdtourstravel.com\/es\/producto\/excursion-por-la-playa-y-las-cuevas-aruba\/","title":{"rendered":"Excursi\u00f3n por la playa y las cuevas (Aruba)"},"content":{"rendered":"<section class=\"activity-description\">En este completo recorrido por la isla, descubrir\u00e1s Aruba en toda su versatilidad, acompa\u00f1ado por un gu\u00eda local amable y conocedor que dar\u00e1 vida a la isla con historias fascinantes, leyendas populares y datos especiales. En un c\u00f3modo autob\u00fas al aire libre, viajar\u00e1s por costas escarpadas, playas amplias y paisajes ic\u00f3nicos, todo ello mientras disfrutas de una atenci\u00f3n personalizada y un ambiente relajado adecuado para todas las edades. El tour combina naturaleza, cultura e historia, y te muestra tanto lugares conocidos como lugares menos visitados. Desde impresionantes formaciones rocosas y cuevas misteriosas hasta ruinas hist\u00f3ricas y vistas panor\u00e1micas de la costa norte, esta experiencia ofrece una imagen completa de Aruba. El d\u00eda terminar\u00e1 de forma relajada en una de las playas m\u00e1s bonitas de la isla, donde podr\u00e1s nadar y disfrutar de las aguas claras.    <\/section>\n","protected":false},"excerpt":{"rendered":"<p>En este completo recorrido por la isla, descubrir\u00e1s Aruba en toda su versatilidad, acompa\u00f1ado por un gu\u00eda local amable y [&hellip;]<\/p>\n","protected":false},"featured_media":5218,"comment_status":"closed","ping_status":"closed","template":"","meta":{"_acf_changed":false,"site-sidebar-layout":"default","site-content-layout":"","ast-site-content-layout":"default","site-content-style":"default","site-sidebar-style":"default","ast-global-header-display":"","ast-banner-title-visibility":"","ast-main-header-display":"","ast-hfb-above-header-display":"","ast-hfb-below-header-display":"","ast-hfb-mobile-header-display":"","site-post-title":"","ast-breadcrumbs-content":"","ast-featured-img":"","footer-sml-layout":"","ast-disable-related-posts":"","theme-transparent-header-meta":"default","adv-header-id-meta":"","stick-header-meta":"","header-above-stick-meta":"","header-main-stick-meta":"","header-below-stick-meta":"","astra-migrate-meta-layouts":"default","ast-page-background-enabled":"default","ast-page-background-meta":{"desktop":{"background-color":"var(--ast-global-color-4)","background-image":"","background-repeat":"repeat","background-position":"center center","background-size":"auto","background-attachment":"scroll","background-type":"","background-media":"","overlay-type":"","overlay-color":"","overlay-opacity":"","overlay-gradient":""},"tablet":{"background-color":"","background-image":"","background-repeat":"repeat","background-position":"center center","background-size":"auto","background-attachment":"scroll","background-type":"","background-media":"","overlay-type":"","overlay-color":"","overlay-opacity":"","overlay-gradient":""},"mobile":{"background-color":"","background-image":"","background-repeat":"repeat","background-position":"center center","background-size":"auto","background-attachment":"scroll","background-type":"","background-media":"","overlay-type":"","overlay-color":"","overlay-opacity":"","overlay-gradient":""}},"ast-content-background-meta":{"desktop":{"background-color":"var(--ast-global-color-5)","background-image":"","background-repeat":"repeat","background-position":"center center","background-size":"auto","background-attachment":"scroll","background-type":"","background-media":"","overlay-type":"","overlay-color":"","overlay-opacity":"","overlay-gradient":""},"tablet":{"background-color":"var(--ast-global-color-5)","background-image":"","background-repeat":"repeat","background-position":"center center","background-size":"auto","background-attachment":"scroll","background-type":"","background-media":"","overlay-type":"","overlay-color":"","overlay-opacity":"","overlay-gradient":""},"mobile":{"background-color":"var(--ast-global-color-5)","background-image":"","background-repeat":"repeat","background-position":"center center","background-size":"auto","background-attachment":"scroll","background-type":"","background-media":"","overlay-type":"","overlay-color":"","overlay-opacity":"","overlay-gradient":""}}},"activiteit-bron":[576,582],"product_brand":[],"product_cat":[181,214],"product_tag":[135,136,182,246],"class_list":{"0":"post-6666","1":"product","2":"type-product","3":"status-publish","4":"has-post-thumbnail","6":"activiteit-bron-eigen-netwerk","7":"activiteit-bron-propia-red-aruba","8":"product_cat-aruba-es","9":"product_cat-cuevas","10":"product_tag-actividades","11":"product_tag-apto-para-ninos","12":"product_tag-aruba-es","13":"product_tag-excursiones-en-aruba","14":"desktop-align-left","15":"tablet-align-left","16":"mobile-align-left","18":"first","19":"instock","20":"featured","21":"purchasable","22":"product-type-variable","23":"has-default-attributes"},"acf":[],"_links":{"self":[{"href":"https:\/\/staging.bluebirdtourstravel.com\/es\/wp-json\/wp\/v2\/product\/6666","targetHints":{"allow":["GET"]}}],"collection":[{"href":"https:\/\/staging.bluebirdtourstravel.com\/es\/wp-json\/wp\/v2\/product"}],"about":[{"href":"https:\/\/staging.bluebirdtourstravel.com\/es\/wp-json\/wp\/v2\/types\/product"}],"replies":[{"embeddable":true,"href":"https:\/\/staging.bluebirdtourstravel.com\/es\/wp-json\/wp\/v2\/comments?post=6666"}],"wp:featuredmedia":[{"embeddable":true,"href":"https:\/\/staging.bluebirdtourstravel.com\/es\/wp-json\/wp\/v2\/media\/5218"}],"wp:attachment":[{"href":"https:\/\/staging.bluebirdtourstravel.com\/es\/wp-json\/wp\/v2\/media?parent=6666"}],"wp:term":[{"taxonomy":"activiteit-bron","embeddable":true,"href":"https:\/\/staging.bluebirdtourstravel.com\/es\/wp-json\/wp\/v2\/activiteit-bron?post=6666"},{"taxonomy":"product_brand","embeddable":true,"href":"https:\/\/staging.bluebirdtourstravel.com\/es\/wp-json\/wp\/v2\/product_brand?post=6666"},{"taxonomy":"product_cat","embeddable":true,"href":"https:\/\/staging.bluebirdtourstravel.com\/es\/wp-json\/wp\/v2\/product_cat?post=6666"},{"taxonomy":"product_tag","embeddable":true,"href":"https:\/\/staging.bluebirdtourstravel.com\/es\/wp-json\/wp\/v2\/product_tag?post=6666"}],"curies":[{"name":"wp","href":"https:\/\/api.w.org\/{rel}","templated":true}]}}