{"id":6667,"date":"2024-10-11T00:16:22","date_gmt":"2024-10-11T00:16:22","guid":{"rendered":"https:\/\/bbtt.webdeveloperz.nl\/product\/safari-en-todoterreno-por-mangel-halto-y-baby-beach-aruba\/"},"modified":"2026-03-27T08:28:02","modified_gmt":"2026-03-27T08:28:02","slug":"safari-en-todoterreno-por-mangel-halto-y-baby-beach-aruba","status":"publish","type":"product","link":"https:\/\/staging.bluebirdtourstravel.com\/es\/producto\/safari-en-todoterreno-por-mangel-halto-y-baby-beach-aruba\/","title":{"rendered":"Safari en todoterreno por Mangel Halto y Baby Beach (Aruba)"},"content":{"rendered":"<section class=\"activity-description\">En este completo recorrido por islas en 4&#215;4, descubrir\u00e1s la isla caribe\u00f1a de costa a costa acompa\u00f1ado por un gu\u00eda profesional. En un robusto Jeep Wrangler, exploras zonas tanto accidentadas como pintorescas que son dif\u00edciles de alcanzar con transporte habitual. A lo largo del camino experimentar\u00e1s un programa variado en el que naturaleza, cultura y relajaci\u00f3n se unen. Visitar\u00e1s lugares emblem\u00e1ticos a lo largo de la costa, te familiarizar\u00e1s con el colorido arte urbano y disfrutar\u00e1s de lugares especiales para nadar y hacer esn\u00f3rquel por los que la isla es conocida. La visita se completa con un almuerzo reci\u00e9n hecho a la parrilla en un lugar atmosf\u00e9rico. Esta experiencia ofrece una combinaci\u00f3n ideal de aventura, turismo y diversi\u00f3n, perfecta para viajeros que quieren obtener una visi\u00f3n completa de la isla en poco tiempo.     <\/section>\n","protected":false},"excerpt":{"rendered":"<p>En este completo recorrido por islas en 4&#215;4, descubrir\u00e1s la isla caribe\u00f1a de costa a costa acompa\u00f1ado por un gu\u00eda [&hellip;]<\/p>\n","protected":false},"featured_media":5236,"comment_status":"closed","ping_status":"closed","template":"","meta":{"_acf_changed":false,"site-sidebar-layout":"default","site-content-layout":"","ast-site-content-layout":"default","site-content-style":"default","site-sidebar-style":"default","ast-global-header-display":"","ast-banner-title-visibility":"","ast-main-header-display":"","ast-hfb-above-header-display":"","ast-hfb-below-header-display":"","ast-hfb-mobile-header-display":"","site-post-title":"","ast-breadcrumbs-content":"","ast-featured-img":"","footer-sml-layout":"","ast-disable-related-posts":"","theme-transparent-header-meta":"default","adv-header-id-meta":"","stick-header-meta":"","header-above-stick-meta":"","header-main-stick-meta":"","header-below-stick-meta":"","astra-migrate-meta-layouts":"default","ast-page-background-enabled":"default","ast-page-background-meta":{"desktop":{"background-color":"var(--ast-global-color-4)","background-image":"","background-repeat":"repeat","background-position":"center center","background-size":"auto","background-attachment":"scroll","background-type":"","background-media":"","overlay-type":"","overlay-color":"","overlay-opacity":"","overlay-gradient":""},"tablet":{"background-color":"","background-image":"","background-repeat":"repeat","background-position":"center center","background-size":"auto","background-attachment":"scroll","background-type":"","background-media":"","overlay-type":"","overlay-color":"","overlay-opacity":"","overlay-gradient":""},"mobile":{"background-color":"","background-image":"","background-repeat":"repeat","background-position":"center center","background-size":"auto","background-attachment":"scroll","background-type":"","background-media":"","overlay-type":"","overlay-color":"","overlay-opacity":"","overlay-gradient":""}},"ast-content-background-meta":{"desktop":{"background-color":"var(--ast-global-color-5)","background-image":"","background-repeat":"repeat","background-position":"center center","background-size":"auto","background-attachment":"scroll","background-type":"","background-media":"","overlay-type":"","overlay-color":"","overlay-opacity":"","overlay-gradient":""},"tablet":{"background-color":"var(--ast-global-color-5)","background-image":"","background-repeat":"repeat","background-position":"center center","background-size":"auto","background-attachment":"scroll","background-type":"","background-media":"","overlay-type":"","overlay-color":"","overlay-opacity":"","overlay-gradient":""},"mobile":{"background-color":"var(--ast-global-color-5)","background-image":"","background-repeat":"repeat","background-position":"center center","background-size":"auto","background-attachment":"scroll","background-type":"","background-media":"","overlay-type":"","overlay-color":"","overlay-opacity":"","overlay-gradient":""}}},"activiteit-bron":[576,582],"product_brand":[],"product_cat":[181,154,214],"product_tag":[135,136,182,246,383],"class_list":{"0":"post-6667","1":"product","2":"type-product","3":"status-publish","4":"has-post-thumbnail","6":"activiteit-bron-eigen-netwerk","7":"activiteit-bron-propia-red-aruba","8":"product_cat-aruba-es","9":"product_cat-buceo-y-snorkel","10":"product_cat-cuevas","11":"product_tag-actividades","12":"product_tag-apto-para-ninos","13":"product_tag-aruba-es","14":"product_tag-excursiones-en-aruba","15":"product_tag-snorkel-en-aruba","16":"desktop-align-left","17":"tablet-align-left","18":"mobile-align-left","20":"first","21":"instock","22":"featured","23":"purchasable","24":"product-type-variable","25":"has-default-attributes"},"acf":[],"_links":{"self":[{"href":"https:\/\/staging.bluebirdtourstravel.com\/es\/wp-json\/wp\/v2\/product\/6667","targetHints":{"allow":["GET"]}}],"collection":[{"href":"https:\/\/staging.bluebirdtourstravel.com\/es\/wp-json\/wp\/v2\/product"}],"about":[{"href":"https:\/\/staging.bluebirdtourstravel.com\/es\/wp-json\/wp\/v2\/types\/product"}],"replies":[{"embeddable":true,"href":"https:\/\/staging.bluebirdtourstravel.com\/es\/wp-json\/wp\/v2\/comments?post=6667"}],"wp:featuredmedia":[{"embeddable":true,"href":"https:\/\/staging.bluebirdtourstravel.com\/es\/wp-json\/wp\/v2\/media\/5236"}],"wp:attachment":[{"href":"https:\/\/staging.bluebirdtourstravel.com\/es\/wp-json\/wp\/v2\/media?parent=6667"}],"wp:term":[{"taxonomy":"activiteit-bron","embeddable":true,"href":"https:\/\/staging.bluebirdtourstravel.com\/es\/wp-json\/wp\/v2\/activiteit-bron?post=6667"},{"taxonomy":"product_brand","embeddable":true,"href":"https:\/\/staging.bluebirdtourstravel.com\/es\/wp-json\/wp\/v2\/product_brand?post=6667"},{"taxonomy":"product_cat","embeddable":true,"href":"https:\/\/staging.bluebirdtourstravel.com\/es\/wp-json\/wp\/v2\/product_cat?post=6667"},{"taxonomy":"product_tag","embeddable":true,"href":"https:\/\/staging.bluebirdtourstravel.com\/es\/wp-json\/wp\/v2\/product_tag?post=6667"}],"curies":[{"name":"wp","href":"https:\/\/api.w.org\/{rel}","templated":true}]}}