{"id":6684,"date":"2024-08-29T21:10:48","date_gmt":"2024-08-29T21:10:48","guid":{"rendered":"https:\/\/bbtt.webdeveloperz.nl\/product\/3-dias-bigi-pan-akira-overwater-resort-surinam\/"},"modified":"2026-03-26T14:39:41","modified_gmt":"2026-03-26T14:39:41","slug":"3-dias-bigi-pan-akira-overwater-resort-surinam","status":"publish","type":"product","link":"https:\/\/staging.bluebirdtourstravel.com\/es\/producto\/3-dias-bigi-pan-akira-overwater-resort-surinam\/","title":{"rendered":"3 D\u00edas Bigi Pan Akira Overwater Resort (Surinam)"},"content":{"rendered":"<section class=\"activity-description\">La experiencia natural de Bigi Pan es un tour de descubrimiento de varios d\u00edas por una de las zonas m\u00e1s impresionantes y rica en aves de Surinam, situada en la costa oeste. Desde el c\u00f3modo Akira Overwater Resort, explora las vastas lagunas, manglares y humedales de Bigi Pan en una peque\u00f1a embarcaci\u00f3n. Esta reserva natural \u00fanica es conocida por su enorme biodiversidad y es un verdadero para\u00edso para los amantes de las aves, siendo el emblem\u00e1tico emblem\u00e1tico ibis rojo. Te alojar\u00e1s en atractivos lodges sobre el agua donde la paz, la naturaleza y el lujo se unen, y disfrutar\u00e1s de vistas panor\u00e1micas desde tu propia veranda. Durante la estancia, observar aves, animales salvajes y disfrutar del sereno silencio de este paisaje especial es central. No es posible nadar aqu\u00ed, pero la intensidad de la experiencia natural convierte este viaje en una experiencia inolvidable para los amantes de la naturaleza.     <\/section>\n","protected":false},"excerpt":{"rendered":"<p>La experiencia natural de Bigi Pan es un tour de descubrimiento de varios d\u00edas por una de las zonas m\u00e1s [&hellip;]<\/p>\n","protected":false},"featured_media":5156,"comment_status":"closed","ping_status":"closed","template":"","meta":{"_acf_changed":false,"site-sidebar-layout":"default","site-content-layout":"","ast-site-content-layout":"default","site-content-style":"default","site-sidebar-style":"default","ast-global-header-display":"","ast-banner-title-visibility":"","ast-main-header-display":"","ast-hfb-above-header-display":"","ast-hfb-below-header-display":"","ast-hfb-mobile-header-display":"","site-post-title":"","ast-breadcrumbs-content":"","ast-featured-img":"","footer-sml-layout":"","ast-disable-related-posts":"","theme-transparent-header-meta":"default","adv-header-id-meta":"","stick-header-meta":"","header-above-stick-meta":"","header-main-stick-meta":"","header-below-stick-meta":"","astra-migrate-meta-layouts":"default","ast-page-background-enabled":"default","ast-page-background-meta":{"desktop":{"background-color":"var(--ast-global-color-4)","background-image":"","background-repeat":"repeat","background-position":"center center","background-size":"auto","background-attachment":"scroll","background-type":"","background-media":"","overlay-type":"","overlay-color":"","overlay-opacity":"","overlay-gradient":""},"tablet":{"background-color":"","background-image":"","background-repeat":"repeat","background-position":"center center","background-size":"auto","background-attachment":"scroll","background-type":"","background-media":"","overlay-type":"","overlay-color":"","overlay-opacity":"","overlay-gradient":""},"mobile":{"background-color":"","background-image":"","background-repeat":"repeat","background-position":"center center","background-size":"auto","background-attachment":"scroll","background-type":"","background-media":"","overlay-type":"","overlay-color":"","overlay-opacity":"","overlay-gradient":""}},"ast-content-background-meta":{"desktop":{"background-color":"var(--ast-global-color-5)","background-image":"","background-repeat":"repeat","background-position":"center center","background-size":"auto","background-attachment":"scroll","background-type":"","background-media":"","overlay-type":"","overlay-color":"","overlay-opacity":"","overlay-gradient":""},"tablet":{"background-color":"var(--ast-global-color-5)","background-image":"","background-repeat":"repeat","background-position":"center center","background-size":"auto","background-attachment":"scroll","background-type":"","background-media":"","overlay-type":"","overlay-color":"","overlay-opacity":"","overlay-gradient":""},"mobile":{"background-color":"var(--ast-global-color-5)","background-image":"","background-repeat":"repeat","background-position":"center center","background-size":"auto","background-attachment":"scroll","background-type":"","background-media":"","overlay-type":"","overlay-color":"","overlay-opacity":"","overlay-gradient":""}}},"activiteit-bron":[576,580],"product_brand":[],"product_cat":[132,144],"product_tag":[135,140,158,451,449,467,138,466,146,141],"class_list":{"0":"post-6684","1":"product","2":"type-product","3":"status-publish","4":"has-post-thumbnail","6":"activiteit-bron-eigen-netwerk","7":"activiteit-bron-propia-red-surinam","8":"product_cat-naturaleza-y-cultura","9":"product_cat-surinam","10":"product_tag-actividades","11":"product_tag-aventurero","12":"product_tag-deportes-acuaticos","13":"product_tag-deportes-acuaticos-en-surinam","14":"product_tag-excursiones-en-barco-por-surinam","15":"product_tag-excursiones-en-surinam","16":"product_tag-naturaleza","17":"product_tag-naturaleza-en-surinam","18":"product_tag-surinam","19":"product_tag-viajes-en-barco","20":"desktop-align-left","21":"tablet-align-left","22":"mobile-align-left","24":"first","25":"instock","26":"featured","27":"virtual","28":"purchasable","29":"product-type-simple"},"acf":[],"_links":{"self":[{"href":"https:\/\/staging.bluebirdtourstravel.com\/es\/wp-json\/wp\/v2\/product\/6684","targetHints":{"allow":["GET"]}}],"collection":[{"href":"https:\/\/staging.bluebirdtourstravel.com\/es\/wp-json\/wp\/v2\/product"}],"about":[{"href":"https:\/\/staging.bluebirdtourstravel.com\/es\/wp-json\/wp\/v2\/types\/product"}],"replies":[{"embeddable":true,"href":"https:\/\/staging.bluebirdtourstravel.com\/es\/wp-json\/wp\/v2\/comments?post=6684"}],"wp:featuredmedia":[{"embeddable":true,"href":"https:\/\/staging.bluebirdtourstravel.com\/es\/wp-json\/wp\/v2\/media\/5156"}],"wp:attachment":[{"href":"https:\/\/staging.bluebirdtourstravel.com\/es\/wp-json\/wp\/v2\/media?parent=6684"}],"wp:term":[{"taxonomy":"activiteit-bron","embeddable":true,"href":"https:\/\/staging.bluebirdtourstravel.com\/es\/wp-json\/wp\/v2\/activiteit-bron?post=6684"},{"taxonomy":"product_brand","embeddable":true,"href":"https:\/\/staging.bluebirdtourstravel.com\/es\/wp-json\/wp\/v2\/product_brand?post=6684"},{"taxonomy":"product_cat","embeddable":true,"href":"https:\/\/staging.bluebirdtourstravel.com\/es\/wp-json\/wp\/v2\/product_cat?post=6684"},{"taxonomy":"product_tag","embeddable":true,"href":"https:\/\/staging.bluebirdtourstravel.com\/es\/wp-json\/wp\/v2\/product_tag?post=6684"}],"curies":[{"name":"wp","href":"https:\/\/api.w.org\/{rel}","templated":true}]}}