{"id":6700,"date":"2024-08-25T22:26:37","date_gmt":"2024-08-25T22:26:37","guid":{"rendered":"https:\/\/bbtt.webdeveloperz.nl\/product\/plantacion-bakkie-commewijne-excursion-de-un-dia\/"},"modified":"2026-03-26T14:44:02","modified_gmt":"2026-03-26T14:44:02","slug":"plantacion-bakkie-commewijne-excursion-de-un-dia","status":"publish","type":"product","link":"https:\/\/staging.bluebirdtourstravel.com\/es\/producto\/plantacion-bakkie-commewijne-excursion-de-un-dia\/","title":{"rendered":"Plantaci\u00f3n Bakkie Commewijne Excursi\u00f3n de un d\u00eda"},"content":{"rendered":"<section class=\"activity-description\">La excursi\u00f3n de un d\u00eda a Reynsdorp, m\u00e1s conocida como Bakkie, te lleva a una de las plantaciones de caf\u00e9 m\u00e1s aut\u00e9nticas de Surinam, situada a orillas del arroyo Matapica en el distrito de Commewijne. Este lugar hist\u00f3rico fue en su d\u00eda una plantaci\u00f3n pr\u00f3spera y ha sido cuidadosamente transformado en un complejo tur\u00edstico atractivo y de peque\u00f1a escala por descendientes de los propietarios originales. Durante esta experiencia, te introducir\u00e1n el rico pasado de la plantaci\u00f3n, donde la historia y la naturaleza se unen. Una parte especial de la visita es el Museo Bakkie, creado tras el hallazgo de valiosos artefactos hist\u00f3ricos durante la excavaci\u00f3n del arroyo Warappa. Mientras paseas por los terrenos y visitas el museo, revivir\u00e1s de forma \u00fanica la vida y las historias de una \u00e9poca pasada, rodeado de tranquilidad, vegetaci\u00f3n y patrimonio cultural.    <\/section>\n","protected":false},"excerpt":{"rendered":"<p>La excursi\u00f3n de un d\u00eda a Reynsdorp, m\u00e1s conocida como Bakkie, te lleva a una de las plantaciones de caf\u00e9 [&hellip;]<\/p>\n","protected":false},"featured_media":4976,"comment_status":"closed","ping_status":"closed","template":"","meta":{"_acf_changed":false,"site-sidebar-layout":"default","site-content-layout":"","ast-site-content-layout":"default","site-content-style":"default","site-sidebar-style":"default","ast-global-header-display":"","ast-banner-title-visibility":"","ast-main-header-display":"","ast-hfb-above-header-display":"","ast-hfb-below-header-display":"","ast-hfb-mobile-header-display":"","site-post-title":"","ast-breadcrumbs-content":"","ast-featured-img":"","footer-sml-layout":"","ast-disable-related-posts":"","theme-transparent-header-meta":"default","adv-header-id-meta":"","stick-header-meta":"","header-above-stick-meta":"","header-main-stick-meta":"","header-below-stick-meta":"","astra-migrate-meta-layouts":"default","ast-page-background-enabled":"default","ast-page-background-meta":{"desktop":{"background-color":"var(--ast-global-color-4)","background-image":"","background-repeat":"repeat","background-position":"center center","background-size":"auto","background-attachment":"scroll","background-type":"","background-media":"","overlay-type":"","overlay-color":"","overlay-opacity":"","overlay-gradient":""},"tablet":{"background-color":"","background-image":"","background-repeat":"repeat","background-position":"center center","background-size":"auto","background-attachment":"scroll","background-type":"","background-media":"","overlay-type":"","overlay-color":"","overlay-opacity":"","overlay-gradient":""},"mobile":{"background-color":"","background-image":"","background-repeat":"repeat","background-position":"center center","background-size":"auto","background-attachment":"scroll","background-type":"","background-media":"","overlay-type":"","overlay-color":"","overlay-opacity":"","overlay-gradient":""}},"ast-content-background-meta":{"desktop":{"background-color":"var(--ast-global-color-5)","background-image":"","background-repeat":"repeat","background-position":"center center","background-size":"auto","background-attachment":"scroll","background-type":"","background-media":"","overlay-type":"","overlay-color":"","overlay-opacity":"","overlay-gradient":""},"tablet":{"background-color":"var(--ast-global-color-5)","background-image":"","background-repeat":"repeat","background-position":"center center","background-size":"auto","background-attachment":"scroll","background-type":"","background-media":"","overlay-type":"","overlay-color":"","overlay-opacity":"","overlay-gradient":""},"mobile":{"background-color":"var(--ast-global-color-5)","background-image":"","background-repeat":"repeat","background-position":"center center","background-size":"auto","background-attachment":"scroll","background-type":"","background-media":"","overlay-type":"","overlay-color":"","overlay-opacity":"","overlay-gradient":""}}},"activiteit-bron":[576,580],"product_brand":[],"product_cat":[132,144],"product_tag":[135,137,136,140,158,451,449,467,138,466,146,141],"class_list":{"0":"post-6700","1":"product","2":"type-product","3":"status-publish","4":"has-post-thumbnail","6":"activiteit-bron-eigen-netwerk","7":"activiteit-bron-propia-red-surinam","8":"product_cat-naturaleza-y-cultura","9":"product_cat-surinam","10":"product_tag-actividades","11":"product_tag-aire-acondicionado","12":"product_tag-apto-para-ninos","13":"product_tag-aventurero","14":"product_tag-deportes-acuaticos","15":"product_tag-deportes-acuaticos-en-surinam","16":"product_tag-excursiones-en-barco-por-surinam","17":"product_tag-excursiones-en-surinam","18":"product_tag-naturaleza","19":"product_tag-naturaleza-en-surinam","20":"product_tag-surinam","21":"product_tag-viajes-en-barco","22":"desktop-align-left","23":"tablet-align-left","24":"mobile-align-left","26":"first","27":"instock","28":"featured","29":"virtual","30":"purchasable","31":"product-type-simple"},"acf":[],"_links":{"self":[{"href":"https:\/\/staging.bluebirdtourstravel.com\/es\/wp-json\/wp\/v2\/product\/6700","targetHints":{"allow":["GET"]}}],"collection":[{"href":"https:\/\/staging.bluebirdtourstravel.com\/es\/wp-json\/wp\/v2\/product"}],"about":[{"href":"https:\/\/staging.bluebirdtourstravel.com\/es\/wp-json\/wp\/v2\/types\/product"}],"replies":[{"embeddable":true,"href":"https:\/\/staging.bluebirdtourstravel.com\/es\/wp-json\/wp\/v2\/comments?post=6700"}],"wp:featuredmedia":[{"embeddable":true,"href":"https:\/\/staging.bluebirdtourstravel.com\/es\/wp-json\/wp\/v2\/media\/4976"}],"wp:attachment":[{"href":"https:\/\/staging.bluebirdtourstravel.com\/es\/wp-json\/wp\/v2\/media?parent=6700"}],"wp:term":[{"taxonomy":"activiteit-bron","embeddable":true,"href":"https:\/\/staging.bluebirdtourstravel.com\/es\/wp-json\/wp\/v2\/activiteit-bron?post=6700"},{"taxonomy":"product_brand","embeddable":true,"href":"https:\/\/staging.bluebirdtourstravel.com\/es\/wp-json\/wp\/v2\/product_brand?post=6700"},{"taxonomy":"product_cat","embeddable":true,"href":"https:\/\/staging.bluebirdtourstravel.com\/es\/wp-json\/wp\/v2\/product_cat?post=6700"},{"taxonomy":"product_tag","embeddable":true,"href":"https:\/\/staging.bluebirdtourstravel.com\/es\/wp-json\/wp\/v2\/product_tag?post=6700"}],"curies":[{"name":"wp","href":"https:\/\/api.w.org\/{rel}","templated":true}]}}